{"id":4515,"date":"2023-09-22T18:25:10","date_gmt":"2023-09-22T18:25:10","guid":{"rendered":"https:\/\/www.cheapdiscordboost.com\/shop\/bez-kategorii\/discord-nitro\/"},"modified":"2023-09-22T18:25:10","modified_gmt":"2023-09-22T18:25:10","slug":"discord-nitro","status":"publish","type":"product","link":"https:\/\/www.cheapdiscordboost.com\/pl\/shop\/discord-nitro-pl\/discord-nitro\/","title":{"rendered":"Discord Nitro"},"content":{"rendered":"<div class=\"group w-full text-token-text-primary border-b border-black\/10 gizmo:border-0 dark:border-gray-900\/50 gizmo:dark:border-0 bg-gray-50 gizmo:bg-transparent dark:bg-[#444654] gizmo:dark:bg-transparent\" data-testid=\"conversation-turn-3\">\n<div class=\"p-4 justify-center text-base md:gap-6 md:py-6 m-auto\">\n<div class=\"flex flex-1 gap-4 text-base mx-auto md:gap-6 md:max-w-2xl lg:max-w-[38rem] xl:max-w-3xl }\">\n<div class=\"relative flex w-[calc(100%-50px)] flex-col gap-1 md:gap-3 lg:w-[calc(100%-115px)]\">\n<div class=\"flex flex-grow flex-col gap-3 max-w-full\">\n<div class=\"min-h-[20px] flex flex-col items-start gap-3 overflow-x-auto whitespace-pre-wrap break-words\">\n<div class=\"markdown prose w-full break-words dark:prose-invert light\">\n<p><strong>Odblokuj \u015bwiat korzy\u015bci dzi\u0119ki Discord Nitro Boost<\/strong><\/p>\n<p>Przenie\u015b swoje wra\u017cenia z Discorda na zupe\u0142nie nowy poziom dzi\u0119ki Discord Nitro Boost. Ta funkcja premium umo\u017cliwia do\u0142adowanie ulubionych serwer\u00f3w, dzi\u0119ki czemu czas sp\u0119dzony na Discordzie jest jeszcze przyjemniejszy i bardziej interaktywny.<\/p>\n<p><strong>Co oferuje Discord Nitro Boost?<\/strong><\/p>\n<ol>\n<li><strong>Ulepszone bonusy serwera:<\/strong> Wzmacniaj\u0105c serwer, przyczyniasz si\u0119 do jego rozwoju i sukcesu. Wzmocnione serwery ciesz\u0105 si\u0119 szeregiem korzy\u015bci, w tym wy\u017csz\u0105 jako\u015bci\u0105 d\u017awi\u0119ku, zwi\u0119kszon\u0105 pojemno\u015bci\u0105 serwera dla kana\u0142\u00f3w g\u0142osowych oraz mo\u017cliwo\u015bci\u0105 utworzenia niestandardowego adresu URL zaproszenia.<\/li>\n<li><strong>B\u0142yszcz\u0105ca odznaka serwera:<\/strong> Pochwal si\u0119 swoim wsparciem i zaanga\u017cowaniem dzi\u0119ki wyra\u017anej odznakom Nitro Boost, kt\u00f3ra pokazuje Tw\u00f3j wk\u0142ad na li\u015bcie cz\u0142onk\u00f3w serwera. To odznaka honorowa za twoje po\u015bwi\u0119cenie.<\/li>\n<li><strong>Ekskluzywny adres URL serwera:<\/strong> Spraw, aby Tw\u00f3j ulubiony serwer by\u0142 jeszcze bardziej dost\u0119pny dzi\u0119ki unikalnemu i \u0142atwemu do zapami\u0119tania adresowi URL. Podziel si\u0119 nim ze znajomymi, u\u0142atwiaj\u0105c im do\u0142\u0105czenie do spo\u0142eczno\u015bci.<\/li>\n<li><strong>Niestandardowe gniazda emotikon\u00f3w:<\/strong> Wzmocnione serwery mog\u0105 odblokowa\u0107 wi\u0119cej miejsc na niestandardowe emotikony, co pozwala na bardziej ekspresyjne i spersonalizowane rozmowy z szersz\u0105 gam\u0105 emocjonalnych ikon.<\/li>\n<li><strong>Banner serwera:<\/strong> Jako booster masz mo\u017cliwo\u015b\u0107 zaprojektowania i zaprezentowania banera serwera, dodaj\u0105c kreatywny akcent do wygl\u0105du serwera.<\/li>\n<li><strong>Animowana ikona serwera:<\/strong> O\u017cyw sw\u00f3j serwer za pomoc\u0105 animowanej ikony, kt\u00f3ra oddaje istot\u0119 Twojej spo\u0142eczno\u015bci.<\/li>\n<\/ol>\n<p><strong>Dlaczego warto wybra\u0107 nasz\u0105 subskrypcj\u0119 Discord Nitro:<\/strong><\/p>\n<ol>\n<li><strong>Zakup w\u0142asny:<\/strong> Nie musisz si\u0119 logowa\u0107; kup Discord Nitro bezproblemowo.<\/li>\n<li><strong>Ceny prawne i regionalne:<\/strong> Zdob\u0105d\u017a Discord Nitro legalnie w regionalnych cenach.<\/li>\n<li><strong>Bez ryzyka:<\/strong> Ciesz si\u0119 produktem w 100% wolnym od ryzyka bez \u017cadnych ogranicze\u0144.<\/li>\n<li><strong>Subskrypcja na 1 rok:<\/strong> To ca\u0142y rok Discord Nitro, a nie tylko prezent.<\/li>\n<li><strong>Bezpieczna p\u0142atno\u015b\u0107:<\/strong> Otrzymaj wirtualn\u0105 kart\u0119 kredytow\u0105 (VCC) z Turcji, aby dokonywa\u0107 bezpiecznych transakcji.<\/li>\n<li><strong>Wa\u017cno\u015b\u0107 globalna:<\/strong> Subskrypcja Discord Nitro jest wa\u017cna na ca\u0142ym \u015bwiecie.<\/li>\n<li><strong>1 rok gwarancji:<\/strong> Skorzystaj z kompleksowej 1-letniej gwarancji.<\/li>\n<li><strong>Szybka dostawa:<\/strong> Gwarantujemy dostaw\u0119 zakupu w ci\u0105gu 1-48 godzin lub pe\u0142ny zwrot pieni\u0119dzy.<\/li>\n<\/ol>\n<p>Dodatkowe uwagi:<\/p>\n<ul>\n<li>Ten produkt nie jest dost\u0119pny do zakupu, je\u015bli Nitro jest rozliczane za po\u015brednictwem Google Pay lub Apple Pay.<\/li>\n<li>Nie mo\u017cesz kupi\u0107 tego produktu, je\u015bli masz ju\u017c roczn\u0105 subskrypcj\u0119 Discord Nitro.<\/li>\n<li>Chcesz go kupi\u0107 znajomemu? Po prostu zapro\u015b ich na nasz serwer.<\/li>\n<\/ul>\n<p>W przypadku dalszych pyta\u0144 prosimy o kontakt z nami.<\/p>\n<\/div>\n<\/div>\n<\/div>\n<div class=\"flex justify-between lg:block\">\n<div class=\"text-gray-400 flex self-end lg:self-center justify-center mt-2 gap-2 md:gap-3 lg:gap-1 lg:absolute lg:top-0 lg:translate-x-full lg:right-0 lg:mt-0 lg:pl-2 visible\">\n<p>&nbsp;<\/p>\n<div class=\"flex gap-1\"><\/div>\n<\/div>\n<\/div>\n<\/div>\n<\/div>\n<\/div>\n<\/div>\n","protected":false},"excerpt":{"rendered":"<p>Odblokuj \u015bwiat korzy\u015bci dzi\u0119ki Discord Nitro Boost Przenie\u015b swoje wra\u017cenia z Discorda na zupe\u0142nie nowy poziom dzi\u0119ki Discord Nitro Boost.<\/p>\n","protected":false},"featured_media":3728,"template":"","meta":[],"product_brand":[],"product_cat":[216],"product_tag":[],"class_list":{"0":"post-4515","1":"product","2":"type-product","3":"status-publish","4":"has-post-thumbnail","6":"product_cat-discord-nitro-pl","8":"first","9":"instock","10":"sale","11":"shipping-taxable","12":"purchasable","13":"product-type-variable"},"yoast_head":"<!-- This site is optimized with the Yoast SEO plugin v27.2 - https:\/\/yoast.com\/product\/yoast-seo-wordpress\/ -->\n<title>Discord Nitro - Cheap Discord Boost - Be Smart Buying Cheaper Nitro<\/title>\n<meta name=\"description\" content=\"Co oferuje Discord Nitro Boost? Ulepszone korzy\u015bci serwera: Poprzez wzmocnienie serwera, b\u0142yszcz\u0105c\u0105 odznak\u0119 serwera, ekskluzywny adres URL ozdoby serwera i wi\u0119cej funkcji.\" \/>\n<meta name=\"robots\" content=\"index, follow, max-snippet:-1, max-image-preview:large, max-video-preview:-1\" \/>\n<link rel=\"canonical\" href=\"https:\/\/www.cheapdiscordboost.com\/pl\/shop\/discord-nitro-pl\/discord-nitro\/\" \/>\n<meta property=\"og:locale\" content=\"pl_PL\" \/>\n<meta property=\"og:type\" content=\"article\" \/>\n<meta property=\"og:title\" content=\"Discord Nitro - Cheap Discord Boost - Be Smart Buying Cheaper Nitro\" \/>\n<meta property=\"og:description\" content=\"Co oferuje Discord Nitro Boost? Ulepszone korzy\u015bci serwera: Poprzez wzmocnienie serwera, b\u0142yszcz\u0105c\u0105 odznak\u0119 serwera, ekskluzywny adres URL ozdoby serwera i wi\u0119cej funkcji.\" \/>\n<meta property=\"og:url\" content=\"https:\/\/www.cheapdiscordboost.com\/pl\/shop\/discord-nitro-pl\/discord-nitro\/\" \/>\n<meta property=\"og:site_name\" content=\"Cheap Discord Boost - Be Smart Buying Cheaper Nitro\" \/>\n<meta property=\"og:image\" content=\"https:\/\/www.cheapdiscordboost.com\/wp-content\/uploads\/2023\/09\/discord-nitro-boost-1.png\" \/>\n\t<meta property=\"og:image:width\" content=\"932\" \/>\n\t<meta property=\"og:image:height\" content=\"700\" \/>\n\t<meta property=\"og:image:type\" content=\"image\/png\" \/>\n<meta name=\"twitter:card\" content=\"summary_large_image\" \/>\n<meta name=\"twitter:label1\" content=\"Szacowany czas czytania\" \/>\n\t<meta name=\"twitter:data1\" content=\"2 minuty\" \/>\n<script type=\"application\/ld+json\" class=\"yoast-schema-graph\">{\"@context\":\"https:\/\/schema.org\",\"@graph\":[{\"@type\":\"WebPage\",\"@id\":\"https:\/\/www.cheapdiscordboost.com\/pl\/shop\/discord-nitro-pl\/discord-nitro\/\",\"url\":\"https:\/\/www.cheapdiscordboost.com\/pl\/shop\/discord-nitro-pl\/discord-nitro\/\",\"name\":\"Discord Nitro - Cheap Discord Boost - Be Smart Buying Cheaper Nitro\",\"isPartOf\":{\"@id\":\"https:\/\/www.cheapdiscordboost.com\/pl\/#website\"},\"primaryImageOfPage\":{\"@id\":\"https:\/\/www.cheapdiscordboost.com\/pl\/shop\/discord-nitro-pl\/discord-nitro\/#primaryimage\"},\"image\":{\"@id\":\"https:\/\/www.cheapdiscordboost.com\/pl\/shop\/discord-nitro-pl\/discord-nitro\/#primaryimage\"},\"thumbnailUrl\":\"https:\/\/www.cheapdiscordboost.com\/wp-content\/uploads\/2023\/09\/discord-nitro-boost-1.png\",\"datePublished\":\"2023-09-22T18:25:10+00:00\",\"description\":\"Co oferuje Discord Nitro Boost? Ulepszone korzy\u015bci serwera: Poprzez wzmocnienie serwera, b\u0142yszcz\u0105c\u0105 odznak\u0119 serwera, ekskluzywny adres URL ozdoby serwera i wi\u0119cej funkcji.\",\"breadcrumb\":{\"@id\":\"https:\/\/www.cheapdiscordboost.com\/pl\/shop\/discord-nitro-pl\/discord-nitro\/#breadcrumb\"},\"inLanguage\":\"pl-PL\",\"potentialAction\":[{\"@type\":\"ReadAction\",\"target\":[\"https:\/\/www.cheapdiscordboost.com\/pl\/shop\/discord-nitro-pl\/discord-nitro\/\"]}]},{\"@type\":\"ImageObject\",\"inLanguage\":\"pl-PL\",\"@id\":\"https:\/\/www.cheapdiscordboost.com\/pl\/shop\/discord-nitro-pl\/discord-nitro\/#primaryimage\",\"url\":\"https:\/\/www.cheapdiscordboost.com\/wp-content\/uploads\/2023\/09\/discord-nitro-boost-1.png\",\"contentUrl\":\"https:\/\/www.cheapdiscordboost.com\/wp-content\/uploads\/2023\/09\/discord-nitro-boost-1.png\",\"width\":932,\"height\":700},{\"@type\":\"BreadcrumbList\",\"@id\":\"https:\/\/www.cheapdiscordboost.com\/pl\/shop\/discord-nitro-pl\/discord-nitro\/#breadcrumb\",\"itemListElement\":[{\"@type\":\"ListItem\",\"position\":1,\"name\":\"Home\",\"item\":\"https:\/\/www.cheapdiscordboost.com\/pl\/\"},{\"@type\":\"ListItem\",\"position\":2,\"name\":\"Sklep\",\"item\":\"https:\/\/www.cheapdiscordboost.com\/pl\/sklep\/\"},{\"@type\":\"ListItem\",\"position\":3,\"name\":\"Discord Nitro\"}]},{\"@type\":\"WebSite\",\"@id\":\"https:\/\/www.cheapdiscordboost.com\/pl\/#website\",\"url\":\"https:\/\/www.cheapdiscordboost.com\/pl\/\",\"name\":\"Cheap Discord Boost - Be Smart Buying Cheaper Nitro\",\"description\":\"\",\"publisher\":{\"@id\":\"https:\/\/www.cheapdiscordboost.com\/pl\/#organization\"},\"potentialAction\":[{\"@type\":\"SearchAction\",\"target\":{\"@type\":\"EntryPoint\",\"urlTemplate\":\"https:\/\/www.cheapdiscordboost.com\/pl\/?s={search_term_string}\"},\"query-input\":{\"@type\":\"PropertyValueSpecification\",\"valueRequired\":true,\"valueName\":\"search_term_string\"}}],\"inLanguage\":\"pl-PL\"},{\"@type\":\"Organization\",\"@id\":\"https:\/\/www.cheapdiscordboost.com\/pl\/#organization\",\"name\":\"Cheap Discord Boost - Be Smart Buying Cheaper Nitro\",\"url\":\"https:\/\/www.cheapdiscordboost.com\/pl\/\",\"logo\":{\"@type\":\"ImageObject\",\"inLanguage\":\"pl-PL\",\"@id\":\"https:\/\/www.cheapdiscordboost.com\/pl\/#\/schema\/logo\/image\/\",\"url\":\"https:\/\/www.cheapdiscordboost.com\/wp-content\/uploads\/2023\/09\/logo.png\",\"contentUrl\":\"https:\/\/www.cheapdiscordboost.com\/wp-content\/uploads\/2023\/09\/logo.png\",\"width\":439,\"height\":40,\"caption\":\"Cheap Discord Boost - Be Smart Buying Cheaper Nitro\"},\"image\":{\"@id\":\"https:\/\/www.cheapdiscordboost.com\/pl\/#\/schema\/logo\/image\/\"}}]}<\/script>\n<!-- \/ Yoast SEO plugin. -->","yoast_head_json":{"title":"Discord Nitro - Cheap Discord Boost - Be Smart Buying Cheaper Nitro","description":"Co oferuje Discord Nitro Boost? Ulepszone korzy\u015bci serwera: Poprzez wzmocnienie serwera, b\u0142yszcz\u0105c\u0105 odznak\u0119 serwera, ekskluzywny adres URL ozdoby serwera i wi\u0119cej funkcji.","robots":{"index":"index","follow":"follow","max-snippet":"max-snippet:-1","max-image-preview":"max-image-preview:large","max-video-preview":"max-video-preview:-1"},"canonical":"https:\/\/www.cheapdiscordboost.com\/pl\/shop\/discord-nitro-pl\/discord-nitro\/","og_locale":"pl_PL","og_type":"article","og_title":"Discord Nitro - Cheap Discord Boost - Be Smart Buying Cheaper Nitro","og_description":"Co oferuje Discord Nitro Boost? Ulepszone korzy\u015bci serwera: Poprzez wzmocnienie serwera, b\u0142yszcz\u0105c\u0105 odznak\u0119 serwera, ekskluzywny adres URL ozdoby serwera i wi\u0119cej funkcji.","og_url":"https:\/\/www.cheapdiscordboost.com\/pl\/shop\/discord-nitro-pl\/discord-nitro\/","og_site_name":"Cheap Discord Boost - Be Smart Buying Cheaper Nitro","og_image":[{"width":932,"height":700,"url":"https:\/\/www.cheapdiscordboost.com\/wp-content\/uploads\/2023\/09\/discord-nitro-boost-1.png","type":"image\/png"}],"twitter_card":"summary_large_image","twitter_misc":{"Szacowany czas czytania":"2 minuty"},"schema":{"@context":"https:\/\/schema.org","@graph":[{"@type":"WebPage","@id":"https:\/\/www.cheapdiscordboost.com\/pl\/shop\/discord-nitro-pl\/discord-nitro\/","url":"https:\/\/www.cheapdiscordboost.com\/pl\/shop\/discord-nitro-pl\/discord-nitro\/","name":"Discord Nitro - Cheap Discord Boost - Be Smart Buying Cheaper Nitro","isPartOf":{"@id":"https:\/\/www.cheapdiscordboost.com\/pl\/#website"},"primaryImageOfPage":{"@id":"https:\/\/www.cheapdiscordboost.com\/pl\/shop\/discord-nitro-pl\/discord-nitro\/#primaryimage"},"image":{"@id":"https:\/\/www.cheapdiscordboost.com\/pl\/shop\/discord-nitro-pl\/discord-nitro\/#primaryimage"},"thumbnailUrl":"https:\/\/www.cheapdiscordboost.com\/wp-content\/uploads\/2023\/09\/discord-nitro-boost-1.png","datePublished":"2023-09-22T18:25:10+00:00","description":"Co oferuje Discord Nitro Boost? Ulepszone korzy\u015bci serwera: Poprzez wzmocnienie serwera, b\u0142yszcz\u0105c\u0105 odznak\u0119 serwera, ekskluzywny adres URL ozdoby serwera i wi\u0119cej funkcji.","breadcrumb":{"@id":"https:\/\/www.cheapdiscordboost.com\/pl\/shop\/discord-nitro-pl\/discord-nitro\/#breadcrumb"},"inLanguage":"pl-PL","potentialAction":[{"@type":"ReadAction","target":["https:\/\/www.cheapdiscordboost.com\/pl\/shop\/discord-nitro-pl\/discord-nitro\/"]}]},{"@type":"ImageObject","inLanguage":"pl-PL","@id":"https:\/\/www.cheapdiscordboost.com\/pl\/shop\/discord-nitro-pl\/discord-nitro\/#primaryimage","url":"https:\/\/www.cheapdiscordboost.com\/wp-content\/uploads\/2023\/09\/discord-nitro-boost-1.png","contentUrl":"https:\/\/www.cheapdiscordboost.com\/wp-content\/uploads\/2023\/09\/discord-nitro-boost-1.png","width":932,"height":700},{"@type":"BreadcrumbList","@id":"https:\/\/www.cheapdiscordboost.com\/pl\/shop\/discord-nitro-pl\/discord-nitro\/#breadcrumb","itemListElement":[{"@type":"ListItem","position":1,"name":"Home","item":"https:\/\/www.cheapdiscordboost.com\/pl\/"},{"@type":"ListItem","position":2,"name":"Sklep","item":"https:\/\/www.cheapdiscordboost.com\/pl\/sklep\/"},{"@type":"ListItem","position":3,"name":"Discord Nitro"}]},{"@type":"WebSite","@id":"https:\/\/www.cheapdiscordboost.com\/pl\/#website","url":"https:\/\/www.cheapdiscordboost.com\/pl\/","name":"Cheap Discord Boost - Be Smart Buying Cheaper Nitro","description":"","publisher":{"@id":"https:\/\/www.cheapdiscordboost.com\/pl\/#organization"},"potentialAction":[{"@type":"SearchAction","target":{"@type":"EntryPoint","urlTemplate":"https:\/\/www.cheapdiscordboost.com\/pl\/?s={search_term_string}"},"query-input":{"@type":"PropertyValueSpecification","valueRequired":true,"valueName":"search_term_string"}}],"inLanguage":"pl-PL"},{"@type":"Organization","@id":"https:\/\/www.cheapdiscordboost.com\/pl\/#organization","name":"Cheap Discord Boost - Be Smart Buying Cheaper Nitro","url":"https:\/\/www.cheapdiscordboost.com\/pl\/","logo":{"@type":"ImageObject","inLanguage":"pl-PL","@id":"https:\/\/www.cheapdiscordboost.com\/pl\/#\/schema\/logo\/image\/","url":"https:\/\/www.cheapdiscordboost.com\/wp-content\/uploads\/2023\/09\/logo.png","contentUrl":"https:\/\/www.cheapdiscordboost.com\/wp-content\/uploads\/2023\/09\/logo.png","width":439,"height":40,"caption":"Cheap Discord Boost - Be Smart Buying Cheaper Nitro"},"image":{"@id":"https:\/\/www.cheapdiscordboost.com\/pl\/#\/schema\/logo\/image\/"}}]}},"_links":{"self":[{"href":"https:\/\/www.cheapdiscordboost.com\/pl\/wp-json\/wp\/v2\/product\/4515","targetHints":{"allow":["GET"]}}],"collection":[{"href":"https:\/\/www.cheapdiscordboost.com\/pl\/wp-json\/wp\/v2\/product"}],"about":[{"href":"https:\/\/www.cheapdiscordboost.com\/pl\/wp-json\/wp\/v2\/types\/product"}],"version-history":[{"count":0,"href":"https:\/\/www.cheapdiscordboost.com\/pl\/wp-json\/wp\/v2\/product\/4515\/revisions"}],"wp:featuredmedia":[{"embeddable":true,"href":"https:\/\/www.cheapdiscordboost.com\/pl\/wp-json\/wp\/v2\/media\/3728"}],"wp:attachment":[{"href":"https:\/\/www.cheapdiscordboost.com\/pl\/wp-json\/wp\/v2\/media?parent=4515"}],"wp:term":[{"taxonomy":"product_brand","embeddable":true,"href":"https:\/\/www.cheapdiscordboost.com\/pl\/wp-json\/wp\/v2\/product_brand?post=4515"},{"taxonomy":"product_cat","embeddable":true,"href":"https:\/\/www.cheapdiscordboost.com\/pl\/wp-json\/wp\/v2\/product_cat?post=4515"},{"taxonomy":"product_tag","embeddable":true,"href":"https:\/\/www.cheapdiscordboost.com\/pl\/wp-json\/wp\/v2\/product_tag?post=4515"}],"curies":[{"name":"wp","href":"https:\/\/api.w.org\/{rel}","templated":true}]}}