{"id":4461,"date":"2023-09-22T23:27:20","date_gmt":"2023-09-22T23:27:20","guid":{"rendered":"https:\/\/www.cheapdiscordboost.com\/shop\/bez-kategorii\/token-onliner-v1-src\/"},"modified":"2023-11-27T02:51:31","modified_gmt":"2023-11-27T02:51:31","slug":"token-onliner-v1-src","status":"publish","type":"product","link":"https:\/\/www.cheapdiscordboost.com\/pl\/shop\/narzedzia-discord\/token-onliner-v1-src\/","title":{"rendered":"Token Onliner v1  [src]"},"content":{"rendered":"<p><strong>Token masowy Onliner v1  [src]<\/strong><\/p>\n<p><strong>Cechy:<\/strong><\/p>\n<ul>\n<li><strong>\u0141atwo\u015b\u0107 i szybko\u015b\u0107<\/strong>: Szybko i bez wysi\u0142ku przenie\u015b swoje tokeny discord do sieci.<\/li>\n<li><strong>Losowy status<\/strong> online: \u017betony wydaj\u0105 si\u0119 bardziej autentyczne dzi\u0119ki losowemu statusowi (online, dnd, idle).<\/li>\n<li><strong>Wielow\u0105tkowo\u015b\u0107<\/strong>: Zwi\u0119ksz swoj\u0105 wydajno\u015b\u0107 dzi\u0119ki obs\u0142udze wielow\u0105tkowo\u015bci.<\/li>\n<li><strong>Kompleksowy pakiet<\/strong>: Zawiera kod \u017ar\u00f3d\u0142owy, instrukcje konfiguracji i obs\u0142ug\u0119 klienta.<\/li>\n<li><strong>Wydajne zarz\u0105dzanie<\/strong> tokenami: Idealny do jednoczesnego zarz\u0105dzania wieloma tokenami bez potrzeby korzystania z wielu instancji.<\/li>\n<\/ul>\n","protected":false},"excerpt":{"rendered":"<p>Token masowy Onliner v1 [src] Cechy: \u0141atwo\u015b\u0107 i szybko\u015b\u0107: Szybko i bez wysi\u0142ku przenie\u015b swoje tokeny discord do sieci. Losowy<\/p>\n","protected":false},"featured_media":3752,"template":"","meta":[],"product_brand":[],"product_cat":[185],"product_tag":[],"class_list":{"0":"post-4461","1":"product","2":"type-product","3":"status-publish","4":"has-post-thumbnail","6":"product_cat-narzedzia-discord","8":"first","9":"instock","10":"sale","11":"downloadable","12":"shipping-taxable","13":"purchasable","14":"product-type-simple"},"yoast_head":"<!-- This site is optimized with the Yoast SEO plugin v27.2 - https:\/\/yoast.com\/product\/yoast-seo-wordpress\/ -->\n<title>Token Onliner v1 [src] - Cheap Discord Boost - Be Smart Buying Cheaper Nitro<\/title>\n<meta name=\"robots\" content=\"index, follow, max-snippet:-1, max-image-preview:large, max-video-preview:-1\" \/>\n<link rel=\"canonical\" href=\"https:\/\/www.cheapdiscordboost.com\/pl\/shop\/narzedzia-discord\/token-onliner-v1-src\/\" \/>\n<meta property=\"og:locale\" content=\"pl_PL\" \/>\n<meta property=\"og:type\" content=\"article\" \/>\n<meta property=\"og:title\" content=\"Token Onliner v1 [src] - Cheap Discord Boost - Be Smart Buying Cheaper Nitro\" \/>\n<meta property=\"og:description\" content=\"Token masowy Onliner v1 [src] Cechy: \u0141atwo\u015b\u0107 i szybko\u015b\u0107: Szybko i bez wysi\u0142ku przenie\u015b swoje tokeny discord do sieci. Losowy\" \/>\n<meta property=\"og:url\" content=\"https:\/\/www.cheapdiscordboost.com\/pl\/shop\/narzedzia-discord\/token-onliner-v1-src\/\" \/>\n<meta property=\"og:site_name\" content=\"Cheap Discord Boost - Be Smart Buying Cheaper Nitro\" \/>\n<meta property=\"article:modified_time\" content=\"2023-11-27T02:51:31+00:00\" \/>\n<meta property=\"og:image\" content=\"https:\/\/www.cheapdiscordboost.com\/wp-content\/uploads\/2023\/09\/discord-tool.png\" \/>\n\t<meta property=\"og:image:width\" content=\"700\" \/>\n\t<meta property=\"og:image:height\" content=\"700\" \/>\n\t<meta property=\"og:image:type\" content=\"image\/png\" \/>\n<meta name=\"twitter:card\" content=\"summary_large_image\" \/>\n<script type=\"application\/ld+json\" class=\"yoast-schema-graph\">{\"@context\":\"https:\/\/schema.org\",\"@graph\":[{\"@type\":\"WebPage\",\"@id\":\"https:\/\/www.cheapdiscordboost.com\/pl\/shop\/narzedzia-discord\/token-onliner-v1-src\/\",\"url\":\"https:\/\/www.cheapdiscordboost.com\/pl\/shop\/narzedzia-discord\/token-onliner-v1-src\/\",\"name\":\"Token Onliner v1 [src] - Cheap Discord Boost - Be Smart Buying Cheaper Nitro\",\"isPartOf\":{\"@id\":\"https:\/\/www.cheapdiscordboost.com\/pl\/#website\"},\"primaryImageOfPage\":{\"@id\":\"https:\/\/www.cheapdiscordboost.com\/pl\/shop\/narzedzia-discord\/token-onliner-v1-src\/#primaryimage\"},\"image\":{\"@id\":\"https:\/\/www.cheapdiscordboost.com\/pl\/shop\/narzedzia-discord\/token-onliner-v1-src\/#primaryimage\"},\"thumbnailUrl\":\"https:\/\/www.cheapdiscordboost.com\/wp-content\/uploads\/2023\/09\/discord-tool.png\",\"datePublished\":\"2023-09-22T23:27:20+00:00\",\"dateModified\":\"2023-11-27T02:51:31+00:00\",\"breadcrumb\":{\"@id\":\"https:\/\/www.cheapdiscordboost.com\/pl\/shop\/narzedzia-discord\/token-onliner-v1-src\/#breadcrumb\"},\"inLanguage\":\"pl-PL\",\"potentialAction\":[{\"@type\":\"ReadAction\",\"target\":[\"https:\/\/www.cheapdiscordboost.com\/pl\/shop\/narzedzia-discord\/token-onliner-v1-src\/\"]}]},{\"@type\":\"ImageObject\",\"inLanguage\":\"pl-PL\",\"@id\":\"https:\/\/www.cheapdiscordboost.com\/pl\/shop\/narzedzia-discord\/token-onliner-v1-src\/#primaryimage\",\"url\":\"https:\/\/www.cheapdiscordboost.com\/wp-content\/uploads\/2023\/09\/discord-tool.png\",\"contentUrl\":\"https:\/\/www.cheapdiscordboost.com\/wp-content\/uploads\/2023\/09\/discord-tool.png\",\"width\":700,\"height\":700},{\"@type\":\"BreadcrumbList\",\"@id\":\"https:\/\/www.cheapdiscordboost.com\/pl\/shop\/narzedzia-discord\/token-onliner-v1-src\/#breadcrumb\",\"itemListElement\":[{\"@type\":\"ListItem\",\"position\":1,\"name\":\"Home\",\"item\":\"https:\/\/www.cheapdiscordboost.com\/pl\/\"},{\"@type\":\"ListItem\",\"position\":2,\"name\":\"Sklep\",\"item\":\"https:\/\/www.cheapdiscordboost.com\/pl\/sklep\/\"},{\"@type\":\"ListItem\",\"position\":3,\"name\":\"Token Onliner v1 [src]\"}]},{\"@type\":\"WebSite\",\"@id\":\"https:\/\/www.cheapdiscordboost.com\/pl\/#website\",\"url\":\"https:\/\/www.cheapdiscordboost.com\/pl\/\",\"name\":\"Cheap Discord Boost - Be Smart Buying Cheaper Nitro\",\"description\":\"\",\"publisher\":{\"@id\":\"https:\/\/www.cheapdiscordboost.com\/pl\/#organization\"},\"potentialAction\":[{\"@type\":\"SearchAction\",\"target\":{\"@type\":\"EntryPoint\",\"urlTemplate\":\"https:\/\/www.cheapdiscordboost.com\/pl\/?s={search_term_string}\"},\"query-input\":{\"@type\":\"PropertyValueSpecification\",\"valueRequired\":true,\"valueName\":\"search_term_string\"}}],\"inLanguage\":\"pl-PL\"},{\"@type\":\"Organization\",\"@id\":\"https:\/\/www.cheapdiscordboost.com\/pl\/#organization\",\"name\":\"Cheap Discord Boost - Be Smart Buying Cheaper Nitro\",\"url\":\"https:\/\/www.cheapdiscordboost.com\/pl\/\",\"logo\":{\"@type\":\"ImageObject\",\"inLanguage\":\"pl-PL\",\"@id\":\"https:\/\/www.cheapdiscordboost.com\/pl\/#\/schema\/logo\/image\/\",\"url\":\"https:\/\/www.cheapdiscordboost.com\/wp-content\/uploads\/2023\/09\/logo.png\",\"contentUrl\":\"https:\/\/www.cheapdiscordboost.com\/wp-content\/uploads\/2023\/09\/logo.png\",\"width\":439,\"height\":40,\"caption\":\"Cheap Discord Boost - Be Smart Buying Cheaper Nitro\"},\"image\":{\"@id\":\"https:\/\/www.cheapdiscordboost.com\/pl\/#\/schema\/logo\/image\/\"}}]}<\/script>\n<!-- \/ Yoast SEO plugin. -->","yoast_head_json":{"title":"Token Onliner v1 [src] - Cheap Discord Boost - Be Smart Buying Cheaper Nitro","robots":{"index":"index","follow":"follow","max-snippet":"max-snippet:-1","max-image-preview":"max-image-preview:large","max-video-preview":"max-video-preview:-1"},"canonical":"https:\/\/www.cheapdiscordboost.com\/pl\/shop\/narzedzia-discord\/token-onliner-v1-src\/","og_locale":"pl_PL","og_type":"article","og_title":"Token Onliner v1 [src] - Cheap Discord Boost - Be Smart Buying Cheaper Nitro","og_description":"Token masowy Onliner v1 [src] Cechy: \u0141atwo\u015b\u0107 i szybko\u015b\u0107: Szybko i bez wysi\u0142ku przenie\u015b swoje tokeny discord do sieci. Losowy","og_url":"https:\/\/www.cheapdiscordboost.com\/pl\/shop\/narzedzia-discord\/token-onliner-v1-src\/","og_site_name":"Cheap Discord Boost - Be Smart Buying Cheaper Nitro","article_modified_time":"2023-11-27T02:51:31+00:00","og_image":[{"width":700,"height":700,"url":"https:\/\/www.cheapdiscordboost.com\/wp-content\/uploads\/2023\/09\/discord-tool.png","type":"image\/png"}],"twitter_card":"summary_large_image","schema":{"@context":"https:\/\/schema.org","@graph":[{"@type":"WebPage","@id":"https:\/\/www.cheapdiscordboost.com\/pl\/shop\/narzedzia-discord\/token-onliner-v1-src\/","url":"https:\/\/www.cheapdiscordboost.com\/pl\/shop\/narzedzia-discord\/token-onliner-v1-src\/","name":"Token Onliner v1 [src] - Cheap Discord Boost - Be Smart Buying Cheaper Nitro","isPartOf":{"@id":"https:\/\/www.cheapdiscordboost.com\/pl\/#website"},"primaryImageOfPage":{"@id":"https:\/\/www.cheapdiscordboost.com\/pl\/shop\/narzedzia-discord\/token-onliner-v1-src\/#primaryimage"},"image":{"@id":"https:\/\/www.cheapdiscordboost.com\/pl\/shop\/narzedzia-discord\/token-onliner-v1-src\/#primaryimage"},"thumbnailUrl":"https:\/\/www.cheapdiscordboost.com\/wp-content\/uploads\/2023\/09\/discord-tool.png","datePublished":"2023-09-22T23:27:20+00:00","dateModified":"2023-11-27T02:51:31+00:00","breadcrumb":{"@id":"https:\/\/www.cheapdiscordboost.com\/pl\/shop\/narzedzia-discord\/token-onliner-v1-src\/#breadcrumb"},"inLanguage":"pl-PL","potentialAction":[{"@type":"ReadAction","target":["https:\/\/www.cheapdiscordboost.com\/pl\/shop\/narzedzia-discord\/token-onliner-v1-src\/"]}]},{"@type":"ImageObject","inLanguage":"pl-PL","@id":"https:\/\/www.cheapdiscordboost.com\/pl\/shop\/narzedzia-discord\/token-onliner-v1-src\/#primaryimage","url":"https:\/\/www.cheapdiscordboost.com\/wp-content\/uploads\/2023\/09\/discord-tool.png","contentUrl":"https:\/\/www.cheapdiscordboost.com\/wp-content\/uploads\/2023\/09\/discord-tool.png","width":700,"height":700},{"@type":"BreadcrumbList","@id":"https:\/\/www.cheapdiscordboost.com\/pl\/shop\/narzedzia-discord\/token-onliner-v1-src\/#breadcrumb","itemListElement":[{"@type":"ListItem","position":1,"name":"Home","item":"https:\/\/www.cheapdiscordboost.com\/pl\/"},{"@type":"ListItem","position":2,"name":"Sklep","item":"https:\/\/www.cheapdiscordboost.com\/pl\/sklep\/"},{"@type":"ListItem","position":3,"name":"Token Onliner v1 [src]"}]},{"@type":"WebSite","@id":"https:\/\/www.cheapdiscordboost.com\/pl\/#website","url":"https:\/\/www.cheapdiscordboost.com\/pl\/","name":"Cheap Discord Boost - Be Smart Buying Cheaper Nitro","description":"","publisher":{"@id":"https:\/\/www.cheapdiscordboost.com\/pl\/#organization"},"potentialAction":[{"@type":"SearchAction","target":{"@type":"EntryPoint","urlTemplate":"https:\/\/www.cheapdiscordboost.com\/pl\/?s={search_term_string}"},"query-input":{"@type":"PropertyValueSpecification","valueRequired":true,"valueName":"search_term_string"}}],"inLanguage":"pl-PL"},{"@type":"Organization","@id":"https:\/\/www.cheapdiscordboost.com\/pl\/#organization","name":"Cheap Discord Boost - Be Smart Buying Cheaper Nitro","url":"https:\/\/www.cheapdiscordboost.com\/pl\/","logo":{"@type":"ImageObject","inLanguage":"pl-PL","@id":"https:\/\/www.cheapdiscordboost.com\/pl\/#\/schema\/logo\/image\/","url":"https:\/\/www.cheapdiscordboost.com\/wp-content\/uploads\/2023\/09\/logo.png","contentUrl":"https:\/\/www.cheapdiscordboost.com\/wp-content\/uploads\/2023\/09\/logo.png","width":439,"height":40,"caption":"Cheap Discord Boost - Be Smart Buying Cheaper Nitro"},"image":{"@id":"https:\/\/www.cheapdiscordboost.com\/pl\/#\/schema\/logo\/image\/"}}]}},"_links":{"self":[{"href":"https:\/\/www.cheapdiscordboost.com\/pl\/wp-json\/wp\/v2\/product\/4461","targetHints":{"allow":["GET"]}}],"collection":[{"href":"https:\/\/www.cheapdiscordboost.com\/pl\/wp-json\/wp\/v2\/product"}],"about":[{"href":"https:\/\/www.cheapdiscordboost.com\/pl\/wp-json\/wp\/v2\/types\/product"}],"version-history":[{"count":1,"href":"https:\/\/www.cheapdiscordboost.com\/pl\/wp-json\/wp\/v2\/product\/4461\/revisions"}],"predecessor-version":[{"id":4527,"href":"https:\/\/www.cheapdiscordboost.com\/pl\/wp-json\/wp\/v2\/product\/4461\/revisions\/4527"}],"wp:featuredmedia":[{"embeddable":true,"href":"https:\/\/www.cheapdiscordboost.com\/pl\/wp-json\/wp\/v2\/media\/3752"}],"wp:attachment":[{"href":"https:\/\/www.cheapdiscordboost.com\/pl\/wp-json\/wp\/v2\/media?parent=4461"}],"wp:term":[{"taxonomy":"product_brand","embeddable":true,"href":"https:\/\/www.cheapdiscordboost.com\/pl\/wp-json\/wp\/v2\/product_brand?post=4461"},{"taxonomy":"product_cat","embeddable":true,"href":"https:\/\/www.cheapdiscordboost.com\/pl\/wp-json\/wp\/v2\/product_cat?post=4461"},{"taxonomy":"product_tag","embeddable":true,"href":"https:\/\/www.cheapdiscordboost.com\/pl\/wp-json\/wp\/v2\/product_tag?post=4461"}],"curies":[{"name":"wp","href":"https:\/\/api.w.org\/{rel}","templated":true}]}}