{"id":4395,"date":"2023-09-23T12:20:03","date_gmt":"2023-09-23T12:20:03","guid":{"rendered":"https:\/\/www.cheapdiscordboost.com\/shop\/bez-kategorii\/serwer-discord-przyspiesza-o-3-miesiace\/"},"modified":"2024-03-16T16:42:36","modified_gmt":"2024-03-16T16:42:36","slug":"serwer-discord-przyspiesza-o-3-miesiace","status":"publish","type":"product","link":"https:\/\/www.cheapdiscordboost.com\/pl\/shop\/ulepszenia-serwera\/serwer-discord-przyspiesza-o-3-miesiace\/","title":{"rendered":"Serwer Discord przyspiesza o 3 miesi\u0105ce"},"content":{"rendered":"<p id=\"tw-target-text\" class=\"tw-data-text tw-text-large tw-ta\" dir=\"ltr\" data-placeholder=\"Traduzione\"><span class=\"Y2IQFc\" lang=\"en\">Kupowanie tanich boost\u00f3w serwera Discord na 3 miesi\u0105ce polega na tym, \u017ce niekt\u00f3rzy u\u017cytkownicy do\u0142\u0105cz\u0105 do Twojego serwera Discord i wzmocni\u0105 Tw\u00f3j serwer wybran\u0105 przez Ciebie kwot\u0105.<\/span><\/p>\n<p>Otrzymasz 14 boost\u00f3w serwerowych na wybranym przez siebie discordzie.<\/p>\n<p>Wy\u0142\u0105cz wszystkie boty anty-rajdowe i podaj dzia\u0142aj\u0105cy link do zaproszenia, kt\u00f3ry nie wygas\u0142.<\/p>\n<p>Nale\u017cy pami\u0119ta\u0107, \u017ce boost\u00f3w nie mo\u017cna przenie\u015b\u0107 ani cofn\u0105\u0107 po ich dostarczeniu.<\/p>\n<p>Nie jest to sprzeczne z regulaminem Discorda<\/p>\n<p>&#8212;&#8212;&gt; Read ToS before buy &lt;&#8212;&#8212;-<\/p>\n","protected":false},"excerpt":{"rendered":"<p>Kupowanie tanich boost\u00f3w serwera Discord na 3 miesi\u0105ce polega na tym, \u017ce niekt\u00f3rzy u\u017cytkownicy do\u0142\u0105cz\u0105 do Twojego serwera Discord i<\/p>\n","protected":false},"featured_media":3734,"template":"","meta":[],"product_brand":[],"product_cat":[204],"product_tag":[],"class_list":{"0":"post-4395","1":"product","2":"type-product","3":"status-publish","4":"has-post-thumbnail","6":"product_cat-ulepszenia-serwera","8":"first","9":"instock","10":"sale","11":"shipping-taxable","12":"purchasable","13":"product-type-variable"},"yoast_head":"<!-- This site is optimized with the Yoast SEO plugin v27.2 - https:\/\/yoast.com\/product\/yoast-seo-wordpress\/ -->\n<title>Serwer Discord przyspiesza o 3 miesi\u0105ce %%page% - Cheap Discord Boost<\/title>\n<meta name=\"description\" content=\"Kupowanie tanich boost\u00f3w serwera Discord na 3 miesi\u0105ce polega na tym, \u017ce niekt\u00f3rzy u\u017cytkownicy do\u0142\u0105cz\u0105 do Twojego serwera Discord i wzmocni\u0105 Tw\u00f3j serwer wybran\u0105 przez Ciebie kwot\u0105.\" \/>\n<meta name=\"robots\" content=\"index, follow, max-snippet:-1, max-image-preview:large, max-video-preview:-1\" \/>\n<link rel=\"canonical\" href=\"https:\/\/www.cheapdiscordboost.com\/pl\/shop\/ulepszenia-serwera\/serwer-discord-przyspiesza-o-3-miesiace\/\" \/>\n<meta property=\"og:locale\" content=\"pl_PL\" \/>\n<meta property=\"og:type\" content=\"article\" \/>\n<meta property=\"og:title\" content=\"Serwer Discord przyspiesza o 3 miesi\u0105ce %%page% - Cheap Discord Boost\" \/>\n<meta property=\"og:description\" content=\"Kupowanie tanich boost\u00f3w serwera Discord na 3 miesi\u0105ce polega na tym, \u017ce niekt\u00f3rzy u\u017cytkownicy do\u0142\u0105cz\u0105 do Twojego serwera Discord i wzmocni\u0105 Tw\u00f3j serwer wybran\u0105 przez Ciebie kwot\u0105.\" \/>\n<meta property=\"og:url\" content=\"https:\/\/www.cheapdiscordboost.com\/pl\/shop\/ulepszenia-serwera\/serwer-discord-przyspiesza-o-3-miesiace\/\" \/>\n<meta property=\"og:site_name\" content=\"Cheap Discord Boost - Be Smart Buying Cheaper Nitro\" \/>\n<meta property=\"article:modified_time\" content=\"2024-03-16T16:42:36+00:00\" \/>\n<meta property=\"og:image\" content=\"https:\/\/www.cheapdiscordboost.com\/wp-content\/uploads\/2023\/09\/cheap-server-boosts.png\" \/>\n\t<meta property=\"og:image:width\" content=\"700\" \/>\n\t<meta property=\"og:image:height\" content=\"638\" \/>\n\t<meta property=\"og:image:type\" content=\"image\/png\" \/>\n<meta name=\"twitter:card\" content=\"summary_large_image\" \/>\n<script type=\"application\/ld+json\" class=\"yoast-schema-graph\">{\"@context\":\"https:\/\/schema.org\",\"@graph\":[{\"@type\":\"WebPage\",\"@id\":\"https:\/\/www.cheapdiscordboost.com\/pl\/shop\/ulepszenia-serwera\/serwer-discord-przyspiesza-o-3-miesiace\/\",\"url\":\"https:\/\/www.cheapdiscordboost.com\/pl\/shop\/ulepszenia-serwera\/serwer-discord-przyspiesza-o-3-miesiace\/\",\"name\":\"Serwer Discord przyspiesza o 3 miesi\u0105ce %%page% - Cheap Discord Boost\",\"isPartOf\":{\"@id\":\"https:\/\/www.cheapdiscordboost.com\/pl\/#website\"},\"primaryImageOfPage\":{\"@id\":\"https:\/\/www.cheapdiscordboost.com\/pl\/shop\/ulepszenia-serwera\/serwer-discord-przyspiesza-o-3-miesiace\/#primaryimage\"},\"image\":{\"@id\":\"https:\/\/www.cheapdiscordboost.com\/pl\/shop\/ulepszenia-serwera\/serwer-discord-przyspiesza-o-3-miesiace\/#primaryimage\"},\"thumbnailUrl\":\"https:\/\/www.cheapdiscordboost.com\/wp-content\/uploads\/2023\/09\/cheap-server-boosts.png\",\"datePublished\":\"2023-09-23T12:20:03+00:00\",\"dateModified\":\"2024-03-16T16:42:36+00:00\",\"description\":\"Kupowanie tanich boost\u00f3w serwera Discord na 3 miesi\u0105ce polega na tym, \u017ce niekt\u00f3rzy u\u017cytkownicy do\u0142\u0105cz\u0105 do Twojego serwera Discord i wzmocni\u0105 Tw\u00f3j serwer wybran\u0105 przez Ciebie kwot\u0105.\",\"breadcrumb\":{\"@id\":\"https:\/\/www.cheapdiscordboost.com\/pl\/shop\/ulepszenia-serwera\/serwer-discord-przyspiesza-o-3-miesiace\/#breadcrumb\"},\"inLanguage\":\"pl-PL\",\"potentialAction\":[{\"@type\":\"ReadAction\",\"target\":[\"https:\/\/www.cheapdiscordboost.com\/pl\/shop\/ulepszenia-serwera\/serwer-discord-przyspiesza-o-3-miesiace\/\"]}]},{\"@type\":\"ImageObject\",\"inLanguage\":\"pl-PL\",\"@id\":\"https:\/\/www.cheapdiscordboost.com\/pl\/shop\/ulepszenia-serwera\/serwer-discord-przyspiesza-o-3-miesiace\/#primaryimage\",\"url\":\"https:\/\/www.cheapdiscordboost.com\/wp-content\/uploads\/2023\/09\/cheap-server-boosts.png\",\"contentUrl\":\"https:\/\/www.cheapdiscordboost.com\/wp-content\/uploads\/2023\/09\/cheap-server-boosts.png\",\"width\":700,\"height\":638},{\"@type\":\"BreadcrumbList\",\"@id\":\"https:\/\/www.cheapdiscordboost.com\/pl\/shop\/ulepszenia-serwera\/serwer-discord-przyspiesza-o-3-miesiace\/#breadcrumb\",\"itemListElement\":[{\"@type\":\"ListItem\",\"position\":1,\"name\":\"Home\",\"item\":\"https:\/\/www.cheapdiscordboost.com\/pl\/\"},{\"@type\":\"ListItem\",\"position\":2,\"name\":\"Sklep\",\"item\":\"https:\/\/www.cheapdiscordboost.com\/pl\/sklep\/\"},{\"@type\":\"ListItem\",\"position\":3,\"name\":\"Serwer Discord przyspiesza o 3 miesi\u0105ce\"}]},{\"@type\":\"WebSite\",\"@id\":\"https:\/\/www.cheapdiscordboost.com\/pl\/#website\",\"url\":\"https:\/\/www.cheapdiscordboost.com\/pl\/\",\"name\":\"Cheap Discord Boost - Be Smart Buying Cheaper Nitro\",\"description\":\"\",\"publisher\":{\"@id\":\"https:\/\/www.cheapdiscordboost.com\/pl\/#organization\"},\"potentialAction\":[{\"@type\":\"SearchAction\",\"target\":{\"@type\":\"EntryPoint\",\"urlTemplate\":\"https:\/\/www.cheapdiscordboost.com\/pl\/?s={search_term_string}\"},\"query-input\":{\"@type\":\"PropertyValueSpecification\",\"valueRequired\":true,\"valueName\":\"search_term_string\"}}],\"inLanguage\":\"pl-PL\"},{\"@type\":\"Organization\",\"@id\":\"https:\/\/www.cheapdiscordboost.com\/pl\/#organization\",\"name\":\"Cheap Discord Boost - Be Smart Buying Cheaper Nitro\",\"url\":\"https:\/\/www.cheapdiscordboost.com\/pl\/\",\"logo\":{\"@type\":\"ImageObject\",\"inLanguage\":\"pl-PL\",\"@id\":\"https:\/\/www.cheapdiscordboost.com\/pl\/#\/schema\/logo\/image\/\",\"url\":\"https:\/\/www.cheapdiscordboost.com\/wp-content\/uploads\/2023\/09\/logo.png\",\"contentUrl\":\"https:\/\/www.cheapdiscordboost.com\/wp-content\/uploads\/2023\/09\/logo.png\",\"width\":439,\"height\":40,\"caption\":\"Cheap Discord Boost - Be Smart Buying Cheaper Nitro\"},\"image\":{\"@id\":\"https:\/\/www.cheapdiscordboost.com\/pl\/#\/schema\/logo\/image\/\"}}]}<\/script>\n<!-- \/ Yoast SEO plugin. -->","yoast_head_json":{"title":"Serwer Discord przyspiesza o 3 miesi\u0105ce %%page% - Cheap Discord Boost","description":"Kupowanie tanich boost\u00f3w serwera Discord na 3 miesi\u0105ce polega na tym, \u017ce niekt\u00f3rzy u\u017cytkownicy do\u0142\u0105cz\u0105 do Twojego serwera Discord i wzmocni\u0105 Tw\u00f3j serwer wybran\u0105 przez Ciebie kwot\u0105.","robots":{"index":"index","follow":"follow","max-snippet":"max-snippet:-1","max-image-preview":"max-image-preview:large","max-video-preview":"max-video-preview:-1"},"canonical":"https:\/\/www.cheapdiscordboost.com\/pl\/shop\/ulepszenia-serwera\/serwer-discord-przyspiesza-o-3-miesiace\/","og_locale":"pl_PL","og_type":"article","og_title":"Serwer Discord przyspiesza o 3 miesi\u0105ce %%page% - Cheap Discord Boost","og_description":"Kupowanie tanich boost\u00f3w serwera Discord na 3 miesi\u0105ce polega na tym, \u017ce niekt\u00f3rzy u\u017cytkownicy do\u0142\u0105cz\u0105 do Twojego serwera Discord i wzmocni\u0105 Tw\u00f3j serwer wybran\u0105 przez Ciebie kwot\u0105.","og_url":"https:\/\/www.cheapdiscordboost.com\/pl\/shop\/ulepszenia-serwera\/serwer-discord-przyspiesza-o-3-miesiace\/","og_site_name":"Cheap Discord Boost - Be Smart Buying Cheaper Nitro","article_modified_time":"2024-03-16T16:42:36+00:00","og_image":[{"width":700,"height":638,"url":"https:\/\/www.cheapdiscordboost.com\/wp-content\/uploads\/2023\/09\/cheap-server-boosts.png","type":"image\/png"}],"twitter_card":"summary_large_image","schema":{"@context":"https:\/\/schema.org","@graph":[{"@type":"WebPage","@id":"https:\/\/www.cheapdiscordboost.com\/pl\/shop\/ulepszenia-serwera\/serwer-discord-przyspiesza-o-3-miesiace\/","url":"https:\/\/www.cheapdiscordboost.com\/pl\/shop\/ulepszenia-serwera\/serwer-discord-przyspiesza-o-3-miesiace\/","name":"Serwer Discord przyspiesza o 3 miesi\u0105ce %%page% - Cheap Discord Boost","isPartOf":{"@id":"https:\/\/www.cheapdiscordboost.com\/pl\/#website"},"primaryImageOfPage":{"@id":"https:\/\/www.cheapdiscordboost.com\/pl\/shop\/ulepszenia-serwera\/serwer-discord-przyspiesza-o-3-miesiace\/#primaryimage"},"image":{"@id":"https:\/\/www.cheapdiscordboost.com\/pl\/shop\/ulepszenia-serwera\/serwer-discord-przyspiesza-o-3-miesiace\/#primaryimage"},"thumbnailUrl":"https:\/\/www.cheapdiscordboost.com\/wp-content\/uploads\/2023\/09\/cheap-server-boosts.png","datePublished":"2023-09-23T12:20:03+00:00","dateModified":"2024-03-16T16:42:36+00:00","description":"Kupowanie tanich boost\u00f3w serwera Discord na 3 miesi\u0105ce polega na tym, \u017ce niekt\u00f3rzy u\u017cytkownicy do\u0142\u0105cz\u0105 do Twojego serwera Discord i wzmocni\u0105 Tw\u00f3j serwer wybran\u0105 przez Ciebie kwot\u0105.","breadcrumb":{"@id":"https:\/\/www.cheapdiscordboost.com\/pl\/shop\/ulepszenia-serwera\/serwer-discord-przyspiesza-o-3-miesiace\/#breadcrumb"},"inLanguage":"pl-PL","potentialAction":[{"@type":"ReadAction","target":["https:\/\/www.cheapdiscordboost.com\/pl\/shop\/ulepszenia-serwera\/serwer-discord-przyspiesza-o-3-miesiace\/"]}]},{"@type":"ImageObject","inLanguage":"pl-PL","@id":"https:\/\/www.cheapdiscordboost.com\/pl\/shop\/ulepszenia-serwera\/serwer-discord-przyspiesza-o-3-miesiace\/#primaryimage","url":"https:\/\/www.cheapdiscordboost.com\/wp-content\/uploads\/2023\/09\/cheap-server-boosts.png","contentUrl":"https:\/\/www.cheapdiscordboost.com\/wp-content\/uploads\/2023\/09\/cheap-server-boosts.png","width":700,"height":638},{"@type":"BreadcrumbList","@id":"https:\/\/www.cheapdiscordboost.com\/pl\/shop\/ulepszenia-serwera\/serwer-discord-przyspiesza-o-3-miesiace\/#breadcrumb","itemListElement":[{"@type":"ListItem","position":1,"name":"Home","item":"https:\/\/www.cheapdiscordboost.com\/pl\/"},{"@type":"ListItem","position":2,"name":"Sklep","item":"https:\/\/www.cheapdiscordboost.com\/pl\/sklep\/"},{"@type":"ListItem","position":3,"name":"Serwer Discord przyspiesza o 3 miesi\u0105ce"}]},{"@type":"WebSite","@id":"https:\/\/www.cheapdiscordboost.com\/pl\/#website","url":"https:\/\/www.cheapdiscordboost.com\/pl\/","name":"Cheap Discord Boost - Be Smart Buying Cheaper Nitro","description":"","publisher":{"@id":"https:\/\/www.cheapdiscordboost.com\/pl\/#organization"},"potentialAction":[{"@type":"SearchAction","target":{"@type":"EntryPoint","urlTemplate":"https:\/\/www.cheapdiscordboost.com\/pl\/?s={search_term_string}"},"query-input":{"@type":"PropertyValueSpecification","valueRequired":true,"valueName":"search_term_string"}}],"inLanguage":"pl-PL"},{"@type":"Organization","@id":"https:\/\/www.cheapdiscordboost.com\/pl\/#organization","name":"Cheap Discord Boost - Be Smart Buying Cheaper Nitro","url":"https:\/\/www.cheapdiscordboost.com\/pl\/","logo":{"@type":"ImageObject","inLanguage":"pl-PL","@id":"https:\/\/www.cheapdiscordboost.com\/pl\/#\/schema\/logo\/image\/","url":"https:\/\/www.cheapdiscordboost.com\/wp-content\/uploads\/2023\/09\/logo.png","contentUrl":"https:\/\/www.cheapdiscordboost.com\/wp-content\/uploads\/2023\/09\/logo.png","width":439,"height":40,"caption":"Cheap Discord Boost - Be Smart Buying Cheaper Nitro"},"image":{"@id":"https:\/\/www.cheapdiscordboost.com\/pl\/#\/schema\/logo\/image\/"}}]}},"_links":{"self":[{"href":"https:\/\/www.cheapdiscordboost.com\/pl\/wp-json\/wp\/v2\/product\/4395","targetHints":{"allow":["GET"]}}],"collection":[{"href":"https:\/\/www.cheapdiscordboost.com\/pl\/wp-json\/wp\/v2\/product"}],"about":[{"href":"https:\/\/www.cheapdiscordboost.com\/pl\/wp-json\/wp\/v2\/types\/product"}],"version-history":[{"count":1,"href":"https:\/\/www.cheapdiscordboost.com\/pl\/wp-json\/wp\/v2\/product\/4395\/revisions"}],"predecessor-version":[{"id":5043,"href":"https:\/\/www.cheapdiscordboost.com\/pl\/wp-json\/wp\/v2\/product\/4395\/revisions\/5043"}],"wp:featuredmedia":[{"embeddable":true,"href":"https:\/\/www.cheapdiscordboost.com\/pl\/wp-json\/wp\/v2\/media\/3734"}],"wp:attachment":[{"href":"https:\/\/www.cheapdiscordboost.com\/pl\/wp-json\/wp\/v2\/media?parent=4395"}],"wp:term":[{"taxonomy":"product_brand","embeddable":true,"href":"https:\/\/www.cheapdiscordboost.com\/pl\/wp-json\/wp\/v2\/product_brand?post=4395"},{"taxonomy":"product_cat","embeddable":true,"href":"https:\/\/www.cheapdiscordboost.com\/pl\/wp-json\/wp\/v2\/product_cat?post=4395"},{"taxonomy":"product_tag","embeddable":true,"href":"https:\/\/www.cheapdiscordboost.com\/pl\/wp-json\/wp\/v2\/product_tag?post=4395"}],"curies":[{"name":"wp","href":"https:\/\/api.w.org\/{rel}","templated":true}]}}