{"id":4510,"date":"2023-09-22T18:25:10","date_gmt":"2023-09-22T18:25:10","guid":{"rendered":"https:\/\/www.cheapdiscordboost.com\/shop\/senza-categoria\/discordia-nitro\/"},"modified":"2023-11-27T03:13:21","modified_gmt":"2023-11-27T03:13:21","slug":"discordia-nitro","status":"publish","type":"product","link":"https:\/\/www.cheapdiscordboost.com\/it\/shop\/discordia-nitro\/discordia-nitro\/","title":{"rendered":"Discord Nitro"},"content":{"rendered":"<div class=\"group w-full text-token-text-primary border-b border-black\/10 gizmo:border-0 dark:border-gray-900\/50 gizmo:dark:border-0 bg-gray-50 gizmo:bg-transparent dark:bg-[#444654] gizmo:dark:bg-transparent\" data-testid=\"conversation-turn-3\">\n<div class=\"p-4 justify-center text-base md:gap-6 md:py-6 m-auto\">\n<div class=\"flex flex-1 gap-4 text-base mx-auto md:gap-6 md:max-w-2xl lg:max-w-[38rem] xl:max-w-3xl }\">\n<div class=\"relative flex w-[calc(100%-50px)] flex-col gap-1 md:gap-3 lg:w-[calc(100%-115px)]\">\n<div class=\"flex flex-grow flex-col gap-3 max-w-full\">\n<div class=\"min-h-[20px] flex flex-col items-start gap-3 overflow-x-auto whitespace-pre-wrap break-words\">\n<div class=\"markdown prose w-full break-words dark:prose-invert light\">\n<p><strong>Sblocca un mondo di vantaggi con Discord Nitro Boost<\/strong><\/p>\n<p>Eleva la tua esperienza Discord a un livello completamente nuovo con Discord Nitro Boost. Questa funzione premium ti consente di potenziare i tuoi server preferiti, rendendo il tuo tempo su Discord ancora pi\u00f9 piacevole e interattivo.<\/p>\n<p><strong>Cosa ti offre Discord Nitro Boost?<\/strong><\/p>\n<ol>\n<li><strong>Vantaggi del server migliorati:<\/strong> Potenziando un server, contribuisci alla sua crescita e al suo successo. I server potenziati godono di una serie di vantaggi, tra cui una qualit\u00e0 audio superiore, una maggiore capacit\u00e0 del server per i canali vocali e la possibilit\u00e0 di creare un URL di invito personalizzato.<\/li>\n<li><strong>Distintivo del server cromatico:<\/strong> Mostra il tuo supporto e il tuo impegno con un badge Nitro Boost distinto che mostra il tuo contributo nell&#8217;elenco dei membri del server. \u00c8 un distintivo d&#8217;onore per la tua dedizione.<\/li>\n<li><strong>URL esclusivo di Vanity del server:<\/strong> Rendi il tuo server preferito ancora pi\u00f9 accessibile con un URL univoco e facile da ricordare. Condividilo con gli amici, rendendo facile per loro entrare a far parte della community.<\/li>\n<li><strong>Slot emoji personalizzati:<\/strong> I server potenziati possono sbloccare pi\u00f9 slot per emoji personalizzate, consentendo conversazioni pi\u00f9 espressive e personalizzate con una gamma pi\u00f9 ampia di icone emotive.<\/li>\n<li><strong>Banner del server:<\/strong> Come booster, hai l&#8217;opportunit\u00e0 di progettare e mostrare un banner del server, aggiungendo un tocco creativo all&#8217;aspetto del server.<\/li>\n<li><strong>Icona del server animata:<\/strong> Dai vita al tuo server con un&#8217;icona animata che cattura l&#8217;essenza della tua comunit\u00e0.<\/li>\n<\/ol>\n<p><strong>Perch\u00e9 scegliere il nostro abbonamento Discord Nitro:<\/strong><\/p>\n<ol>\n<li><strong>Acquisto autonomo:<\/strong> Non c&#8217;\u00e8 bisogno di accedere; acquista Discord Nitro senza problemi.<\/li>\n<li><strong>Prezzi legali e regionali:<\/strong> Ottieni Discord Nitro legalmente con prezzi regionali.<\/li>\n<li><strong>Senza rischi:<\/strong> Goditi un prodotto al 100% privo di rischi senza alcuna limitazione.<\/li>\n<li><strong>Abbonamento di 1 anno:<\/strong> \u00c8 un anno intero di Discord Nitro, non solo un regalo.<\/li>\n<li><strong>Pagamento sicuro:<\/strong> Ricevi una carta di credito virtuale (VCC) dalla Turchia per transazioni sicure.<\/li>\n<li><strong>Validit\u00e0 globale:<\/strong> L&#8217;abbonamento Discord Nitro \u00e8 valido in tutto il mondo.<\/li>\n<li><strong>1 anno di garanzia:<\/strong> Approfitta di una garanzia completa di 1 anno.<\/li>\n<li><strong>Consegna rapida:<\/strong> Ricevi il tuo acquisto entro 1-48 ore, garantito, o ricevi un rimborso completo.<\/li>\n<\/ol>\n<p>Note aggiuntive:<\/p>\n<ul>\n<li>Questo prodotto non \u00e8 disponibile per l&#8217;acquisto se il tuo Nitro viene fatturato tramite Google Pay o Apple Pay.<\/li>\n<li>Non puoi acquistare questo prodotto se hai gi\u00e0 un abbonamento annuale a Discord Nitro.<\/li>\n<li>Vuoi acquistarlo per un amico? Basta invitali sul nostro server.<\/li>\n<\/ul>\n<p>Per ulteriori informazioni, non esitare a contattarci.<\/p>\n<\/div>\n<\/div>\n<\/div>\n<div class=\"flex justify-between lg:block\">\n<div class=\"text-gray-400 flex self-end lg:self-center justify-center mt-2 gap-2 md:gap-3 lg:gap-1 lg:absolute lg:top-0 lg:translate-x-full lg:right-0 lg:mt-0 lg:pl-2 visible\">\n<p>&nbsp;<\/p>\n<div class=\"flex gap-1\"><\/div>\n<\/div>\n<\/div>\n<\/div>\n<\/div>\n<\/div>\n<\/div>\n","protected":false},"excerpt":{"rendered":"<p>Sblocca un mondo di vantaggi con Discord Nitro Boost Eleva la tua esperienza Discord a un livello completamente nuovo con<\/p>\n","protected":false},"featured_media":3727,"template":"","meta":[],"product_brand":[],"product_cat":[215],"product_tag":[],"class_list":{"0":"post-4510","1":"product","2":"type-product","3":"status-publish","4":"has-post-thumbnail","6":"product_cat-discordia-nitro","8":"first","9":"instock","10":"sale","11":"shipping-taxable","12":"purchasable","13":"product-type-variable"},"yoast_head":"<!-- This site is optimized with the Yoast SEO plugin v27.2 - https:\/\/yoast.com\/product\/yoast-seo-wordpress\/ -->\n<title>Discord Nitro - Cheap Discord Boost - Be Smart Buying Cheaper Nitro<\/title>\n<meta name=\"description\" content=\"Cosa ti offre Discord Nitro Boost? Vantaggi del server migliorati: potenziando un server, il badge del server cromatico, l&#039;URL esclusivo del server e altre funzionalit\u00e0.\" \/>\n<meta name=\"robots\" content=\"index, follow, max-snippet:-1, max-image-preview:large, max-video-preview:-1\" \/>\n<link rel=\"canonical\" href=\"https:\/\/www.cheapdiscordboost.com\/it\/shop\/discordia-nitro\/discordia-nitro\/\" \/>\n<meta property=\"og:locale\" content=\"it_IT\" \/>\n<meta property=\"og:type\" content=\"article\" \/>\n<meta property=\"og:title\" content=\"Discord Nitro - Cheap Discord Boost - Be Smart Buying Cheaper Nitro\" \/>\n<meta property=\"og:description\" content=\"Cosa ti offre Discord Nitro Boost? Vantaggi del server migliorati: potenziando un server, il badge del server cromatico, l&#039;URL esclusivo del server e altre funzionalit\u00e0.\" \/>\n<meta property=\"og:url\" content=\"https:\/\/www.cheapdiscordboost.com\/it\/shop\/discordia-nitro\/discordia-nitro\/\" \/>\n<meta property=\"og:site_name\" content=\"Cheap Discord Boost - Be Smart Buying Cheaper Nitro\" \/>\n<meta property=\"article:modified_time\" content=\"2023-11-27T03:13:21+00:00\" \/>\n<meta property=\"og:image\" content=\"https:\/\/www.cheapdiscordboost.com\/wp-content\/uploads\/2023\/09\/discord-nitro-boost-1.png\" \/>\n\t<meta property=\"og:image:width\" content=\"932\" \/>\n\t<meta property=\"og:image:height\" content=\"700\" \/>\n\t<meta property=\"og:image:type\" content=\"image\/png\" \/>\n<meta name=\"twitter:card\" content=\"summary_large_image\" \/>\n<meta name=\"twitter:label1\" content=\"Tempo di lettura stimato\" \/>\n\t<meta name=\"twitter:data1\" content=\"2 minuti\" \/>\n<script type=\"application\/ld+json\" class=\"yoast-schema-graph\">{\"@context\":\"https:\/\/schema.org\",\"@graph\":[{\"@type\":\"WebPage\",\"@id\":\"https:\/\/www.cheapdiscordboost.com\/it\/shop\/discordia-nitro\/discordia-nitro\/\",\"url\":\"https:\/\/www.cheapdiscordboost.com\/it\/shop\/discordia-nitro\/discordia-nitro\/\",\"name\":\"Discord Nitro - Cheap Discord Boost - Be Smart Buying Cheaper Nitro\",\"isPartOf\":{\"@id\":\"https:\/\/www.cheapdiscordboost.com\/it\/#website\"},\"primaryImageOfPage\":{\"@id\":\"https:\/\/www.cheapdiscordboost.com\/it\/shop\/discordia-nitro\/discordia-nitro\/#primaryimage\"},\"image\":{\"@id\":\"https:\/\/www.cheapdiscordboost.com\/it\/shop\/discordia-nitro\/discordia-nitro\/#primaryimage\"},\"thumbnailUrl\":\"https:\/\/www.cheapdiscordboost.com\/wp-content\/uploads\/2023\/09\/discord-nitro-boost-1.png\",\"datePublished\":\"2023-09-22T18:25:10+00:00\",\"dateModified\":\"2023-11-27T03:13:21+00:00\",\"description\":\"Cosa ti offre Discord Nitro Boost? Vantaggi del server migliorati: potenziando un server, il badge del server cromatico, l'URL esclusivo del server e altre funzionalit\u00e0.\",\"breadcrumb\":{\"@id\":\"https:\/\/www.cheapdiscordboost.com\/it\/shop\/discordia-nitro\/discordia-nitro\/#breadcrumb\"},\"inLanguage\":\"it-IT\",\"potentialAction\":[{\"@type\":\"ReadAction\",\"target\":[\"https:\/\/www.cheapdiscordboost.com\/it\/shop\/discordia-nitro\/discordia-nitro\/\"]}]},{\"@type\":\"ImageObject\",\"inLanguage\":\"it-IT\",\"@id\":\"https:\/\/www.cheapdiscordboost.com\/it\/shop\/discordia-nitro\/discordia-nitro\/#primaryimage\",\"url\":\"https:\/\/www.cheapdiscordboost.com\/wp-content\/uploads\/2023\/09\/discord-nitro-boost-1.png\",\"contentUrl\":\"https:\/\/www.cheapdiscordboost.com\/wp-content\/uploads\/2023\/09\/discord-nitro-boost-1.png\",\"width\":932,\"height\":700},{\"@type\":\"BreadcrumbList\",\"@id\":\"https:\/\/www.cheapdiscordboost.com\/it\/shop\/discordia-nitro\/discordia-nitro\/#breadcrumb\",\"itemListElement\":[{\"@type\":\"ListItem\",\"position\":1,\"name\":\"Home\",\"item\":\"https:\/\/www.cheapdiscordboost.com\/it\/\"},{\"@type\":\"ListItem\",\"position\":2,\"name\":\"Negozio\",\"item\":\"https:\/\/www.cheapdiscordboost.com\/it\/negozio\/\"},{\"@type\":\"ListItem\",\"position\":3,\"name\":\"Discord Nitro\"}]},{\"@type\":\"WebSite\",\"@id\":\"https:\/\/www.cheapdiscordboost.com\/it\/#website\",\"url\":\"https:\/\/www.cheapdiscordboost.com\/it\/\",\"name\":\"Cheap Discord Boost - Be Smart Buying Cheaper Nitro\",\"description\":\"\",\"publisher\":{\"@id\":\"https:\/\/www.cheapdiscordboost.com\/it\/#organization\"},\"potentialAction\":[{\"@type\":\"SearchAction\",\"target\":{\"@type\":\"EntryPoint\",\"urlTemplate\":\"https:\/\/www.cheapdiscordboost.com\/it\/?s={search_term_string}\"},\"query-input\":{\"@type\":\"PropertyValueSpecification\",\"valueRequired\":true,\"valueName\":\"search_term_string\"}}],\"inLanguage\":\"it-IT\"},{\"@type\":\"Organization\",\"@id\":\"https:\/\/www.cheapdiscordboost.com\/it\/#organization\",\"name\":\"Cheap Discord Boost - Be Smart Buying Cheaper Nitro\",\"url\":\"https:\/\/www.cheapdiscordboost.com\/it\/\",\"logo\":{\"@type\":\"ImageObject\",\"inLanguage\":\"it-IT\",\"@id\":\"https:\/\/www.cheapdiscordboost.com\/it\/#\/schema\/logo\/image\/\",\"url\":\"https:\/\/www.cheapdiscordboost.com\/wp-content\/uploads\/2023\/09\/logo.png\",\"contentUrl\":\"https:\/\/www.cheapdiscordboost.com\/wp-content\/uploads\/2023\/09\/logo.png\",\"width\":439,\"height\":40,\"caption\":\"Cheap Discord Boost - Be Smart Buying Cheaper Nitro\"},\"image\":{\"@id\":\"https:\/\/www.cheapdiscordboost.com\/it\/#\/schema\/logo\/image\/\"}}]}<\/script>\n<!-- \/ Yoast SEO plugin. -->","yoast_head_json":{"title":"Discord Nitro - Cheap Discord Boost - Be Smart Buying Cheaper Nitro","description":"Cosa ti offre Discord Nitro Boost? Vantaggi del server migliorati: potenziando un server, il badge del server cromatico, l'URL esclusivo del server e altre funzionalit\u00e0.","robots":{"index":"index","follow":"follow","max-snippet":"max-snippet:-1","max-image-preview":"max-image-preview:large","max-video-preview":"max-video-preview:-1"},"canonical":"https:\/\/www.cheapdiscordboost.com\/it\/shop\/discordia-nitro\/discordia-nitro\/","og_locale":"it_IT","og_type":"article","og_title":"Discord Nitro - Cheap Discord Boost - Be Smart Buying Cheaper Nitro","og_description":"Cosa ti offre Discord Nitro Boost? Vantaggi del server migliorati: potenziando un server, il badge del server cromatico, l'URL esclusivo del server e altre funzionalit\u00e0.","og_url":"https:\/\/www.cheapdiscordboost.com\/it\/shop\/discordia-nitro\/discordia-nitro\/","og_site_name":"Cheap Discord Boost - Be Smart Buying Cheaper Nitro","article_modified_time":"2023-11-27T03:13:21+00:00","og_image":[{"width":932,"height":700,"url":"https:\/\/www.cheapdiscordboost.com\/wp-content\/uploads\/2023\/09\/discord-nitro-boost-1.png","type":"image\/png"}],"twitter_card":"summary_large_image","twitter_misc":{"Tempo di lettura stimato":"2 minuti"},"schema":{"@context":"https:\/\/schema.org","@graph":[{"@type":"WebPage","@id":"https:\/\/www.cheapdiscordboost.com\/it\/shop\/discordia-nitro\/discordia-nitro\/","url":"https:\/\/www.cheapdiscordboost.com\/it\/shop\/discordia-nitro\/discordia-nitro\/","name":"Discord Nitro - Cheap Discord Boost - Be Smart Buying Cheaper Nitro","isPartOf":{"@id":"https:\/\/www.cheapdiscordboost.com\/it\/#website"},"primaryImageOfPage":{"@id":"https:\/\/www.cheapdiscordboost.com\/it\/shop\/discordia-nitro\/discordia-nitro\/#primaryimage"},"image":{"@id":"https:\/\/www.cheapdiscordboost.com\/it\/shop\/discordia-nitro\/discordia-nitro\/#primaryimage"},"thumbnailUrl":"https:\/\/www.cheapdiscordboost.com\/wp-content\/uploads\/2023\/09\/discord-nitro-boost-1.png","datePublished":"2023-09-22T18:25:10+00:00","dateModified":"2023-11-27T03:13:21+00:00","description":"Cosa ti offre Discord Nitro Boost? Vantaggi del server migliorati: potenziando un server, il badge del server cromatico, l'URL esclusivo del server e altre funzionalit\u00e0.","breadcrumb":{"@id":"https:\/\/www.cheapdiscordboost.com\/it\/shop\/discordia-nitro\/discordia-nitro\/#breadcrumb"},"inLanguage":"it-IT","potentialAction":[{"@type":"ReadAction","target":["https:\/\/www.cheapdiscordboost.com\/it\/shop\/discordia-nitro\/discordia-nitro\/"]}]},{"@type":"ImageObject","inLanguage":"it-IT","@id":"https:\/\/www.cheapdiscordboost.com\/it\/shop\/discordia-nitro\/discordia-nitro\/#primaryimage","url":"https:\/\/www.cheapdiscordboost.com\/wp-content\/uploads\/2023\/09\/discord-nitro-boost-1.png","contentUrl":"https:\/\/www.cheapdiscordboost.com\/wp-content\/uploads\/2023\/09\/discord-nitro-boost-1.png","width":932,"height":700},{"@type":"BreadcrumbList","@id":"https:\/\/www.cheapdiscordboost.com\/it\/shop\/discordia-nitro\/discordia-nitro\/#breadcrumb","itemListElement":[{"@type":"ListItem","position":1,"name":"Home","item":"https:\/\/www.cheapdiscordboost.com\/it\/"},{"@type":"ListItem","position":2,"name":"Negozio","item":"https:\/\/www.cheapdiscordboost.com\/it\/negozio\/"},{"@type":"ListItem","position":3,"name":"Discord Nitro"}]},{"@type":"WebSite","@id":"https:\/\/www.cheapdiscordboost.com\/it\/#website","url":"https:\/\/www.cheapdiscordboost.com\/it\/","name":"Cheap Discord Boost - Be Smart Buying Cheaper Nitro","description":"","publisher":{"@id":"https:\/\/www.cheapdiscordboost.com\/it\/#organization"},"potentialAction":[{"@type":"SearchAction","target":{"@type":"EntryPoint","urlTemplate":"https:\/\/www.cheapdiscordboost.com\/it\/?s={search_term_string}"},"query-input":{"@type":"PropertyValueSpecification","valueRequired":true,"valueName":"search_term_string"}}],"inLanguage":"it-IT"},{"@type":"Organization","@id":"https:\/\/www.cheapdiscordboost.com\/it\/#organization","name":"Cheap Discord Boost - Be Smart Buying Cheaper Nitro","url":"https:\/\/www.cheapdiscordboost.com\/it\/","logo":{"@type":"ImageObject","inLanguage":"it-IT","@id":"https:\/\/www.cheapdiscordboost.com\/it\/#\/schema\/logo\/image\/","url":"https:\/\/www.cheapdiscordboost.com\/wp-content\/uploads\/2023\/09\/logo.png","contentUrl":"https:\/\/www.cheapdiscordboost.com\/wp-content\/uploads\/2023\/09\/logo.png","width":439,"height":40,"caption":"Cheap Discord Boost - Be Smart Buying Cheaper Nitro"},"image":{"@id":"https:\/\/www.cheapdiscordboost.com\/it\/#\/schema\/logo\/image\/"}}]}},"_links":{"self":[{"href":"https:\/\/www.cheapdiscordboost.com\/it\/wp-json\/wp\/v2\/product\/4510","targetHints":{"allow":["GET"]}}],"collection":[{"href":"https:\/\/www.cheapdiscordboost.com\/it\/wp-json\/wp\/v2\/product"}],"about":[{"href":"https:\/\/www.cheapdiscordboost.com\/it\/wp-json\/wp\/v2\/types\/product"}],"version-history":[{"count":1,"href":"https:\/\/www.cheapdiscordboost.com\/it\/wp-json\/wp\/v2\/product\/4510\/revisions"}],"predecessor-version":[{"id":4558,"href":"https:\/\/www.cheapdiscordboost.com\/it\/wp-json\/wp\/v2\/product\/4510\/revisions\/4558"}],"wp:featuredmedia":[{"embeddable":true,"href":"https:\/\/www.cheapdiscordboost.com\/it\/wp-json\/wp\/v2\/media\/3727"}],"wp:attachment":[{"href":"https:\/\/www.cheapdiscordboost.com\/it\/wp-json\/wp\/v2\/media?parent=4510"}],"wp:term":[{"taxonomy":"product_brand","embeddable":true,"href":"https:\/\/www.cheapdiscordboost.com\/it\/wp-json\/wp\/v2\/product_brand?post=4510"},{"taxonomy":"product_cat","embeddable":true,"href":"https:\/\/www.cheapdiscordboost.com\/it\/wp-json\/wp\/v2\/product_cat?post=4510"},{"taxonomy":"product_tag","embeddable":true,"href":"https:\/\/www.cheapdiscordboost.com\/it\/wp-json\/wp\/v2\/product_tag?post=4510"}],"curies":[{"name":"wp","href":"https:\/\/api.w.org\/{rel}","templated":true}]}}