{"id":4452,"date":"2023-09-22T23:27:20","date_gmt":"2023-09-22T23:27:20","guid":{"rendered":"https:\/\/www.cheapdiscordboost.com\/shop\/senza-categoria\/token-onliner-v1-src\/"},"modified":"2023-09-22T23:27:20","modified_gmt":"2023-09-22T23:27:20","slug":"token-onliner-v1-src","status":"publish","type":"product","link":"https:\/\/www.cheapdiscordboost.com\/it\/shop\/strumenti-discord\/token-onliner-v1-src\/","title":{"rendered":"Token Onliner v1  [src]"},"content":{"rendered":"<p><strong>Token di massa Onliner v1  [src]<\/strong><\/p>\n<p><strong>Caratteristiche:<\/strong><\/p>\n<ul>\n<li><strong>Facilit\u00e0 e velocit\u00e0<\/strong>: porta online i tuoi token discord in modo rapido e senza sforzo.<\/li>\n<li>Stato casuale online: i token appaiono pi\u00f9 autentici con lo stato <strong>casuale (online<\/strong>, dnd, inattivo).<\/li>\n<li><strong>Multi-Threaded<\/strong>: Aumenta la tua efficienza con il supporto multi-threading.<\/li>\n<li><strong>Pacchetto completo<\/strong>: include il codice sorgente, le istruzioni di configurazione e l&#8217;assistenza clienti.<\/li>\n<li><strong>Gestione efficiente<\/strong> dei token: ideale per gestire pi\u00f9 token contemporaneamente senza la necessit\u00e0 di pi\u00f9 istanze.<\/li>\n<\/ul>\n","protected":false},"excerpt":{"rendered":"<p>Token di massa Onliner v1 [src] Caratteristiche: Facilit\u00e0 e velocit\u00e0: porta online i tuoi token discord in modo rapido e<\/p>\n","protected":false},"featured_media":3751,"template":"","meta":[],"product_brand":[],"product_cat":[197],"product_tag":[],"class_list":{"0":"post-4452","1":"product","2":"type-product","3":"status-publish","4":"has-post-thumbnail","6":"product_cat-strumenti-discord","8":"first","9":"instock","10":"sale","11":"downloadable","12":"shipping-taxable","13":"purchasable","14":"product-type-simple"},"yoast_head":"<!-- This site is optimized with the Yoast SEO plugin v27.2 - https:\/\/yoast.com\/product\/yoast-seo-wordpress\/ -->\n<title>Token Onliner v1 [src] - Cheap Discord Boost - Be Smart Buying Cheaper Nitro<\/title>\n<meta name=\"robots\" content=\"index, follow, max-snippet:-1, max-image-preview:large, max-video-preview:-1\" \/>\n<link rel=\"canonical\" href=\"https:\/\/www.cheapdiscordboost.com\/it\/shop\/strumenti-discord\/token-onliner-v1-src\/\" \/>\n<meta property=\"og:locale\" content=\"it_IT\" \/>\n<meta property=\"og:type\" content=\"article\" \/>\n<meta property=\"og:title\" content=\"Token Onliner v1 [src] - Cheap Discord Boost - Be Smart Buying Cheaper Nitro\" \/>\n<meta property=\"og:description\" content=\"Token di massa Onliner v1 [src] Caratteristiche: Facilit\u00e0 e velocit\u00e0: porta online i tuoi token discord in modo rapido e\" \/>\n<meta property=\"og:url\" content=\"https:\/\/www.cheapdiscordboost.com\/it\/shop\/strumenti-discord\/token-onliner-v1-src\/\" \/>\n<meta property=\"og:site_name\" content=\"Cheap Discord Boost - Be Smart Buying Cheaper Nitro\" \/>\n<meta property=\"og:image\" content=\"https:\/\/www.cheapdiscordboost.com\/wp-content\/uploads\/2023\/09\/discord-tool.png\" \/>\n\t<meta property=\"og:image:width\" content=\"700\" \/>\n\t<meta property=\"og:image:height\" content=\"700\" \/>\n\t<meta property=\"og:image:type\" content=\"image\/png\" \/>\n<meta name=\"twitter:card\" content=\"summary_large_image\" \/>\n<script type=\"application\/ld+json\" class=\"yoast-schema-graph\">{\"@context\":\"https:\/\/schema.org\",\"@graph\":[{\"@type\":\"WebPage\",\"@id\":\"https:\/\/www.cheapdiscordboost.com\/it\/shop\/strumenti-discord\/token-onliner-v1-src\/\",\"url\":\"https:\/\/www.cheapdiscordboost.com\/it\/shop\/strumenti-discord\/token-onliner-v1-src\/\",\"name\":\"Token Onliner v1 [src] - Cheap Discord Boost - Be Smart Buying Cheaper Nitro\",\"isPartOf\":{\"@id\":\"https:\/\/www.cheapdiscordboost.com\/it\/#website\"},\"primaryImageOfPage\":{\"@id\":\"https:\/\/www.cheapdiscordboost.com\/it\/shop\/strumenti-discord\/token-onliner-v1-src\/#primaryimage\"},\"image\":{\"@id\":\"https:\/\/www.cheapdiscordboost.com\/it\/shop\/strumenti-discord\/token-onliner-v1-src\/#primaryimage\"},\"thumbnailUrl\":\"https:\/\/www.cheapdiscordboost.com\/wp-content\/uploads\/2023\/09\/discord-tool.png\",\"datePublished\":\"2023-09-22T23:27:20+00:00\",\"breadcrumb\":{\"@id\":\"https:\/\/www.cheapdiscordboost.com\/it\/shop\/strumenti-discord\/token-onliner-v1-src\/#breadcrumb\"},\"inLanguage\":\"it-IT\",\"potentialAction\":[{\"@type\":\"ReadAction\",\"target\":[\"https:\/\/www.cheapdiscordboost.com\/it\/shop\/strumenti-discord\/token-onliner-v1-src\/\"]}]},{\"@type\":\"ImageObject\",\"inLanguage\":\"it-IT\",\"@id\":\"https:\/\/www.cheapdiscordboost.com\/it\/shop\/strumenti-discord\/token-onliner-v1-src\/#primaryimage\",\"url\":\"https:\/\/www.cheapdiscordboost.com\/wp-content\/uploads\/2023\/09\/discord-tool.png\",\"contentUrl\":\"https:\/\/www.cheapdiscordboost.com\/wp-content\/uploads\/2023\/09\/discord-tool.png\",\"width\":700,\"height\":700},{\"@type\":\"BreadcrumbList\",\"@id\":\"https:\/\/www.cheapdiscordboost.com\/it\/shop\/strumenti-discord\/token-onliner-v1-src\/#breadcrumb\",\"itemListElement\":[{\"@type\":\"ListItem\",\"position\":1,\"name\":\"Home\",\"item\":\"https:\/\/www.cheapdiscordboost.com\/it\/\"},{\"@type\":\"ListItem\",\"position\":2,\"name\":\"Negozio\",\"item\":\"https:\/\/www.cheapdiscordboost.com\/it\/negozio\/\"},{\"@type\":\"ListItem\",\"position\":3,\"name\":\"Token Onliner v1 [src]\"}]},{\"@type\":\"WebSite\",\"@id\":\"https:\/\/www.cheapdiscordboost.com\/it\/#website\",\"url\":\"https:\/\/www.cheapdiscordboost.com\/it\/\",\"name\":\"Cheap Discord Boost - Be Smart Buying Cheaper Nitro\",\"description\":\"\",\"publisher\":{\"@id\":\"https:\/\/www.cheapdiscordboost.com\/it\/#organization\"},\"potentialAction\":[{\"@type\":\"SearchAction\",\"target\":{\"@type\":\"EntryPoint\",\"urlTemplate\":\"https:\/\/www.cheapdiscordboost.com\/it\/?s={search_term_string}\"},\"query-input\":{\"@type\":\"PropertyValueSpecification\",\"valueRequired\":true,\"valueName\":\"search_term_string\"}}],\"inLanguage\":\"it-IT\"},{\"@type\":\"Organization\",\"@id\":\"https:\/\/www.cheapdiscordboost.com\/it\/#organization\",\"name\":\"Cheap Discord Boost - Be Smart Buying Cheaper Nitro\",\"url\":\"https:\/\/www.cheapdiscordboost.com\/it\/\",\"logo\":{\"@type\":\"ImageObject\",\"inLanguage\":\"it-IT\",\"@id\":\"https:\/\/www.cheapdiscordboost.com\/it\/#\/schema\/logo\/image\/\",\"url\":\"https:\/\/www.cheapdiscordboost.com\/wp-content\/uploads\/2023\/09\/logo.png\",\"contentUrl\":\"https:\/\/www.cheapdiscordboost.com\/wp-content\/uploads\/2023\/09\/logo.png\",\"width\":439,\"height\":40,\"caption\":\"Cheap Discord Boost - Be Smart Buying Cheaper Nitro\"},\"image\":{\"@id\":\"https:\/\/www.cheapdiscordboost.com\/it\/#\/schema\/logo\/image\/\"}}]}<\/script>\n<!-- \/ Yoast SEO plugin. -->","yoast_head_json":{"title":"Token Onliner v1 [src] - Cheap Discord Boost - Be Smart Buying Cheaper Nitro","robots":{"index":"index","follow":"follow","max-snippet":"max-snippet:-1","max-image-preview":"max-image-preview:large","max-video-preview":"max-video-preview:-1"},"canonical":"https:\/\/www.cheapdiscordboost.com\/it\/shop\/strumenti-discord\/token-onliner-v1-src\/","og_locale":"it_IT","og_type":"article","og_title":"Token Onliner v1 [src] - Cheap Discord Boost - Be Smart Buying Cheaper Nitro","og_description":"Token di massa Onliner v1 [src] Caratteristiche: Facilit\u00e0 e velocit\u00e0: porta online i tuoi token discord in modo rapido e","og_url":"https:\/\/www.cheapdiscordboost.com\/it\/shop\/strumenti-discord\/token-onliner-v1-src\/","og_site_name":"Cheap Discord Boost - Be Smart Buying Cheaper Nitro","og_image":[{"width":700,"height":700,"url":"https:\/\/www.cheapdiscordboost.com\/wp-content\/uploads\/2023\/09\/discord-tool.png","type":"image\/png"}],"twitter_card":"summary_large_image","schema":{"@context":"https:\/\/schema.org","@graph":[{"@type":"WebPage","@id":"https:\/\/www.cheapdiscordboost.com\/it\/shop\/strumenti-discord\/token-onliner-v1-src\/","url":"https:\/\/www.cheapdiscordboost.com\/it\/shop\/strumenti-discord\/token-onliner-v1-src\/","name":"Token Onliner v1 [src] - Cheap Discord Boost - Be Smart Buying Cheaper Nitro","isPartOf":{"@id":"https:\/\/www.cheapdiscordboost.com\/it\/#website"},"primaryImageOfPage":{"@id":"https:\/\/www.cheapdiscordboost.com\/it\/shop\/strumenti-discord\/token-onliner-v1-src\/#primaryimage"},"image":{"@id":"https:\/\/www.cheapdiscordboost.com\/it\/shop\/strumenti-discord\/token-onliner-v1-src\/#primaryimage"},"thumbnailUrl":"https:\/\/www.cheapdiscordboost.com\/wp-content\/uploads\/2023\/09\/discord-tool.png","datePublished":"2023-09-22T23:27:20+00:00","breadcrumb":{"@id":"https:\/\/www.cheapdiscordboost.com\/it\/shop\/strumenti-discord\/token-onliner-v1-src\/#breadcrumb"},"inLanguage":"it-IT","potentialAction":[{"@type":"ReadAction","target":["https:\/\/www.cheapdiscordboost.com\/it\/shop\/strumenti-discord\/token-onliner-v1-src\/"]}]},{"@type":"ImageObject","inLanguage":"it-IT","@id":"https:\/\/www.cheapdiscordboost.com\/it\/shop\/strumenti-discord\/token-onliner-v1-src\/#primaryimage","url":"https:\/\/www.cheapdiscordboost.com\/wp-content\/uploads\/2023\/09\/discord-tool.png","contentUrl":"https:\/\/www.cheapdiscordboost.com\/wp-content\/uploads\/2023\/09\/discord-tool.png","width":700,"height":700},{"@type":"BreadcrumbList","@id":"https:\/\/www.cheapdiscordboost.com\/it\/shop\/strumenti-discord\/token-onliner-v1-src\/#breadcrumb","itemListElement":[{"@type":"ListItem","position":1,"name":"Home","item":"https:\/\/www.cheapdiscordboost.com\/it\/"},{"@type":"ListItem","position":2,"name":"Negozio","item":"https:\/\/www.cheapdiscordboost.com\/it\/negozio\/"},{"@type":"ListItem","position":3,"name":"Token Onliner v1 [src]"}]},{"@type":"WebSite","@id":"https:\/\/www.cheapdiscordboost.com\/it\/#website","url":"https:\/\/www.cheapdiscordboost.com\/it\/","name":"Cheap Discord Boost - Be Smart Buying Cheaper Nitro","description":"","publisher":{"@id":"https:\/\/www.cheapdiscordboost.com\/it\/#organization"},"potentialAction":[{"@type":"SearchAction","target":{"@type":"EntryPoint","urlTemplate":"https:\/\/www.cheapdiscordboost.com\/it\/?s={search_term_string}"},"query-input":{"@type":"PropertyValueSpecification","valueRequired":true,"valueName":"search_term_string"}}],"inLanguage":"it-IT"},{"@type":"Organization","@id":"https:\/\/www.cheapdiscordboost.com\/it\/#organization","name":"Cheap Discord Boost - Be Smart Buying Cheaper Nitro","url":"https:\/\/www.cheapdiscordboost.com\/it\/","logo":{"@type":"ImageObject","inLanguage":"it-IT","@id":"https:\/\/www.cheapdiscordboost.com\/it\/#\/schema\/logo\/image\/","url":"https:\/\/www.cheapdiscordboost.com\/wp-content\/uploads\/2023\/09\/logo.png","contentUrl":"https:\/\/www.cheapdiscordboost.com\/wp-content\/uploads\/2023\/09\/logo.png","width":439,"height":40,"caption":"Cheap Discord Boost - Be Smart Buying Cheaper Nitro"},"image":{"@id":"https:\/\/www.cheapdiscordboost.com\/it\/#\/schema\/logo\/image\/"}}]}},"_links":{"self":[{"href":"https:\/\/www.cheapdiscordboost.com\/it\/wp-json\/wp\/v2\/product\/4452","targetHints":{"allow":["GET"]}}],"collection":[{"href":"https:\/\/www.cheapdiscordboost.com\/it\/wp-json\/wp\/v2\/product"}],"about":[{"href":"https:\/\/www.cheapdiscordboost.com\/it\/wp-json\/wp\/v2\/types\/product"}],"version-history":[{"count":0,"href":"https:\/\/www.cheapdiscordboost.com\/it\/wp-json\/wp\/v2\/product\/4452\/revisions"}],"wp:featuredmedia":[{"embeddable":true,"href":"https:\/\/www.cheapdiscordboost.com\/it\/wp-json\/wp\/v2\/media\/3751"}],"wp:attachment":[{"href":"https:\/\/www.cheapdiscordboost.com\/it\/wp-json\/wp\/v2\/media?parent=4452"}],"wp:term":[{"taxonomy":"product_brand","embeddable":true,"href":"https:\/\/www.cheapdiscordboost.com\/it\/wp-json\/wp\/v2\/product_brand?post=4452"},{"taxonomy":"product_cat","embeddable":true,"href":"https:\/\/www.cheapdiscordboost.com\/it\/wp-json\/wp\/v2\/product_cat?post=4452"},{"taxonomy":"product_tag","embeddable":true,"href":"https:\/\/www.cheapdiscordboost.com\/it\/wp-json\/wp\/v2\/product_tag?post=4452"}],"curies":[{"name":"wp","href":"https:\/\/api.w.org\/{rel}","templated":true}]}}