{"id":4496,"date":"2023-09-22T19:16:12","date_gmt":"2023-09-22T19:16:12","guid":{"rendered":"https:\/\/www.cheapdiscordboost.com\/shop\/non class\u00e9\/un-membre-de-discord-booste-le-mode-hors-ligne\/"},"modified":"2023-09-22T19:16:12","modified_gmt":"2023-09-22T19:16:12","slug":"un-membre-de-discord-booste-le-mode-hors-ligne","status":"publish","type":"product","link":"https:\/\/www.cheapdiscordboost.com\/fr\/shop\/coup-de-pouce-aux-membres\/un-membre-de-discord-booste-le-mode-hors-ligne\/","title":{"rendered":"Un membre de Discord booste le mode hors ligne"},"content":{"rendered":"<ul>\n<li>Membres bott\u00e9s de haute qualit\u00e9<\/li>\n<li>Profil r\u00e9aliste (nom d\u2019utilisateur, av, hype squad, bio)<\/li>\n<li>Ils se joignent \u00e0 un bot qui a besoin d\u2019une autorisation create_invite<\/li>\n<li>Le montant que vous entrez pour acheter est le nombre de membres que vous obtenez sur votre serveur<\/li>\n<\/ul>\n","protected":false},"excerpt":{"rendered":"<p>Membres bott\u00e9s de haute qualit\u00e9 Profil r\u00e9aliste (nom d\u2019utilisateur, av, hype squad, bio) Ils se joignent \u00e0 un bot qui<\/p>\n","protected":false},"featured_media":3737,"template":"","meta":[],"product_brand":[],"product_cat":[186],"product_tag":[],"class_list":{"0":"post-4496","1":"product","2":"type-product","3":"status-publish","4":"has-post-thumbnail","6":"product_cat-coup-de-pouce-aux-membres","8":"first","9":"instock","10":"shipping-taxable","11":"purchasable","12":"product-type-simple"},"yoast_head":"<!-- This site is optimized with the Yoast SEO plugin v27.2 - https:\/\/yoast.com\/product\/yoast-seo-wordpress\/ -->\n<title>Un membre de Discord booste le mode hors ligne - Cheap Discord Boost - Be Smart Buying Cheaper Nitro<\/title>\n<meta name=\"robots\" content=\"index, follow, max-snippet:-1, max-image-preview:large, max-video-preview:-1\" \/>\n<link rel=\"canonical\" href=\"https:\/\/www.cheapdiscordboost.com\/fr\/shop\/coup-de-pouce-aux-membres\/un-membre-de-discord-booste-le-mode-hors-ligne\/\" \/>\n<meta property=\"og:locale\" content=\"fr_FR\" \/>\n<meta property=\"og:type\" content=\"article\" \/>\n<meta property=\"og:title\" content=\"Un membre de Discord booste le mode hors ligne - Cheap Discord Boost - Be Smart Buying Cheaper Nitro\" \/>\n<meta property=\"og:description\" content=\"Membres bott\u00e9s de haute qualit\u00e9 Profil r\u00e9aliste (nom d\u2019utilisateur, av, hype squad, bio) Ils se joignent \u00e0 un bot qui\" \/>\n<meta property=\"og:url\" content=\"https:\/\/www.cheapdiscordboost.com\/fr\/shop\/coup-de-pouce-aux-membres\/un-membre-de-discord-booste-le-mode-hors-ligne\/\" \/>\n<meta property=\"og:site_name\" content=\"Cheap Discord Boost - Be Smart Buying Cheaper Nitro\" \/>\n<meta property=\"og:image\" content=\"https:\/\/www.cheapdiscordboost.com\/wp-content\/uploads\/2023\/09\/cheap-discord-member-boost.png\" \/>\n\t<meta property=\"og:image:width\" content=\"833\" \/>\n\t<meta property=\"og:image:height\" content=\"700\" \/>\n\t<meta property=\"og:image:type\" content=\"image\/png\" \/>\n<meta name=\"twitter:card\" content=\"summary_large_image\" \/>\n<script type=\"application\/ld+json\" class=\"yoast-schema-graph\">{\"@context\":\"https:\/\/schema.org\",\"@graph\":[{\"@type\":\"WebPage\",\"@id\":\"https:\/\/www.cheapdiscordboost.com\/fr\/shop\/coup-de-pouce-aux-membres\/un-membre-de-discord-booste-le-mode-hors-ligne\/\",\"url\":\"https:\/\/www.cheapdiscordboost.com\/fr\/shop\/coup-de-pouce-aux-membres\/un-membre-de-discord-booste-le-mode-hors-ligne\/\",\"name\":\"Un membre de Discord booste le mode hors ligne - Cheap Discord Boost - Be Smart Buying Cheaper Nitro\",\"isPartOf\":{\"@id\":\"https:\/\/www.cheapdiscordboost.com\/fr\/#website\"},\"primaryImageOfPage\":{\"@id\":\"https:\/\/www.cheapdiscordboost.com\/fr\/shop\/coup-de-pouce-aux-membres\/un-membre-de-discord-booste-le-mode-hors-ligne\/#primaryimage\"},\"image\":{\"@id\":\"https:\/\/www.cheapdiscordboost.com\/fr\/shop\/coup-de-pouce-aux-membres\/un-membre-de-discord-booste-le-mode-hors-ligne\/#primaryimage\"},\"thumbnailUrl\":\"https:\/\/www.cheapdiscordboost.com\/wp-content\/uploads\/2023\/09\/cheap-discord-member-boost.png\",\"datePublished\":\"2023-09-22T19:16:12+00:00\",\"breadcrumb\":{\"@id\":\"https:\/\/www.cheapdiscordboost.com\/fr\/shop\/coup-de-pouce-aux-membres\/un-membre-de-discord-booste-le-mode-hors-ligne\/#breadcrumb\"},\"inLanguage\":\"fr-FR\",\"potentialAction\":[{\"@type\":\"ReadAction\",\"target\":[\"https:\/\/www.cheapdiscordboost.com\/fr\/shop\/coup-de-pouce-aux-membres\/un-membre-de-discord-booste-le-mode-hors-ligne\/\"]}]},{\"@type\":\"ImageObject\",\"inLanguage\":\"fr-FR\",\"@id\":\"https:\/\/www.cheapdiscordboost.com\/fr\/shop\/coup-de-pouce-aux-membres\/un-membre-de-discord-booste-le-mode-hors-ligne\/#primaryimage\",\"url\":\"https:\/\/www.cheapdiscordboost.com\/wp-content\/uploads\/2023\/09\/cheap-discord-member-boost.png\",\"contentUrl\":\"https:\/\/www.cheapdiscordboost.com\/wp-content\/uploads\/2023\/09\/cheap-discord-member-boost.png\",\"width\":833,\"height\":700},{\"@type\":\"BreadcrumbList\",\"@id\":\"https:\/\/www.cheapdiscordboost.com\/fr\/shop\/coup-de-pouce-aux-membres\/un-membre-de-discord-booste-le-mode-hors-ligne\/#breadcrumb\",\"itemListElement\":[{\"@type\":\"ListItem\",\"position\":1,\"name\":\"Home\",\"item\":\"https:\/\/www.cheapdiscordboost.com\/fr\/\"},{\"@type\":\"ListItem\",\"position\":2,\"name\":\"Boutique\",\"item\":\"https:\/\/www.cheapdiscordboost.com\/shop\/\"},{\"@type\":\"ListItem\",\"position\":3,\"name\":\"Un membre de Discord booste le mode hors ligne\"}]},{\"@type\":\"WebSite\",\"@id\":\"https:\/\/www.cheapdiscordboost.com\/fr\/#website\",\"url\":\"https:\/\/www.cheapdiscordboost.com\/fr\/\",\"name\":\"Cheap Discord Boost - Be Smart Buying Cheaper Nitro\",\"description\":\"\",\"publisher\":{\"@id\":\"https:\/\/www.cheapdiscordboost.com\/fr\/#organization\"},\"potentialAction\":[{\"@type\":\"SearchAction\",\"target\":{\"@type\":\"EntryPoint\",\"urlTemplate\":\"https:\/\/www.cheapdiscordboost.com\/fr\/?s={search_term_string}\"},\"query-input\":{\"@type\":\"PropertyValueSpecification\",\"valueRequired\":true,\"valueName\":\"search_term_string\"}}],\"inLanguage\":\"fr-FR\"},{\"@type\":\"Organization\",\"@id\":\"https:\/\/www.cheapdiscordboost.com\/fr\/#organization\",\"name\":\"Cheap Discord Boost - Be Smart Buying Cheaper Nitro\",\"url\":\"https:\/\/www.cheapdiscordboost.com\/fr\/\",\"logo\":{\"@type\":\"ImageObject\",\"inLanguage\":\"fr-FR\",\"@id\":\"https:\/\/www.cheapdiscordboost.com\/fr\/#\/schema\/logo\/image\/\",\"url\":\"https:\/\/www.cheapdiscordboost.com\/wp-content\/uploads\/2023\/09\/logo.png\",\"contentUrl\":\"https:\/\/www.cheapdiscordboost.com\/wp-content\/uploads\/2023\/09\/logo.png\",\"width\":439,\"height\":40,\"caption\":\"Cheap Discord Boost - Be Smart Buying Cheaper Nitro\"},\"image\":{\"@id\":\"https:\/\/www.cheapdiscordboost.com\/fr\/#\/schema\/logo\/image\/\"}}]}<\/script>\n<!-- \/ Yoast SEO plugin. -->","yoast_head_json":{"title":"Un membre de Discord booste le mode hors ligne - Cheap Discord Boost - Be Smart Buying Cheaper Nitro","robots":{"index":"index","follow":"follow","max-snippet":"max-snippet:-1","max-image-preview":"max-image-preview:large","max-video-preview":"max-video-preview:-1"},"canonical":"https:\/\/www.cheapdiscordboost.com\/fr\/shop\/coup-de-pouce-aux-membres\/un-membre-de-discord-booste-le-mode-hors-ligne\/","og_locale":"fr_FR","og_type":"article","og_title":"Un membre de Discord booste le mode hors ligne - Cheap Discord Boost - Be Smart Buying Cheaper Nitro","og_description":"Membres bott\u00e9s de haute qualit\u00e9 Profil r\u00e9aliste (nom d\u2019utilisateur, av, hype squad, bio) Ils se joignent \u00e0 un bot qui","og_url":"https:\/\/www.cheapdiscordboost.com\/fr\/shop\/coup-de-pouce-aux-membres\/un-membre-de-discord-booste-le-mode-hors-ligne\/","og_site_name":"Cheap Discord Boost - Be Smart Buying Cheaper Nitro","og_image":[{"width":833,"height":700,"url":"https:\/\/www.cheapdiscordboost.com\/wp-content\/uploads\/2023\/09\/cheap-discord-member-boost.png","type":"image\/png"}],"twitter_card":"summary_large_image","schema":{"@context":"https:\/\/schema.org","@graph":[{"@type":"WebPage","@id":"https:\/\/www.cheapdiscordboost.com\/fr\/shop\/coup-de-pouce-aux-membres\/un-membre-de-discord-booste-le-mode-hors-ligne\/","url":"https:\/\/www.cheapdiscordboost.com\/fr\/shop\/coup-de-pouce-aux-membres\/un-membre-de-discord-booste-le-mode-hors-ligne\/","name":"Un membre de Discord booste le mode hors ligne - Cheap Discord Boost - Be Smart Buying Cheaper Nitro","isPartOf":{"@id":"https:\/\/www.cheapdiscordboost.com\/fr\/#website"},"primaryImageOfPage":{"@id":"https:\/\/www.cheapdiscordboost.com\/fr\/shop\/coup-de-pouce-aux-membres\/un-membre-de-discord-booste-le-mode-hors-ligne\/#primaryimage"},"image":{"@id":"https:\/\/www.cheapdiscordboost.com\/fr\/shop\/coup-de-pouce-aux-membres\/un-membre-de-discord-booste-le-mode-hors-ligne\/#primaryimage"},"thumbnailUrl":"https:\/\/www.cheapdiscordboost.com\/wp-content\/uploads\/2023\/09\/cheap-discord-member-boost.png","datePublished":"2023-09-22T19:16:12+00:00","breadcrumb":{"@id":"https:\/\/www.cheapdiscordboost.com\/fr\/shop\/coup-de-pouce-aux-membres\/un-membre-de-discord-booste-le-mode-hors-ligne\/#breadcrumb"},"inLanguage":"fr-FR","potentialAction":[{"@type":"ReadAction","target":["https:\/\/www.cheapdiscordboost.com\/fr\/shop\/coup-de-pouce-aux-membres\/un-membre-de-discord-booste-le-mode-hors-ligne\/"]}]},{"@type":"ImageObject","inLanguage":"fr-FR","@id":"https:\/\/www.cheapdiscordboost.com\/fr\/shop\/coup-de-pouce-aux-membres\/un-membre-de-discord-booste-le-mode-hors-ligne\/#primaryimage","url":"https:\/\/www.cheapdiscordboost.com\/wp-content\/uploads\/2023\/09\/cheap-discord-member-boost.png","contentUrl":"https:\/\/www.cheapdiscordboost.com\/wp-content\/uploads\/2023\/09\/cheap-discord-member-boost.png","width":833,"height":700},{"@type":"BreadcrumbList","@id":"https:\/\/www.cheapdiscordboost.com\/fr\/shop\/coup-de-pouce-aux-membres\/un-membre-de-discord-booste-le-mode-hors-ligne\/#breadcrumb","itemListElement":[{"@type":"ListItem","position":1,"name":"Home","item":"https:\/\/www.cheapdiscordboost.com\/fr\/"},{"@type":"ListItem","position":2,"name":"Boutique","item":"https:\/\/www.cheapdiscordboost.com\/shop\/"},{"@type":"ListItem","position":3,"name":"Un membre de Discord booste le mode hors ligne"}]},{"@type":"WebSite","@id":"https:\/\/www.cheapdiscordboost.com\/fr\/#website","url":"https:\/\/www.cheapdiscordboost.com\/fr\/","name":"Cheap Discord Boost - Be Smart Buying Cheaper Nitro","description":"","publisher":{"@id":"https:\/\/www.cheapdiscordboost.com\/fr\/#organization"},"potentialAction":[{"@type":"SearchAction","target":{"@type":"EntryPoint","urlTemplate":"https:\/\/www.cheapdiscordboost.com\/fr\/?s={search_term_string}"},"query-input":{"@type":"PropertyValueSpecification","valueRequired":true,"valueName":"search_term_string"}}],"inLanguage":"fr-FR"},{"@type":"Organization","@id":"https:\/\/www.cheapdiscordboost.com\/fr\/#organization","name":"Cheap Discord Boost - Be Smart Buying Cheaper Nitro","url":"https:\/\/www.cheapdiscordboost.com\/fr\/","logo":{"@type":"ImageObject","inLanguage":"fr-FR","@id":"https:\/\/www.cheapdiscordboost.com\/fr\/#\/schema\/logo\/image\/","url":"https:\/\/www.cheapdiscordboost.com\/wp-content\/uploads\/2023\/09\/logo.png","contentUrl":"https:\/\/www.cheapdiscordboost.com\/wp-content\/uploads\/2023\/09\/logo.png","width":439,"height":40,"caption":"Cheap Discord Boost - Be Smart Buying Cheaper Nitro"},"image":{"@id":"https:\/\/www.cheapdiscordboost.com\/fr\/#\/schema\/logo\/image\/"}}]}},"_links":{"self":[{"href":"https:\/\/www.cheapdiscordboost.com\/fr\/wp-json\/wp\/v2\/product\/4496","targetHints":{"allow":["GET"]}}],"collection":[{"href":"https:\/\/www.cheapdiscordboost.com\/fr\/wp-json\/wp\/v2\/product"}],"about":[{"href":"https:\/\/www.cheapdiscordboost.com\/fr\/wp-json\/wp\/v2\/types\/product"}],"version-history":[{"count":0,"href":"https:\/\/www.cheapdiscordboost.com\/fr\/wp-json\/wp\/v2\/product\/4496\/revisions"}],"wp:featuredmedia":[{"embeddable":true,"href":"https:\/\/www.cheapdiscordboost.com\/fr\/wp-json\/wp\/v2\/media\/3737"}],"wp:attachment":[{"href":"https:\/\/www.cheapdiscordboost.com\/fr\/wp-json\/wp\/v2\/media?parent=4496"}],"wp:term":[{"taxonomy":"product_brand","embeddable":true,"href":"https:\/\/www.cheapdiscordboost.com\/fr\/wp-json\/wp\/v2\/product_brand?post=4496"},{"taxonomy":"product_cat","embeddable":true,"href":"https:\/\/www.cheapdiscordboost.com\/fr\/wp-json\/wp\/v2\/product_cat?post=4496"},{"taxonomy":"product_tag","embeddable":true,"href":"https:\/\/www.cheapdiscordboost.com\/fr\/wp-json\/wp\/v2\/product_tag?post=4496"}],"curies":[{"name":"wp","href":"https:\/\/api.w.org\/{rel}","templated":true}]}}