{"id":4475,"date":"2023-09-22T18:25:10","date_gmt":"2023-09-22T18:25:10","guid":{"rendered":"https:\/\/www.cheapdiscordboost.com\/shop\/non class\u00e9\/discord-nitro\/"},"modified":"2023-09-22T18:25:10","modified_gmt":"2023-09-22T18:25:10","slug":"discord-nitro","status":"publish","type":"product","link":"https:\/\/www.cheapdiscordboost.com\/fr\/shop\/discord-nitro-fr\/discord-nitro\/","title":{"rendered":"Discord Nitro"},"content":{"rendered":"<div class=\"group w-full text-token-text-primary border-b border-black\/10 gizmo:border-0 dark:border-gray-900\/50 gizmo:dark:border-0 bg-gray-50 gizmo:bg-transparent dark:bg-[#444654] gizmo:dark:bg-transparent\" data-testid=\"conversation-turn-3\">\n<div class=\"p-4 justify-center text-base md:gap-6 md:py-6 m-auto\">\n<div class=\"flex flex-1 gap-4 text-base mx-auto md:gap-6 md:max-w-2xl lg:max-w-[38rem] xl:max-w-3xl }\">\n<div class=\"relative flex w-[calc(100%-50px)] flex-col gap-1 md:gap-3 lg:w-[calc(100%-115px)]\">\n<div class=\"flex flex-grow flex-col gap-3 max-w-full\">\n<div class=\"min-h-[20px] flex flex-col items-start gap-3 overflow-x-auto whitespace-pre-wrap break-words\">\n<div class=\"markdown prose w-full break-words dark:prose-invert light\">\n<p><strong>D\u00e9bloquez un monde d\u2019avantages avec Discord Nitro Boost<\/strong><\/p>\n<p>\u00c9levez votre exp\u00e9rience Discord \u00e0 un tout autre niveau avec Discord Nitro Boost. Cette fonctionnalit\u00e9 premium vous permet de booster vos serveurs pr\u00e9f\u00e9r\u00e9s, ce qui rend votre temps sur Discord encore plus agr\u00e9able et interactif.<\/p>\n<p><strong>Qu\u2019est-ce que Discord Nitro Boost vous offre ?<\/strong><\/p>\n<ol>\n<li><strong>Avantages am\u00e9lior\u00e9s du serveur :<\/strong> En boostant un serveur, vous contribuez \u00e0 sa croissance et \u00e0 son succ\u00e8s. Les serveurs boost\u00e9s b\u00e9n\u00e9ficient d\u2019une gamme d\u2019avantages, notamment une meilleure qualit\u00e9 audio, une capacit\u00e9 de serveur accrue pour les canaux vocaux et la possibilit\u00e9 de cr\u00e9er une URL d\u2019invitation personnalis\u00e9e.<\/li>\n<li><strong>Badge de serveur brillant :<\/strong> Montrez votre soutien et votre engagement avec un badge Nitro Boost distinct qui met en valeur votre contribution sur la liste des membres du serveur. C\u2019est un insigne d\u2019honneur pour votre d\u00e9vouement.<\/li>\n<li><strong>URL personnalis\u00e9e exclusive du serveur :<\/strong> Rendez votre serveur pr\u00e9f\u00e9r\u00e9 encore plus accessible gr\u00e2ce \u00e0 une URL unique et facile \u00e0 retenir. Partagez-le avec vos amis, ce qui leur permettra de rejoindre la communaut\u00e9 sans effort.<\/li>\n<li><strong>Emplacements Emoji personnalis\u00e9s :<\/strong> Les serveurs boost\u00e9s peuvent d\u00e9bloquer plus d\u2019emplacements pour des emojis personnalis\u00e9s, ce qui permet des conversations plus expressives et personnalis\u00e9es avec un plus large \u00e9ventail d\u2019ic\u00f4nes \u00e9motionnelles.<\/li>\n<li><strong>Banni\u00e8re du serveur :<\/strong> En tant que booster, vous avez la possibilit\u00e9 de concevoir et de mettre en valeur une banni\u00e8re de serveur, ajoutant une touche cr\u00e9ative \u00e0 l\u2019apparence du serveur.<\/li>\n<li><strong>Ic\u00f4ne de serveur anim\u00e9e :<\/strong> Donnez vie \u00e0 votre serveur avec une ic\u00f4ne anim\u00e9e qui capture l\u2019essence de votre communaut\u00e9.<\/li>\n<\/ol>\n<p><strong>Pourquoi choisir notre abonnement Discord Nitro :<\/strong><\/p>\n<ol>\n<li><strong>Auto-achat :<\/strong> Pas besoin de se connecter ; achetez Discord Nitro sans tracas.<\/li>\n<li><strong>Tarification l\u00e9gale et r\u00e9gionale :<\/strong> Obtenez Discord Nitro l\u00e9galement avec des prix r\u00e9gionaux.<\/li>\n<li><strong>Sans risque :<\/strong> Profitez d\u2019un produit 100% sans risque et sans aucune limitation.<\/li>\n<li><strong>Abonnement 1 an :<\/strong> C\u2019est une ann\u00e9e compl\u00e8te de Discord Nitro, pas seulement un cadeau.<\/li>\n<li><strong>Paiement s\u00e9curis\u00e9 :<\/strong> Recevez une carte de cr\u00e9dit virtuelle (VCC) de Turquie pour des transactions s\u00e9curis\u00e9es.<\/li>\n<li><strong>Validit\u00e9 globale :<\/strong> L\u2019abonnement Discord Nitro est valable dans le monde entier.<\/li>\n<li><strong>Garantie de 1 an&nbsp;:<\/strong> B\u00e9n\u00e9ficiez d\u2019une garantie compl\u00e8te de 1 an.<\/li>\n<li><strong>Livraison rapide&nbsp;:<\/strong> Faites-vous livrer votre achat dans un d\u00e9lai de 1 \u00e0 48 heures, c\u2019est garanti, ou recevez un remboursement complet.<\/li>\n<\/ol>\n<p>Notes suppl\u00e9mentaires :<\/p>\n<ul>\n<li>Ce produit n\u2019est pas disponible \u00e0 l\u2019achat si votre Nitro est factur\u00e9 via Google Pay ou Apple Pay.<\/li>\n<li>Vous ne pouvez pas acheter ce produit si vous avez d\u00e9j\u00e0 un abonnement annuel \u00e0 Discord Nitro.<\/li>\n<li>Vous voulez l\u2019acheter pour un ami ? Il suffit de les inviter sur notre serveur.<\/li>\n<\/ul>\n<p>Pour toute autre demande, n\u2019h\u00e9sitez pas \u00e0 nous contacter.<\/p>\n<\/div>\n<\/div>\n<\/div>\n<div class=\"flex justify-between lg:block\">\n<div class=\"text-gray-400 flex self-end lg:self-center justify-center mt-2 gap-2 md:gap-3 lg:gap-1 lg:absolute lg:top-0 lg:translate-x-full lg:right-0 lg:mt-0 lg:pl-2 visible\">\n<p>&nbsp;<\/p>\n<div class=\"flex gap-1\"><\/div>\n<\/div>\n<\/div>\n<\/div>\n<\/div>\n<\/div>\n<\/div>\n","protected":false},"excerpt":{"rendered":"<p>D\u00e9bloquez un monde d\u2019avantages avec Discord Nitro Boost \u00c9levez votre exp\u00e9rience Discord \u00e0 un tout autre niveau avec Discord Nitro<\/p>\n","protected":false},"featured_media":3725,"template":"","meta":[],"product_brand":[],"product_cat":[210],"product_tag":[],"class_list":{"0":"post-4475","1":"product","2":"type-product","3":"status-publish","4":"has-post-thumbnail","6":"product_cat-discord-nitro-fr","8":"first","9":"instock","10":"sale","11":"shipping-taxable","12":"purchasable","13":"product-type-variable"},"yoast_head":"<!-- This site is optimized with the Yoast SEO plugin v27.2 - https:\/\/yoast.com\/product\/yoast-seo-wordpress\/ -->\n<title>Discord Nitro - Cheap Discord Boost - Be Smart Buying Cheaper Nitro<\/title>\n<meta name=\"description\" content=\"Qu\u2019est-ce que Discord Nitro Boost vous offre ? Avantages de serveur am\u00e9lior\u00e9s : en boostant un serveur, un badge de serveur brillant, une URL personnalis\u00e9e de serveur exclusive et d\u2019autres fonctionnalit\u00e9s.\" \/>\n<meta name=\"robots\" content=\"index, follow, max-snippet:-1, max-image-preview:large, max-video-preview:-1\" \/>\n<link rel=\"canonical\" href=\"https:\/\/www.cheapdiscordboost.com\/fr\/shop\/discord-nitro-fr\/discord-nitro\/\" \/>\n<meta property=\"og:locale\" content=\"fr_FR\" \/>\n<meta property=\"og:type\" content=\"article\" \/>\n<meta property=\"og:title\" content=\"Discord Nitro - Cheap Discord Boost - Be Smart Buying Cheaper Nitro\" \/>\n<meta property=\"og:description\" content=\"Qu\u2019est-ce que Discord Nitro Boost vous offre ? Avantages de serveur am\u00e9lior\u00e9s : en boostant un serveur, un badge de serveur brillant, une URL personnalis\u00e9e de serveur exclusive et d\u2019autres fonctionnalit\u00e9s.\" \/>\n<meta property=\"og:url\" content=\"https:\/\/www.cheapdiscordboost.com\/fr\/shop\/discord-nitro-fr\/discord-nitro\/\" \/>\n<meta property=\"og:site_name\" content=\"Cheap Discord Boost - Be Smart Buying Cheaper Nitro\" \/>\n<meta property=\"og:image\" content=\"https:\/\/www.cheapdiscordboost.com\/wp-content\/uploads\/2023\/09\/discord-nitro-boost-1.png\" \/>\n\t<meta property=\"og:image:width\" content=\"932\" \/>\n\t<meta property=\"og:image:height\" content=\"700\" \/>\n\t<meta property=\"og:image:type\" content=\"image\/png\" \/>\n<meta name=\"twitter:card\" content=\"summary_large_image\" \/>\n<meta name=\"twitter:label1\" content=\"Dur\u00e9e de lecture estim\u00e9e\" \/>\n\t<meta name=\"twitter:data1\" content=\"2 minutes\" \/>\n<script type=\"application\/ld+json\" class=\"yoast-schema-graph\">{\"@context\":\"https:\/\/schema.org\",\"@graph\":[{\"@type\":\"WebPage\",\"@id\":\"https:\/\/www.cheapdiscordboost.com\/fr\/shop\/discord-nitro-fr\/discord-nitro\/\",\"url\":\"https:\/\/www.cheapdiscordboost.com\/fr\/shop\/discord-nitro-fr\/discord-nitro\/\",\"name\":\"Discord Nitro - Cheap Discord Boost - Be Smart Buying Cheaper Nitro\",\"isPartOf\":{\"@id\":\"https:\/\/www.cheapdiscordboost.com\/fr\/#website\"},\"primaryImageOfPage\":{\"@id\":\"https:\/\/www.cheapdiscordboost.com\/fr\/shop\/discord-nitro-fr\/discord-nitro\/#primaryimage\"},\"image\":{\"@id\":\"https:\/\/www.cheapdiscordboost.com\/fr\/shop\/discord-nitro-fr\/discord-nitro\/#primaryimage\"},\"thumbnailUrl\":\"https:\/\/www.cheapdiscordboost.com\/wp-content\/uploads\/2023\/09\/discord-nitro-boost-1.png\",\"datePublished\":\"2023-09-22T18:25:10+00:00\",\"description\":\"Qu\u2019est-ce que Discord Nitro Boost vous offre ? Avantages de serveur am\u00e9lior\u00e9s : en boostant un serveur, un badge de serveur brillant, une URL personnalis\u00e9e de serveur exclusive et d\u2019autres fonctionnalit\u00e9s.\",\"breadcrumb\":{\"@id\":\"https:\/\/www.cheapdiscordboost.com\/fr\/shop\/discord-nitro-fr\/discord-nitro\/#breadcrumb\"},\"inLanguage\":\"fr-FR\",\"potentialAction\":[{\"@type\":\"ReadAction\",\"target\":[\"https:\/\/www.cheapdiscordboost.com\/fr\/shop\/discord-nitro-fr\/discord-nitro\/\"]}]},{\"@type\":\"ImageObject\",\"inLanguage\":\"fr-FR\",\"@id\":\"https:\/\/www.cheapdiscordboost.com\/fr\/shop\/discord-nitro-fr\/discord-nitro\/#primaryimage\",\"url\":\"https:\/\/www.cheapdiscordboost.com\/wp-content\/uploads\/2023\/09\/discord-nitro-boost-1.png\",\"contentUrl\":\"https:\/\/www.cheapdiscordboost.com\/wp-content\/uploads\/2023\/09\/discord-nitro-boost-1.png\",\"width\":932,\"height\":700},{\"@type\":\"BreadcrumbList\",\"@id\":\"https:\/\/www.cheapdiscordboost.com\/fr\/shop\/discord-nitro-fr\/discord-nitro\/#breadcrumb\",\"itemListElement\":[{\"@type\":\"ListItem\",\"position\":1,\"name\":\"Home\",\"item\":\"https:\/\/www.cheapdiscordboost.com\/fr\/\"},{\"@type\":\"ListItem\",\"position\":2,\"name\":\"Boutique\",\"item\":\"https:\/\/www.cheapdiscordboost.com\/shop\/\"},{\"@type\":\"ListItem\",\"position\":3,\"name\":\"Discord Nitro\"}]},{\"@type\":\"WebSite\",\"@id\":\"https:\/\/www.cheapdiscordboost.com\/fr\/#website\",\"url\":\"https:\/\/www.cheapdiscordboost.com\/fr\/\",\"name\":\"Cheap Discord Boost - Be Smart Buying Cheaper Nitro\",\"description\":\"\",\"publisher\":{\"@id\":\"https:\/\/www.cheapdiscordboost.com\/fr\/#organization\"},\"potentialAction\":[{\"@type\":\"SearchAction\",\"target\":{\"@type\":\"EntryPoint\",\"urlTemplate\":\"https:\/\/www.cheapdiscordboost.com\/fr\/?s={search_term_string}\"},\"query-input\":{\"@type\":\"PropertyValueSpecification\",\"valueRequired\":true,\"valueName\":\"search_term_string\"}}],\"inLanguage\":\"fr-FR\"},{\"@type\":\"Organization\",\"@id\":\"https:\/\/www.cheapdiscordboost.com\/fr\/#organization\",\"name\":\"Cheap Discord Boost - Be Smart Buying Cheaper Nitro\",\"url\":\"https:\/\/www.cheapdiscordboost.com\/fr\/\",\"logo\":{\"@type\":\"ImageObject\",\"inLanguage\":\"fr-FR\",\"@id\":\"https:\/\/www.cheapdiscordboost.com\/fr\/#\/schema\/logo\/image\/\",\"url\":\"https:\/\/www.cheapdiscordboost.com\/wp-content\/uploads\/2023\/09\/logo.png\",\"contentUrl\":\"https:\/\/www.cheapdiscordboost.com\/wp-content\/uploads\/2023\/09\/logo.png\",\"width\":439,\"height\":40,\"caption\":\"Cheap Discord Boost - Be Smart Buying Cheaper Nitro\"},\"image\":{\"@id\":\"https:\/\/www.cheapdiscordboost.com\/fr\/#\/schema\/logo\/image\/\"}}]}<\/script>\n<!-- \/ Yoast SEO plugin. -->","yoast_head_json":{"title":"Discord Nitro - Cheap Discord Boost - Be Smart Buying Cheaper Nitro","description":"Qu\u2019est-ce que Discord Nitro Boost vous offre ? Avantages de serveur am\u00e9lior\u00e9s : en boostant un serveur, un badge de serveur brillant, une URL personnalis\u00e9e de serveur exclusive et d\u2019autres fonctionnalit\u00e9s.","robots":{"index":"index","follow":"follow","max-snippet":"max-snippet:-1","max-image-preview":"max-image-preview:large","max-video-preview":"max-video-preview:-1"},"canonical":"https:\/\/www.cheapdiscordboost.com\/fr\/shop\/discord-nitro-fr\/discord-nitro\/","og_locale":"fr_FR","og_type":"article","og_title":"Discord Nitro - Cheap Discord Boost - Be Smart Buying Cheaper Nitro","og_description":"Qu\u2019est-ce que Discord Nitro Boost vous offre ? Avantages de serveur am\u00e9lior\u00e9s : en boostant un serveur, un badge de serveur brillant, une URL personnalis\u00e9e de serveur exclusive et d\u2019autres fonctionnalit\u00e9s.","og_url":"https:\/\/www.cheapdiscordboost.com\/fr\/shop\/discord-nitro-fr\/discord-nitro\/","og_site_name":"Cheap Discord Boost - Be Smart Buying Cheaper Nitro","og_image":[{"width":932,"height":700,"url":"https:\/\/www.cheapdiscordboost.com\/wp-content\/uploads\/2023\/09\/discord-nitro-boost-1.png","type":"image\/png"}],"twitter_card":"summary_large_image","twitter_misc":{"Dur\u00e9e de lecture estim\u00e9e":"2 minutes"},"schema":{"@context":"https:\/\/schema.org","@graph":[{"@type":"WebPage","@id":"https:\/\/www.cheapdiscordboost.com\/fr\/shop\/discord-nitro-fr\/discord-nitro\/","url":"https:\/\/www.cheapdiscordboost.com\/fr\/shop\/discord-nitro-fr\/discord-nitro\/","name":"Discord Nitro - Cheap Discord Boost - Be Smart Buying Cheaper Nitro","isPartOf":{"@id":"https:\/\/www.cheapdiscordboost.com\/fr\/#website"},"primaryImageOfPage":{"@id":"https:\/\/www.cheapdiscordboost.com\/fr\/shop\/discord-nitro-fr\/discord-nitro\/#primaryimage"},"image":{"@id":"https:\/\/www.cheapdiscordboost.com\/fr\/shop\/discord-nitro-fr\/discord-nitro\/#primaryimage"},"thumbnailUrl":"https:\/\/www.cheapdiscordboost.com\/wp-content\/uploads\/2023\/09\/discord-nitro-boost-1.png","datePublished":"2023-09-22T18:25:10+00:00","description":"Qu\u2019est-ce que Discord Nitro Boost vous offre ? Avantages de serveur am\u00e9lior\u00e9s : en boostant un serveur, un badge de serveur brillant, une URL personnalis\u00e9e de serveur exclusive et d\u2019autres fonctionnalit\u00e9s.","breadcrumb":{"@id":"https:\/\/www.cheapdiscordboost.com\/fr\/shop\/discord-nitro-fr\/discord-nitro\/#breadcrumb"},"inLanguage":"fr-FR","potentialAction":[{"@type":"ReadAction","target":["https:\/\/www.cheapdiscordboost.com\/fr\/shop\/discord-nitro-fr\/discord-nitro\/"]}]},{"@type":"ImageObject","inLanguage":"fr-FR","@id":"https:\/\/www.cheapdiscordboost.com\/fr\/shop\/discord-nitro-fr\/discord-nitro\/#primaryimage","url":"https:\/\/www.cheapdiscordboost.com\/wp-content\/uploads\/2023\/09\/discord-nitro-boost-1.png","contentUrl":"https:\/\/www.cheapdiscordboost.com\/wp-content\/uploads\/2023\/09\/discord-nitro-boost-1.png","width":932,"height":700},{"@type":"BreadcrumbList","@id":"https:\/\/www.cheapdiscordboost.com\/fr\/shop\/discord-nitro-fr\/discord-nitro\/#breadcrumb","itemListElement":[{"@type":"ListItem","position":1,"name":"Home","item":"https:\/\/www.cheapdiscordboost.com\/fr\/"},{"@type":"ListItem","position":2,"name":"Boutique","item":"https:\/\/www.cheapdiscordboost.com\/shop\/"},{"@type":"ListItem","position":3,"name":"Discord Nitro"}]},{"@type":"WebSite","@id":"https:\/\/www.cheapdiscordboost.com\/fr\/#website","url":"https:\/\/www.cheapdiscordboost.com\/fr\/","name":"Cheap Discord Boost - Be Smart Buying Cheaper Nitro","description":"","publisher":{"@id":"https:\/\/www.cheapdiscordboost.com\/fr\/#organization"},"potentialAction":[{"@type":"SearchAction","target":{"@type":"EntryPoint","urlTemplate":"https:\/\/www.cheapdiscordboost.com\/fr\/?s={search_term_string}"},"query-input":{"@type":"PropertyValueSpecification","valueRequired":true,"valueName":"search_term_string"}}],"inLanguage":"fr-FR"},{"@type":"Organization","@id":"https:\/\/www.cheapdiscordboost.com\/fr\/#organization","name":"Cheap Discord Boost - Be Smart Buying Cheaper Nitro","url":"https:\/\/www.cheapdiscordboost.com\/fr\/","logo":{"@type":"ImageObject","inLanguage":"fr-FR","@id":"https:\/\/www.cheapdiscordboost.com\/fr\/#\/schema\/logo\/image\/","url":"https:\/\/www.cheapdiscordboost.com\/wp-content\/uploads\/2023\/09\/logo.png","contentUrl":"https:\/\/www.cheapdiscordboost.com\/wp-content\/uploads\/2023\/09\/logo.png","width":439,"height":40,"caption":"Cheap Discord Boost - Be Smart Buying Cheaper Nitro"},"image":{"@id":"https:\/\/www.cheapdiscordboost.com\/fr\/#\/schema\/logo\/image\/"}}]}},"_links":{"self":[{"href":"https:\/\/www.cheapdiscordboost.com\/fr\/wp-json\/wp\/v2\/product\/4475","targetHints":{"allow":["GET"]}}],"collection":[{"href":"https:\/\/www.cheapdiscordboost.com\/fr\/wp-json\/wp\/v2\/product"}],"about":[{"href":"https:\/\/www.cheapdiscordboost.com\/fr\/wp-json\/wp\/v2\/types\/product"}],"version-history":[{"count":0,"href":"https:\/\/www.cheapdiscordboost.com\/fr\/wp-json\/wp\/v2\/product\/4475\/revisions"}],"wp:featuredmedia":[{"embeddable":true,"href":"https:\/\/www.cheapdiscordboost.com\/fr\/wp-json\/wp\/v2\/media\/3725"}],"wp:attachment":[{"href":"https:\/\/www.cheapdiscordboost.com\/fr\/wp-json\/wp\/v2\/media?parent=4475"}],"wp:term":[{"taxonomy":"product_brand","embeddable":true,"href":"https:\/\/www.cheapdiscordboost.com\/fr\/wp-json\/wp\/v2\/product_brand?post=4475"},{"taxonomy":"product_cat","embeddable":true,"href":"https:\/\/www.cheapdiscordboost.com\/fr\/wp-json\/wp\/v2\/product_cat?post=4475"},{"taxonomy":"product_tag","embeddable":true,"href":"https:\/\/www.cheapdiscordboost.com\/fr\/wp-json\/wp\/v2\/product_tag?post=4475"}],"curies":[{"name":"wp","href":"https:\/\/api.w.org\/{rel}","templated":true}]}}