{"id":4460,"date":"2023-09-22T23:19:48","date_gmt":"2023-09-22T23:19:48","guid":{"rendered":"https:\/\/www.cheapdiscordboost.com\/shop\/non%20class\u00e9\/changement-de-marque-de-boost-tool-v3\/"},"modified":"2023-11-27T02:51:12","modified_gmt":"2023-11-27T02:51:12","slug":"changement-de-marque-de-boost-tool-v3","status":"publish","type":"product","link":"https:\/\/www.cheapdiscordboost.com\/fr\/shop\/discord-outils\/changement-de-marque-de-boost-tool-v3\/","title":{"rendered":"Changement de marque de Boost Tool V3"},"content":{"rendered":"<p><strong>Commencez \u00e0 vendre votre outil de boost v3 avec votre propre logo et nom.<\/strong><\/p>\n<p><strong>Caract\u00e9ristiques :<\/strong><\/p>\n<ul>\n<li>Multi-stock : Acc\u00e9dez aux jetons d&rsquo;un mois et de trois mois.<\/li>\n<li>Des performances rapides : Profitez d&rsquo;une exp\u00e9rience rapide et efficace.<\/li>\n<li>Prise en charge du proxy : Garantissez votre confidentialit\u00e9 et votre s\u00e9curit\u00e9 gr\u00e2ce \u00e0 la prise en charge du proxy.<\/li>\n<li>Multi-threading : Exploitez la puissance du multithreading pour des performances optimales.<\/li>\n<li>Convivialit\u00e9 : interface facile \u00e0 utiliser pour une navigation fluide.<\/li>\n<li>TLS Spoofing : Renforcer la s\u00e9curit\u00e9 et contourner les restrictions.<\/li>\n<li>D\u00e9fis minimaux li\u00e9s aux captchas : La plupart des jetons fonctionnent sans rencontrer de captchas.<\/li>\n<li>Prise en charge de la r\u00e9solution de captcha : compatible avec Capmonster, Anti-Captcha et Capsolver (cl\u00e9 API requise).<\/li>\n<li>Pas de verrouillage des jetons : Libert\u00e9 d&rsquo;utiliser les jetons comme bon vous semble.<\/li>\n<li>Formatage des jetons<\/li>\n<\/ul>\n","protected":false},"excerpt":{"rendered":"<p>Commencez \u00e0 vendre votre outil de boost v3 avec votre propre logo et nom. Caract\u00e9ristiques : Multi-stock : Acc\u00e9dez aux<\/p>\n","protected":false},"featured_media":3749,"template":"","meta":[],"product_brand":[],"product_cat":[171],"product_tag":[],"class_list":{"0":"post-4460","1":"product","2":"type-product","3":"status-publish","4":"has-post-thumbnail","6":"product_cat-discord-outils","8":"first","9":"outofstock","10":"sale","11":"shipping-taxable","12":"purchasable","13":"product-type-simple"},"yoast_head":"<!-- This site is optimized with the Yoast SEO plugin v27.2 - https:\/\/yoast.com\/product\/yoast-seo-wordpress\/ -->\n<title>Changement de marque de Boost Tool V3 - Cheap Discord Boost - Be Smart Buying Cheaper Nitro<\/title>\n<meta name=\"robots\" content=\"index, follow, max-snippet:-1, max-image-preview:large, max-video-preview:-1\" \/>\n<link rel=\"canonical\" href=\"https:\/\/www.cheapdiscordboost.com\/fr\/shop\/discord-outils\/changement-de-marque-de-boost-tool-v3\/\" \/>\n<meta property=\"og:locale\" content=\"fr_FR\" \/>\n<meta property=\"og:type\" content=\"article\" \/>\n<meta property=\"og:title\" content=\"Changement de marque de Boost Tool V3 - Cheap Discord Boost - Be Smart Buying Cheaper Nitro\" \/>\n<meta property=\"og:description\" content=\"Commencez \u00e0 vendre votre outil de boost v3 avec votre propre logo et nom. Caract\u00e9ristiques : Multi-stock : Acc\u00e9dez aux\" \/>\n<meta property=\"og:url\" content=\"https:\/\/www.cheapdiscordboost.com\/fr\/shop\/discord-outils\/changement-de-marque-de-boost-tool-v3\/\" \/>\n<meta property=\"og:site_name\" content=\"Cheap Discord Boost - Be Smart Buying Cheaper Nitro\" \/>\n<meta property=\"article:modified_time\" content=\"2023-11-27T02:51:12+00:00\" \/>\n<meta property=\"og:image\" content=\"https:\/\/www.cheapdiscordboost.com\/wp-content\/uploads\/2023\/09\/discord-tool.png\" \/>\n\t<meta property=\"og:image:width\" content=\"700\" \/>\n\t<meta property=\"og:image:height\" content=\"700\" \/>\n\t<meta property=\"og:image:type\" content=\"image\/png\" \/>\n<meta name=\"twitter:card\" content=\"summary_large_image\" \/>\n<meta name=\"twitter:label1\" content=\"Dur\u00e9e de lecture estim\u00e9e\" \/>\n\t<meta name=\"twitter:data1\" content=\"1 minute\" \/>\n<script type=\"application\/ld+json\" class=\"yoast-schema-graph\">{\"@context\":\"https:\/\/schema.org\",\"@graph\":[{\"@type\":\"WebPage\",\"@id\":\"https:\/\/www.cheapdiscordboost.com\/fr\/shop\/discord-outils\/changement-de-marque-de-boost-tool-v3\/\",\"url\":\"https:\/\/www.cheapdiscordboost.com\/fr\/shop\/discord-outils\/changement-de-marque-de-boost-tool-v3\/\",\"name\":\"Changement de marque de Boost Tool V3 - Cheap Discord Boost - Be Smart Buying Cheaper Nitro\",\"isPartOf\":{\"@id\":\"https:\/\/www.cheapdiscordboost.com\/fr\/#website\"},\"primaryImageOfPage\":{\"@id\":\"https:\/\/www.cheapdiscordboost.com\/fr\/shop\/discord-outils\/changement-de-marque-de-boost-tool-v3\/#primaryimage\"},\"image\":{\"@id\":\"https:\/\/www.cheapdiscordboost.com\/fr\/shop\/discord-outils\/changement-de-marque-de-boost-tool-v3\/#primaryimage\"},\"thumbnailUrl\":\"https:\/\/www.cheapdiscordboost.com\/wp-content\/uploads\/2023\/09\/discord-tool.png\",\"datePublished\":\"2023-09-22T23:19:48+00:00\",\"dateModified\":\"2023-11-27T02:51:12+00:00\",\"breadcrumb\":{\"@id\":\"https:\/\/www.cheapdiscordboost.com\/fr\/shop\/discord-outils\/changement-de-marque-de-boost-tool-v3\/#breadcrumb\"},\"inLanguage\":\"fr-FR\",\"potentialAction\":[{\"@type\":\"ReadAction\",\"target\":[\"https:\/\/www.cheapdiscordboost.com\/fr\/shop\/discord-outils\/changement-de-marque-de-boost-tool-v3\/\"]}]},{\"@type\":\"ImageObject\",\"inLanguage\":\"fr-FR\",\"@id\":\"https:\/\/www.cheapdiscordboost.com\/fr\/shop\/discord-outils\/changement-de-marque-de-boost-tool-v3\/#primaryimage\",\"url\":\"https:\/\/www.cheapdiscordboost.com\/wp-content\/uploads\/2023\/09\/discord-tool.png\",\"contentUrl\":\"https:\/\/www.cheapdiscordboost.com\/wp-content\/uploads\/2023\/09\/discord-tool.png\",\"width\":700,\"height\":700},{\"@type\":\"BreadcrumbList\",\"@id\":\"https:\/\/www.cheapdiscordboost.com\/fr\/shop\/discord-outils\/changement-de-marque-de-boost-tool-v3\/#breadcrumb\",\"itemListElement\":[{\"@type\":\"ListItem\",\"position\":1,\"name\":\"Home\",\"item\":\"https:\/\/www.cheapdiscordboost.com\/fr\/\"},{\"@type\":\"ListItem\",\"position\":2,\"name\":\"Boutique\",\"item\":\"https:\/\/www.cheapdiscordboost.com\/shop\/\"},{\"@type\":\"ListItem\",\"position\":3,\"name\":\"Changement de marque de Boost Tool V3\"}]},{\"@type\":\"WebSite\",\"@id\":\"https:\/\/www.cheapdiscordboost.com\/fr\/#website\",\"url\":\"https:\/\/www.cheapdiscordboost.com\/fr\/\",\"name\":\"Cheap Discord Boost - Be Smart Buying Cheaper Nitro\",\"description\":\"\",\"publisher\":{\"@id\":\"https:\/\/www.cheapdiscordboost.com\/fr\/#organization\"},\"potentialAction\":[{\"@type\":\"SearchAction\",\"target\":{\"@type\":\"EntryPoint\",\"urlTemplate\":\"https:\/\/www.cheapdiscordboost.com\/fr\/?s={search_term_string}\"},\"query-input\":{\"@type\":\"PropertyValueSpecification\",\"valueRequired\":true,\"valueName\":\"search_term_string\"}}],\"inLanguage\":\"fr-FR\"},{\"@type\":\"Organization\",\"@id\":\"https:\/\/www.cheapdiscordboost.com\/fr\/#organization\",\"name\":\"Cheap Discord Boost - Be Smart Buying Cheaper Nitro\",\"url\":\"https:\/\/www.cheapdiscordboost.com\/fr\/\",\"logo\":{\"@type\":\"ImageObject\",\"inLanguage\":\"fr-FR\",\"@id\":\"https:\/\/www.cheapdiscordboost.com\/fr\/#\/schema\/logo\/image\/\",\"url\":\"https:\/\/www.cheapdiscordboost.com\/wp-content\/uploads\/2023\/09\/logo.png\",\"contentUrl\":\"https:\/\/www.cheapdiscordboost.com\/wp-content\/uploads\/2023\/09\/logo.png\",\"width\":439,\"height\":40,\"caption\":\"Cheap Discord Boost - Be Smart Buying Cheaper Nitro\"},\"image\":{\"@id\":\"https:\/\/www.cheapdiscordboost.com\/fr\/#\/schema\/logo\/image\/\"}}]}<\/script>\n<!-- \/ Yoast SEO plugin. -->","yoast_head_json":{"title":"Changement de marque de Boost Tool V3 - Cheap Discord Boost - Be Smart Buying Cheaper Nitro","robots":{"index":"index","follow":"follow","max-snippet":"max-snippet:-1","max-image-preview":"max-image-preview:large","max-video-preview":"max-video-preview:-1"},"canonical":"https:\/\/www.cheapdiscordboost.com\/fr\/shop\/discord-outils\/changement-de-marque-de-boost-tool-v3\/","og_locale":"fr_FR","og_type":"article","og_title":"Changement de marque de Boost Tool V3 - Cheap Discord Boost - Be Smart Buying Cheaper Nitro","og_description":"Commencez \u00e0 vendre votre outil de boost v3 avec votre propre logo et nom. Caract\u00e9ristiques : Multi-stock : Acc\u00e9dez aux","og_url":"https:\/\/www.cheapdiscordboost.com\/fr\/shop\/discord-outils\/changement-de-marque-de-boost-tool-v3\/","og_site_name":"Cheap Discord Boost - Be Smart Buying Cheaper Nitro","article_modified_time":"2023-11-27T02:51:12+00:00","og_image":[{"width":700,"height":700,"url":"https:\/\/www.cheapdiscordboost.com\/wp-content\/uploads\/2023\/09\/discord-tool.png","type":"image\/png"}],"twitter_card":"summary_large_image","twitter_misc":{"Dur\u00e9e de lecture estim\u00e9e":"1 minute"},"schema":{"@context":"https:\/\/schema.org","@graph":[{"@type":"WebPage","@id":"https:\/\/www.cheapdiscordboost.com\/fr\/shop\/discord-outils\/changement-de-marque-de-boost-tool-v3\/","url":"https:\/\/www.cheapdiscordboost.com\/fr\/shop\/discord-outils\/changement-de-marque-de-boost-tool-v3\/","name":"Changement de marque de Boost Tool V3 - Cheap Discord Boost - Be Smart Buying Cheaper Nitro","isPartOf":{"@id":"https:\/\/www.cheapdiscordboost.com\/fr\/#website"},"primaryImageOfPage":{"@id":"https:\/\/www.cheapdiscordboost.com\/fr\/shop\/discord-outils\/changement-de-marque-de-boost-tool-v3\/#primaryimage"},"image":{"@id":"https:\/\/www.cheapdiscordboost.com\/fr\/shop\/discord-outils\/changement-de-marque-de-boost-tool-v3\/#primaryimage"},"thumbnailUrl":"https:\/\/www.cheapdiscordboost.com\/wp-content\/uploads\/2023\/09\/discord-tool.png","datePublished":"2023-09-22T23:19:48+00:00","dateModified":"2023-11-27T02:51:12+00:00","breadcrumb":{"@id":"https:\/\/www.cheapdiscordboost.com\/fr\/shop\/discord-outils\/changement-de-marque-de-boost-tool-v3\/#breadcrumb"},"inLanguage":"fr-FR","potentialAction":[{"@type":"ReadAction","target":["https:\/\/www.cheapdiscordboost.com\/fr\/shop\/discord-outils\/changement-de-marque-de-boost-tool-v3\/"]}]},{"@type":"ImageObject","inLanguage":"fr-FR","@id":"https:\/\/www.cheapdiscordboost.com\/fr\/shop\/discord-outils\/changement-de-marque-de-boost-tool-v3\/#primaryimage","url":"https:\/\/www.cheapdiscordboost.com\/wp-content\/uploads\/2023\/09\/discord-tool.png","contentUrl":"https:\/\/www.cheapdiscordboost.com\/wp-content\/uploads\/2023\/09\/discord-tool.png","width":700,"height":700},{"@type":"BreadcrumbList","@id":"https:\/\/www.cheapdiscordboost.com\/fr\/shop\/discord-outils\/changement-de-marque-de-boost-tool-v3\/#breadcrumb","itemListElement":[{"@type":"ListItem","position":1,"name":"Home","item":"https:\/\/www.cheapdiscordboost.com\/fr\/"},{"@type":"ListItem","position":2,"name":"Boutique","item":"https:\/\/www.cheapdiscordboost.com\/shop\/"},{"@type":"ListItem","position":3,"name":"Changement de marque de Boost Tool V3"}]},{"@type":"WebSite","@id":"https:\/\/www.cheapdiscordboost.com\/fr\/#website","url":"https:\/\/www.cheapdiscordboost.com\/fr\/","name":"Cheap Discord Boost - Be Smart Buying Cheaper Nitro","description":"","publisher":{"@id":"https:\/\/www.cheapdiscordboost.com\/fr\/#organization"},"potentialAction":[{"@type":"SearchAction","target":{"@type":"EntryPoint","urlTemplate":"https:\/\/www.cheapdiscordboost.com\/fr\/?s={search_term_string}"},"query-input":{"@type":"PropertyValueSpecification","valueRequired":true,"valueName":"search_term_string"}}],"inLanguage":"fr-FR"},{"@type":"Organization","@id":"https:\/\/www.cheapdiscordboost.com\/fr\/#organization","name":"Cheap Discord Boost - Be Smart Buying Cheaper Nitro","url":"https:\/\/www.cheapdiscordboost.com\/fr\/","logo":{"@type":"ImageObject","inLanguage":"fr-FR","@id":"https:\/\/www.cheapdiscordboost.com\/fr\/#\/schema\/logo\/image\/","url":"https:\/\/www.cheapdiscordboost.com\/wp-content\/uploads\/2023\/09\/logo.png","contentUrl":"https:\/\/www.cheapdiscordboost.com\/wp-content\/uploads\/2023\/09\/logo.png","width":439,"height":40,"caption":"Cheap Discord Boost - Be Smart Buying Cheaper Nitro"},"image":{"@id":"https:\/\/www.cheapdiscordboost.com\/fr\/#\/schema\/logo\/image\/"}}]}},"_links":{"self":[{"href":"https:\/\/www.cheapdiscordboost.com\/fr\/wp-json\/wp\/v2\/product\/4460","targetHints":{"allow":["GET"]}}],"collection":[{"href":"https:\/\/www.cheapdiscordboost.com\/fr\/wp-json\/wp\/v2\/product"}],"about":[{"href":"https:\/\/www.cheapdiscordboost.com\/fr\/wp-json\/wp\/v2\/types\/product"}],"version-history":[{"count":1,"href":"https:\/\/www.cheapdiscordboost.com\/fr\/wp-json\/wp\/v2\/product\/4460\/revisions"}],"predecessor-version":[{"id":4485,"href":"https:\/\/www.cheapdiscordboost.com\/fr\/wp-json\/wp\/v2\/product\/4460\/revisions\/4485"}],"wp:featuredmedia":[{"embeddable":true,"href":"https:\/\/www.cheapdiscordboost.com\/fr\/wp-json\/wp\/v2\/media\/3749"}],"wp:attachment":[{"href":"https:\/\/www.cheapdiscordboost.com\/fr\/wp-json\/wp\/v2\/media?parent=4460"}],"wp:term":[{"taxonomy":"product_brand","embeddable":true,"href":"https:\/\/www.cheapdiscordboost.com\/fr\/wp-json\/wp\/v2\/product_brand?post=4460"},{"taxonomy":"product_cat","embeddable":true,"href":"https:\/\/www.cheapdiscordboost.com\/fr\/wp-json\/wp\/v2\/product_cat?post=4460"},{"taxonomy":"product_tag","embeddable":true,"href":"https:\/\/www.cheapdiscordboost.com\/fr\/wp-json\/wp\/v2\/product_tag?post=4460"}],"curies":[{"name":"wp","href":"https:\/\/api.w.org\/{rel}","templated":true}]}}