{"id":4529,"date":"2023-09-22T18:25:10","date_gmt":"2023-09-22T18:25:10","guid":{"rendered":"https:\/\/www.cheapdiscordboost.com\/shop\/sin%20categor\u00eda\/discordia-nitro\/"},"modified":"2023-11-27T02:52:01","modified_gmt":"2023-11-27T02:52:01","slug":"discordia-nitro","status":"publish","type":"product","link":"https:\/\/www.cheapdiscordboost.com\/es\/shop\/discordia-nitro-es\/discordia-nitro\/","title":{"rendered":"Discordia Nitro"},"content":{"rendered":"<div class=\"group w-full text-token-text-primary border-b border-black\/10 gizmo:border-0 dark:border-gray-900\/50 gizmo:dark:border-0 bg-gray-50 gizmo:bg-transparent dark:bg-[#444654] gizmo:dark:bg-transparent\" data-testid=\"conversation-turn-3\">\n<div class=\"p-4 justify-center text-base md:gap-6 md:py-6 m-auto\">\n<div class=\"flex flex-1 gap-4 text-base mx-auto md:gap-6 md:max-w-2xl lg:max-w-[38rem] xl:max-w-3xl }\">\n<div class=\"relative flex w-[calc(100%-50px)] flex-col gap-1 md:gap-3 lg:w-[calc(100%-115px)]\">\n<div class=\"flex flex-grow flex-col gap-3 max-w-full\">\n<div class=\"min-h-[20px] flex flex-col items-start gap-3 overflow-x-auto whitespace-pre-wrap break-words\">\n<div class=\"markdown prose w-full break-words dark:prose-invert light\">\n<p><strong>Desbloquea un mundo de beneficios con Discord Nitro Boost<\/strong><\/p>\n<p>Eleva tu experiencia de Discord a un nivel completamente nuevo con Discord Nitro Boost. Esta funci\u00f3n premium te permite potenciar tus servidores favoritos, haciendo que tu tiempo en Discord sea a\u00fan m\u00e1s agradable e interactivo.<\/p>\n<p><strong>\u00bfQu\u00e9 te ofrece Discord Nitro Boost?<\/strong><\/p>\n<ol>\n<li><strong>Ventajas mejoradas del servidor:<\/strong> Al impulsar un servidor, contribuyes a su crecimiento y \u00e9xito. Los servidores mejorados disfrutan de una serie de ventajas, como una mayor calidad de audio, una mayor capacidad del servidor para los canales de voz y la posibilidad de crear una URL de invitaci\u00f3n personalizada.<\/li>\n<li><strong>Insignia de servidor brillante:<\/strong> Muestre su apoyo y compromiso con una insignia distintiva de Nitro Boost que muestre su contribuci\u00f3n en la lista de miembros del servidor. Es una insignia de honor por su dedicaci\u00f3n.<\/li>\n<li><strong>URL mnem\u00f3nica exclusiva del servidor:<\/strong> Haz que tu servidor favorito sea a\u00fan m\u00e1s accesible con una URL \u00fanica y f\u00e1cil de recordar. Comp\u00e1rtelo con tus amigos, para que sea f\u00e1cil para ellos unirse a la comunidad.<\/li>\n<li><strong>Ranuras de emoji personalizadas:<\/strong> Los servidores mejorados pueden desbloquear m\u00e1s ranuras para emojis personalizados, lo que permite conversaciones m\u00e1s expresivas y personalizadas con una gama m\u00e1s amplia de \u00edconos emotivos.<\/li>\n<li><strong>Banner del servidor:<\/strong> Como refuerzo, tiene la oportunidad de dise\u00f1ar y mostrar un banner de servidor, agregando un toque creativo a la apariencia del servidor.<\/li>\n<li><strong>Icono animado del servidor:<\/strong> Dale vida a tu servidor con un icono animado que captura la esencia de tu comunidad.<\/li>\n<\/ol>\n<p><strong>\u00bfPor qu\u00e9 elegir nuestra suscripci\u00f3n a Discord Nitro?<\/strong><\/p>\n<ol>\n<li><strong>Autocompra:<\/strong> No es necesario iniciar sesi\u00f3n; comprar Discord Nitro sin problemas.<\/li>\n<li><strong>Precios legales y regionales:<\/strong> Obt\u00e9n Discord Nitro legalmente con precios regionales.<\/li>\n<li><strong>Sin riesgos:<\/strong> Disfruta de un producto 100% libre de riesgos y sin limitaciones.<\/li>\n<li><strong>Suscripci\u00f3n de 1 a\u00f1o:<\/strong> Es un a\u00f1o completo de Discord Nitro, no solo un regalo.<\/li>\n<li><strong>Pago seguro:<\/strong> Reciba una tarjeta de cr\u00e9dito virtual (VCC) de Turqu\u00eda para transacciones seguras.<\/li>\n<li><strong>Validez global:<\/strong> La suscripci\u00f3n a Discord Nitro es v\u00e1lida en todo el mundo.<\/li>\n<li><strong>Garant\u00eda de 1 a\u00f1o:<\/strong> Benef\u00edciese de una garant\u00eda completa de 1 a\u00f1o.<\/li>\n<li><strong>Entrega r\u00e1pida:<\/strong> Reciba su compra en un plazo de 1 a 48 horas, garantizado, o reciba un reembolso completo.<\/li>\n<\/ol>\n<p>Notas adicionales:<\/p>\n<ul>\n<li>Este producto no est\u00e1 disponible para su compra si su Nitro se factura a trav\u00e9s de Google Pay o Apple Pay.<\/li>\n<li>No puedes comprar este producto si ya tienes una suscripci\u00f3n anual a Discord Nitro.<\/li>\n<li>\u00bfQuieres compr\u00e1rselo a un amigo? Simplemente inv\u00edtalos a nuestro servidor.<\/li>\n<\/ul>\n<p>Para cualquier otra consulta, no dude en ponerse en contacto con nosotros.<\/p>\n<\/div>\n<\/div>\n<\/div>\n<div class=\"flex justify-between lg:block\">\n<div class=\"text-gray-400 flex self-end lg:self-center justify-center mt-2 gap-2 md:gap-3 lg:gap-1 lg:absolute lg:top-0 lg:translate-x-full lg:right-0 lg:mt-0 lg:pl-2 visible\">\n<p>&nbsp;<\/p>\n<div class=\"flex gap-1\"><\/div>\n<\/div>\n<\/div>\n<\/div>\n<\/div>\n<\/div>\n<\/div>\n","protected":false},"excerpt":{"rendered":"<p>Desbloquea un mundo de beneficios con Discord Nitro Boost Eleva tu experiencia de Discord a un nivel completamente nuevo con<\/p>\n","protected":false},"featured_media":3729,"template":"","meta":[],"product_brand":[],"product_cat":[217],"product_tag":[],"class_list":{"0":"post-4529","1":"product","2":"type-product","3":"status-publish","4":"has-post-thumbnail","6":"product_cat-discordia-nitro-es","8":"first","9":"instock","10":"sale","11":"shipping-taxable","12":"purchasable","13":"product-type-variable"},"yoast_head":"<!-- This site is optimized with the Yoast SEO plugin v27.2 - https:\/\/yoast.com\/product\/yoast-seo-wordpress\/ -->\n<title>Discordia Nitro - Cheap Discord Boost - Be Smart Buying Cheaper Nitro<\/title>\n<meta name=\"description\" content=\"\u00bfQu\u00e9 te ofrece Discord Nitro Boost? Ventajas mejoradas del servidor: Al impulsar un servidor, una insignia de servidor brillante, una URL personalizada exclusiva del servidor y m\u00e1s funciones.\" \/>\n<meta name=\"robots\" content=\"index, follow, max-snippet:-1, max-image-preview:large, max-video-preview:-1\" \/>\n<link rel=\"canonical\" href=\"https:\/\/www.cheapdiscordboost.com\/es\/shop\/discordia-nitro-es\/discordia-nitro\/\" \/>\n<meta property=\"og:locale\" content=\"es_ES\" \/>\n<meta property=\"og:type\" content=\"article\" \/>\n<meta property=\"og:title\" content=\"Discordia Nitro - Cheap Discord Boost - Be Smart Buying Cheaper Nitro\" \/>\n<meta property=\"og:description\" content=\"\u00bfQu\u00e9 te ofrece Discord Nitro Boost? Ventajas mejoradas del servidor: Al impulsar un servidor, una insignia de servidor brillante, una URL personalizada exclusiva del servidor y m\u00e1s funciones.\" \/>\n<meta property=\"og:url\" content=\"https:\/\/www.cheapdiscordboost.com\/es\/shop\/discordia-nitro-es\/discordia-nitro\/\" \/>\n<meta property=\"og:site_name\" content=\"Cheap Discord Boost - Be Smart Buying Cheaper Nitro\" \/>\n<meta property=\"article:modified_time\" content=\"2023-11-27T02:52:01+00:00\" \/>\n<meta property=\"og:image\" content=\"https:\/\/www.cheapdiscordboost.com\/wp-content\/uploads\/2023\/09\/discord-nitro-boost-1.png\" \/>\n\t<meta property=\"og:image:width\" content=\"932\" \/>\n\t<meta property=\"og:image:height\" content=\"700\" \/>\n\t<meta property=\"og:image:type\" content=\"image\/png\" \/>\n<meta name=\"twitter:card\" content=\"summary_large_image\" \/>\n<meta name=\"twitter:label1\" content=\"Tiempo de lectura\" \/>\n\t<meta name=\"twitter:data1\" content=\"2 minutos\" \/>\n<script type=\"application\/ld+json\" class=\"yoast-schema-graph\">{\"@context\":\"https:\/\/schema.org\",\"@graph\":[{\"@type\":\"WebPage\",\"@id\":\"https:\/\/www.cheapdiscordboost.com\/es\/shop\/discordia-nitro-es\/discordia-nitro\/\",\"url\":\"https:\/\/www.cheapdiscordboost.com\/es\/shop\/discordia-nitro-es\/discordia-nitro\/\",\"name\":\"Discordia Nitro - Cheap Discord Boost - Be Smart Buying Cheaper Nitro\",\"isPartOf\":{\"@id\":\"https:\/\/www.cheapdiscordboost.com\/es\/#website\"},\"primaryImageOfPage\":{\"@id\":\"https:\/\/www.cheapdiscordboost.com\/es\/shop\/discordia-nitro-es\/discordia-nitro\/#primaryimage\"},\"image\":{\"@id\":\"https:\/\/www.cheapdiscordboost.com\/es\/shop\/discordia-nitro-es\/discordia-nitro\/#primaryimage\"},\"thumbnailUrl\":\"https:\/\/www.cheapdiscordboost.com\/wp-content\/uploads\/2023\/09\/discord-nitro-boost-1.png\",\"datePublished\":\"2023-09-22T18:25:10+00:00\",\"dateModified\":\"2023-11-27T02:52:01+00:00\",\"description\":\"\u00bfQu\u00e9 te ofrece Discord Nitro Boost? Ventajas mejoradas del servidor: Al impulsar un servidor, una insignia de servidor brillante, una URL personalizada exclusiva del servidor y m\u00e1s funciones.\",\"breadcrumb\":{\"@id\":\"https:\/\/www.cheapdiscordboost.com\/es\/shop\/discordia-nitro-es\/discordia-nitro\/#breadcrumb\"},\"inLanguage\":\"es\",\"potentialAction\":[{\"@type\":\"ReadAction\",\"target\":[\"https:\/\/www.cheapdiscordboost.com\/es\/shop\/discordia-nitro-es\/discordia-nitro\/\"]}]},{\"@type\":\"ImageObject\",\"inLanguage\":\"es\",\"@id\":\"https:\/\/www.cheapdiscordboost.com\/es\/shop\/discordia-nitro-es\/discordia-nitro\/#primaryimage\",\"url\":\"https:\/\/www.cheapdiscordboost.com\/wp-content\/uploads\/2023\/09\/discord-nitro-boost-1.png\",\"contentUrl\":\"https:\/\/www.cheapdiscordboost.com\/wp-content\/uploads\/2023\/09\/discord-nitro-boost-1.png\",\"width\":932,\"height\":700},{\"@type\":\"BreadcrumbList\",\"@id\":\"https:\/\/www.cheapdiscordboost.com\/es\/shop\/discordia-nitro-es\/discordia-nitro\/#breadcrumb\",\"itemListElement\":[{\"@type\":\"ListItem\",\"position\":1,\"name\":\"Home\",\"item\":\"https:\/\/www.cheapdiscordboost.com\/es\/\"},{\"@type\":\"ListItem\",\"position\":2,\"name\":\"Tienda\",\"item\":\"https:\/\/www.cheapdiscordboost.com\/shop\/\"},{\"@type\":\"ListItem\",\"position\":3,\"name\":\"Discordia Nitro\"}]},{\"@type\":\"WebSite\",\"@id\":\"https:\/\/www.cheapdiscordboost.com\/es\/#website\",\"url\":\"https:\/\/www.cheapdiscordboost.com\/es\/\",\"name\":\"Cheap Discord Boost - Be Smart Buying Cheaper Nitro\",\"description\":\"\",\"publisher\":{\"@id\":\"https:\/\/www.cheapdiscordboost.com\/es\/#organization\"},\"potentialAction\":[{\"@type\":\"SearchAction\",\"target\":{\"@type\":\"EntryPoint\",\"urlTemplate\":\"https:\/\/www.cheapdiscordboost.com\/es\/?s={search_term_string}\"},\"query-input\":{\"@type\":\"PropertyValueSpecification\",\"valueRequired\":true,\"valueName\":\"search_term_string\"}}],\"inLanguage\":\"es\"},{\"@type\":\"Organization\",\"@id\":\"https:\/\/www.cheapdiscordboost.com\/es\/#organization\",\"name\":\"Cheap Discord Boost - Be Smart Buying Cheaper Nitro\",\"url\":\"https:\/\/www.cheapdiscordboost.com\/es\/\",\"logo\":{\"@type\":\"ImageObject\",\"inLanguage\":\"es\",\"@id\":\"https:\/\/www.cheapdiscordboost.com\/es\/#\/schema\/logo\/image\/\",\"url\":\"https:\/\/www.cheapdiscordboost.com\/wp-content\/uploads\/2023\/09\/logo.png\",\"contentUrl\":\"https:\/\/www.cheapdiscordboost.com\/wp-content\/uploads\/2023\/09\/logo.png\",\"width\":439,\"height\":40,\"caption\":\"Cheap Discord Boost - Be Smart Buying Cheaper Nitro\"},\"image\":{\"@id\":\"https:\/\/www.cheapdiscordboost.com\/es\/#\/schema\/logo\/image\/\"}}]}<\/script>\n<!-- \/ Yoast SEO plugin. -->","yoast_head_json":{"title":"Discordia Nitro - Cheap Discord Boost - Be Smart Buying Cheaper Nitro","description":"\u00bfQu\u00e9 te ofrece Discord Nitro Boost? Ventajas mejoradas del servidor: Al impulsar un servidor, una insignia de servidor brillante, una URL personalizada exclusiva del servidor y m\u00e1s funciones.","robots":{"index":"index","follow":"follow","max-snippet":"max-snippet:-1","max-image-preview":"max-image-preview:large","max-video-preview":"max-video-preview:-1"},"canonical":"https:\/\/www.cheapdiscordboost.com\/es\/shop\/discordia-nitro-es\/discordia-nitro\/","og_locale":"es_ES","og_type":"article","og_title":"Discordia Nitro - Cheap Discord Boost - Be Smart Buying Cheaper Nitro","og_description":"\u00bfQu\u00e9 te ofrece Discord Nitro Boost? Ventajas mejoradas del servidor: Al impulsar un servidor, una insignia de servidor brillante, una URL personalizada exclusiva del servidor y m\u00e1s funciones.","og_url":"https:\/\/www.cheapdiscordboost.com\/es\/shop\/discordia-nitro-es\/discordia-nitro\/","og_site_name":"Cheap Discord Boost - Be Smart Buying Cheaper Nitro","article_modified_time":"2023-11-27T02:52:01+00:00","og_image":[{"width":932,"height":700,"url":"https:\/\/www.cheapdiscordboost.com\/wp-content\/uploads\/2023\/09\/discord-nitro-boost-1.png","type":"image\/png"}],"twitter_card":"summary_large_image","twitter_misc":{"Tiempo de lectura":"2 minutos"},"schema":{"@context":"https:\/\/schema.org","@graph":[{"@type":"WebPage","@id":"https:\/\/www.cheapdiscordboost.com\/es\/shop\/discordia-nitro-es\/discordia-nitro\/","url":"https:\/\/www.cheapdiscordboost.com\/es\/shop\/discordia-nitro-es\/discordia-nitro\/","name":"Discordia Nitro - Cheap Discord Boost - Be Smart Buying Cheaper Nitro","isPartOf":{"@id":"https:\/\/www.cheapdiscordboost.com\/es\/#website"},"primaryImageOfPage":{"@id":"https:\/\/www.cheapdiscordboost.com\/es\/shop\/discordia-nitro-es\/discordia-nitro\/#primaryimage"},"image":{"@id":"https:\/\/www.cheapdiscordboost.com\/es\/shop\/discordia-nitro-es\/discordia-nitro\/#primaryimage"},"thumbnailUrl":"https:\/\/www.cheapdiscordboost.com\/wp-content\/uploads\/2023\/09\/discord-nitro-boost-1.png","datePublished":"2023-09-22T18:25:10+00:00","dateModified":"2023-11-27T02:52:01+00:00","description":"\u00bfQu\u00e9 te ofrece Discord Nitro Boost? Ventajas mejoradas del servidor: Al impulsar un servidor, una insignia de servidor brillante, una URL personalizada exclusiva del servidor y m\u00e1s funciones.","breadcrumb":{"@id":"https:\/\/www.cheapdiscordboost.com\/es\/shop\/discordia-nitro-es\/discordia-nitro\/#breadcrumb"},"inLanguage":"es","potentialAction":[{"@type":"ReadAction","target":["https:\/\/www.cheapdiscordboost.com\/es\/shop\/discordia-nitro-es\/discordia-nitro\/"]}]},{"@type":"ImageObject","inLanguage":"es","@id":"https:\/\/www.cheapdiscordboost.com\/es\/shop\/discordia-nitro-es\/discordia-nitro\/#primaryimage","url":"https:\/\/www.cheapdiscordboost.com\/wp-content\/uploads\/2023\/09\/discord-nitro-boost-1.png","contentUrl":"https:\/\/www.cheapdiscordboost.com\/wp-content\/uploads\/2023\/09\/discord-nitro-boost-1.png","width":932,"height":700},{"@type":"BreadcrumbList","@id":"https:\/\/www.cheapdiscordboost.com\/es\/shop\/discordia-nitro-es\/discordia-nitro\/#breadcrumb","itemListElement":[{"@type":"ListItem","position":1,"name":"Home","item":"https:\/\/www.cheapdiscordboost.com\/es\/"},{"@type":"ListItem","position":2,"name":"Tienda","item":"https:\/\/www.cheapdiscordboost.com\/shop\/"},{"@type":"ListItem","position":3,"name":"Discordia Nitro"}]},{"@type":"WebSite","@id":"https:\/\/www.cheapdiscordboost.com\/es\/#website","url":"https:\/\/www.cheapdiscordboost.com\/es\/","name":"Cheap Discord Boost - Be Smart Buying Cheaper Nitro","description":"","publisher":{"@id":"https:\/\/www.cheapdiscordboost.com\/es\/#organization"},"potentialAction":[{"@type":"SearchAction","target":{"@type":"EntryPoint","urlTemplate":"https:\/\/www.cheapdiscordboost.com\/es\/?s={search_term_string}"},"query-input":{"@type":"PropertyValueSpecification","valueRequired":true,"valueName":"search_term_string"}}],"inLanguage":"es"},{"@type":"Organization","@id":"https:\/\/www.cheapdiscordboost.com\/es\/#organization","name":"Cheap Discord Boost - Be Smart Buying Cheaper Nitro","url":"https:\/\/www.cheapdiscordboost.com\/es\/","logo":{"@type":"ImageObject","inLanguage":"es","@id":"https:\/\/www.cheapdiscordboost.com\/es\/#\/schema\/logo\/image\/","url":"https:\/\/www.cheapdiscordboost.com\/wp-content\/uploads\/2023\/09\/logo.png","contentUrl":"https:\/\/www.cheapdiscordboost.com\/wp-content\/uploads\/2023\/09\/logo.png","width":439,"height":40,"caption":"Cheap Discord Boost - Be Smart Buying Cheaper Nitro"},"image":{"@id":"https:\/\/www.cheapdiscordboost.com\/es\/#\/schema\/logo\/image\/"}}]}},"_links":{"self":[{"href":"https:\/\/www.cheapdiscordboost.com\/es\/wp-json\/wp\/v2\/product\/4529","targetHints":{"allow":["GET"]}}],"collection":[{"href":"https:\/\/www.cheapdiscordboost.com\/es\/wp-json\/wp\/v2\/product"}],"about":[{"href":"https:\/\/www.cheapdiscordboost.com\/es\/wp-json\/wp\/v2\/types\/product"}],"version-history":[{"count":1,"href":"https:\/\/www.cheapdiscordboost.com\/es\/wp-json\/wp\/v2\/product\/4529\/revisions"}],"predecessor-version":[{"id":4553,"href":"https:\/\/www.cheapdiscordboost.com\/es\/wp-json\/wp\/v2\/product\/4529\/revisions\/4553"}],"wp:featuredmedia":[{"embeddable":true,"href":"https:\/\/www.cheapdiscordboost.com\/es\/wp-json\/wp\/v2\/media\/3729"}],"wp:attachment":[{"href":"https:\/\/www.cheapdiscordboost.com\/es\/wp-json\/wp\/v2\/media?parent=4529"}],"wp:term":[{"taxonomy":"product_brand","embeddable":true,"href":"https:\/\/www.cheapdiscordboost.com\/es\/wp-json\/wp\/v2\/product_brand?post=4529"},{"taxonomy":"product_cat","embeddable":true,"href":"https:\/\/www.cheapdiscordboost.com\/es\/wp-json\/wp\/v2\/product_cat?post=4529"},{"taxonomy":"product_tag","embeddable":true,"href":"https:\/\/www.cheapdiscordboost.com\/es\/wp-json\/wp\/v2\/product_tag?post=4529"}],"curies":[{"name":"wp","href":"https:\/\/api.w.org\/{rel}","templated":true}]}}