{"id":4437,"date":"2023-09-22T23:19:48","date_gmt":"2023-09-22T23:19:48","guid":{"rendered":"https:\/\/www.cheapdiscordboost.com\/shop\/sin categor\u00eda\/cambio-de-marca-de-boost-tool-v3\/"},"modified":"2023-09-22T23:19:48","modified_gmt":"2023-09-22T23:19:48","slug":"cambio-de-marca-de-boost-tool-v3","status":"publish","type":"product","link":"https:\/\/www.cheapdiscordboost.com\/es\/shop\/herramientas-de-discordia\/cambio-de-marca-de-boost-tool-v3\/","title":{"rendered":"Cambio de marca de Boost Tool V3"},"content":{"rendered":"<p><strong>Comience a vender su herramienta de impulso v3 con su propio logotipo y nombre.<\/strong><\/p>\n<p><strong>Caracter\u00edsticas:<\/strong><\/p>\n<ul>\n<li>Multi-Stock: Accede tanto a fichas de 1 mes como de 3 meses.<\/li>\n<li>Rendimiento r\u00e1pido: Disfruta de una experiencia r\u00e1pida y eficiente.<\/li>\n<li>Compatibilidad con proxy: Garantice su privacidad y seguridad con la compatibilidad con proxy.<\/li>\n<li>Multihilo: Aproveche la potencia de los subprocesos m\u00faltiples para obtener un rendimiento \u00f3ptimo.<\/li>\n<li>F\u00e1cil de usar: interfaz sencilla para una navegaci\u00f3n fluida.<\/li>\n<li>Suplantaci\u00f3n de TLS: Mejora la seguridad y elude las restricciones.<\/li>\n<li>Desaf\u00edos de captcha m\u00ednimos: La mayor\u00eda de los tokens funcionan sin encontrar captchas.<\/li>\n<li>Compatibilidad con la resoluci\u00f3n de captchas: compatible con Capmonster, Anti-Captcha y Capsolver (se requiere una clave API).<\/li>\n<li>Sin bloqueos de fichas: Libertad para usar las fichas como mejor te parezca.<\/li>\n<li>Formato de fichas<\/li>\n<\/ul>\n","protected":false},"excerpt":{"rendered":"<p>Comience a vender su herramienta de impulso v3 con su propio logotipo y nombre. Caracter\u00edsticas: Multi-Stock: Accede tanto a fichas<\/p>\n","protected":false},"featured_media":3753,"template":"","meta":[],"product_brand":[],"product_cat":[188],"product_tag":[],"class_list":{"0":"post-4437","1":"product","2":"type-product","3":"status-publish","4":"has-post-thumbnail","6":"product_cat-herramientas-de-discordia","8":"first","9":"outofstock","10":"sale","11":"shipping-taxable","12":"purchasable","13":"product-type-simple"},"yoast_head":"<!-- This site is optimized with the Yoast SEO plugin v27.2 - https:\/\/yoast.com\/product\/yoast-seo-wordpress\/ -->\n<title>Cambio de marca de Boost Tool V3 - Cheap Discord Boost - Be Smart Buying Cheaper Nitro<\/title>\n<meta name=\"robots\" content=\"index, follow, max-snippet:-1, max-image-preview:large, max-video-preview:-1\" \/>\n<link rel=\"canonical\" href=\"https:\/\/www.cheapdiscordboost.com\/es\/shop\/herramientas-de-discordia\/cambio-de-marca-de-boost-tool-v3\/\" \/>\n<meta property=\"og:locale\" content=\"es_ES\" \/>\n<meta property=\"og:type\" content=\"article\" \/>\n<meta property=\"og:title\" content=\"Cambio de marca de Boost Tool V3 - Cheap Discord Boost - Be Smart Buying Cheaper Nitro\" \/>\n<meta property=\"og:description\" content=\"Comience a vender su herramienta de impulso v3 con su propio logotipo y nombre. Caracter\u00edsticas: Multi-Stock: Accede tanto a fichas\" \/>\n<meta property=\"og:url\" content=\"https:\/\/www.cheapdiscordboost.com\/es\/shop\/herramientas-de-discordia\/cambio-de-marca-de-boost-tool-v3\/\" \/>\n<meta property=\"og:site_name\" content=\"Cheap Discord Boost - Be Smart Buying Cheaper Nitro\" \/>\n<meta property=\"og:image\" content=\"https:\/\/www.cheapdiscordboost.com\/wp-content\/uploads\/2023\/09\/discord-tool.png\" \/>\n\t<meta property=\"og:image:width\" content=\"700\" \/>\n\t<meta property=\"og:image:height\" content=\"700\" \/>\n\t<meta property=\"og:image:type\" content=\"image\/png\" \/>\n<meta name=\"twitter:card\" content=\"summary_large_image\" \/>\n<meta name=\"twitter:label1\" content=\"Tiempo de lectura\" \/>\n\t<meta name=\"twitter:data1\" content=\"1 minuto\" \/>\n<script type=\"application\/ld+json\" class=\"yoast-schema-graph\">{\"@context\":\"https:\/\/schema.org\",\"@graph\":[{\"@type\":\"WebPage\",\"@id\":\"https:\/\/www.cheapdiscordboost.com\/es\/shop\/herramientas-de-discordia\/cambio-de-marca-de-boost-tool-v3\/\",\"url\":\"https:\/\/www.cheapdiscordboost.com\/es\/shop\/herramientas-de-discordia\/cambio-de-marca-de-boost-tool-v3\/\",\"name\":\"Cambio de marca de Boost Tool V3 - Cheap Discord Boost - Be Smart Buying Cheaper Nitro\",\"isPartOf\":{\"@id\":\"https:\/\/www.cheapdiscordboost.com\/es\/#website\"},\"primaryImageOfPage\":{\"@id\":\"https:\/\/www.cheapdiscordboost.com\/es\/shop\/herramientas-de-discordia\/cambio-de-marca-de-boost-tool-v3\/#primaryimage\"},\"image\":{\"@id\":\"https:\/\/www.cheapdiscordboost.com\/es\/shop\/herramientas-de-discordia\/cambio-de-marca-de-boost-tool-v3\/#primaryimage\"},\"thumbnailUrl\":\"https:\/\/www.cheapdiscordboost.com\/wp-content\/uploads\/2023\/09\/discord-tool.png\",\"datePublished\":\"2023-09-22T23:19:48+00:00\",\"breadcrumb\":{\"@id\":\"https:\/\/www.cheapdiscordboost.com\/es\/shop\/herramientas-de-discordia\/cambio-de-marca-de-boost-tool-v3\/#breadcrumb\"},\"inLanguage\":\"es\",\"potentialAction\":[{\"@type\":\"ReadAction\",\"target\":[\"https:\/\/www.cheapdiscordboost.com\/es\/shop\/herramientas-de-discordia\/cambio-de-marca-de-boost-tool-v3\/\"]}]},{\"@type\":\"ImageObject\",\"inLanguage\":\"es\",\"@id\":\"https:\/\/www.cheapdiscordboost.com\/es\/shop\/herramientas-de-discordia\/cambio-de-marca-de-boost-tool-v3\/#primaryimage\",\"url\":\"https:\/\/www.cheapdiscordboost.com\/wp-content\/uploads\/2023\/09\/discord-tool.png\",\"contentUrl\":\"https:\/\/www.cheapdiscordboost.com\/wp-content\/uploads\/2023\/09\/discord-tool.png\",\"width\":700,\"height\":700},{\"@type\":\"BreadcrumbList\",\"@id\":\"https:\/\/www.cheapdiscordboost.com\/es\/shop\/herramientas-de-discordia\/cambio-de-marca-de-boost-tool-v3\/#breadcrumb\",\"itemListElement\":[{\"@type\":\"ListItem\",\"position\":1,\"name\":\"Home\",\"item\":\"https:\/\/www.cheapdiscordboost.com\/es\/\"},{\"@type\":\"ListItem\",\"position\":2,\"name\":\"Tienda\",\"item\":\"https:\/\/www.cheapdiscordboost.com\/shop\/\"},{\"@type\":\"ListItem\",\"position\":3,\"name\":\"Cambio de marca de Boost Tool V3\"}]},{\"@type\":\"WebSite\",\"@id\":\"https:\/\/www.cheapdiscordboost.com\/es\/#website\",\"url\":\"https:\/\/www.cheapdiscordboost.com\/es\/\",\"name\":\"Cheap Discord Boost - Be Smart Buying Cheaper Nitro\",\"description\":\"\",\"publisher\":{\"@id\":\"https:\/\/www.cheapdiscordboost.com\/es\/#organization\"},\"potentialAction\":[{\"@type\":\"SearchAction\",\"target\":{\"@type\":\"EntryPoint\",\"urlTemplate\":\"https:\/\/www.cheapdiscordboost.com\/es\/?s={search_term_string}\"},\"query-input\":{\"@type\":\"PropertyValueSpecification\",\"valueRequired\":true,\"valueName\":\"search_term_string\"}}],\"inLanguage\":\"es\"},{\"@type\":\"Organization\",\"@id\":\"https:\/\/www.cheapdiscordboost.com\/es\/#organization\",\"name\":\"Cheap Discord Boost - Be Smart Buying Cheaper Nitro\",\"url\":\"https:\/\/www.cheapdiscordboost.com\/es\/\",\"logo\":{\"@type\":\"ImageObject\",\"inLanguage\":\"es\",\"@id\":\"https:\/\/www.cheapdiscordboost.com\/es\/#\/schema\/logo\/image\/\",\"url\":\"https:\/\/www.cheapdiscordboost.com\/wp-content\/uploads\/2023\/09\/logo.png\",\"contentUrl\":\"https:\/\/www.cheapdiscordboost.com\/wp-content\/uploads\/2023\/09\/logo.png\",\"width\":439,\"height\":40,\"caption\":\"Cheap Discord Boost - Be Smart Buying Cheaper Nitro\"},\"image\":{\"@id\":\"https:\/\/www.cheapdiscordboost.com\/es\/#\/schema\/logo\/image\/\"}}]}<\/script>\n<!-- \/ Yoast SEO plugin. -->","yoast_head_json":{"title":"Cambio de marca de Boost Tool V3 - Cheap Discord Boost - Be Smart Buying Cheaper Nitro","robots":{"index":"index","follow":"follow","max-snippet":"max-snippet:-1","max-image-preview":"max-image-preview:large","max-video-preview":"max-video-preview:-1"},"canonical":"https:\/\/www.cheapdiscordboost.com\/es\/shop\/herramientas-de-discordia\/cambio-de-marca-de-boost-tool-v3\/","og_locale":"es_ES","og_type":"article","og_title":"Cambio de marca de Boost Tool V3 - Cheap Discord Boost - Be Smart Buying Cheaper Nitro","og_description":"Comience a vender su herramienta de impulso v3 con su propio logotipo y nombre. Caracter\u00edsticas: Multi-Stock: Accede tanto a fichas","og_url":"https:\/\/www.cheapdiscordboost.com\/es\/shop\/herramientas-de-discordia\/cambio-de-marca-de-boost-tool-v3\/","og_site_name":"Cheap Discord Boost - Be Smart Buying Cheaper Nitro","og_image":[{"width":700,"height":700,"url":"https:\/\/www.cheapdiscordboost.com\/wp-content\/uploads\/2023\/09\/discord-tool.png","type":"image\/png"}],"twitter_card":"summary_large_image","twitter_misc":{"Tiempo de lectura":"1 minuto"},"schema":{"@context":"https:\/\/schema.org","@graph":[{"@type":"WebPage","@id":"https:\/\/www.cheapdiscordboost.com\/es\/shop\/herramientas-de-discordia\/cambio-de-marca-de-boost-tool-v3\/","url":"https:\/\/www.cheapdiscordboost.com\/es\/shop\/herramientas-de-discordia\/cambio-de-marca-de-boost-tool-v3\/","name":"Cambio de marca de Boost Tool V3 - Cheap Discord Boost - Be Smart Buying Cheaper Nitro","isPartOf":{"@id":"https:\/\/www.cheapdiscordboost.com\/es\/#website"},"primaryImageOfPage":{"@id":"https:\/\/www.cheapdiscordboost.com\/es\/shop\/herramientas-de-discordia\/cambio-de-marca-de-boost-tool-v3\/#primaryimage"},"image":{"@id":"https:\/\/www.cheapdiscordboost.com\/es\/shop\/herramientas-de-discordia\/cambio-de-marca-de-boost-tool-v3\/#primaryimage"},"thumbnailUrl":"https:\/\/www.cheapdiscordboost.com\/wp-content\/uploads\/2023\/09\/discord-tool.png","datePublished":"2023-09-22T23:19:48+00:00","breadcrumb":{"@id":"https:\/\/www.cheapdiscordboost.com\/es\/shop\/herramientas-de-discordia\/cambio-de-marca-de-boost-tool-v3\/#breadcrumb"},"inLanguage":"es","potentialAction":[{"@type":"ReadAction","target":["https:\/\/www.cheapdiscordboost.com\/es\/shop\/herramientas-de-discordia\/cambio-de-marca-de-boost-tool-v3\/"]}]},{"@type":"ImageObject","inLanguage":"es","@id":"https:\/\/www.cheapdiscordboost.com\/es\/shop\/herramientas-de-discordia\/cambio-de-marca-de-boost-tool-v3\/#primaryimage","url":"https:\/\/www.cheapdiscordboost.com\/wp-content\/uploads\/2023\/09\/discord-tool.png","contentUrl":"https:\/\/www.cheapdiscordboost.com\/wp-content\/uploads\/2023\/09\/discord-tool.png","width":700,"height":700},{"@type":"BreadcrumbList","@id":"https:\/\/www.cheapdiscordboost.com\/es\/shop\/herramientas-de-discordia\/cambio-de-marca-de-boost-tool-v3\/#breadcrumb","itemListElement":[{"@type":"ListItem","position":1,"name":"Home","item":"https:\/\/www.cheapdiscordboost.com\/es\/"},{"@type":"ListItem","position":2,"name":"Tienda","item":"https:\/\/www.cheapdiscordboost.com\/shop\/"},{"@type":"ListItem","position":3,"name":"Cambio de marca de Boost Tool V3"}]},{"@type":"WebSite","@id":"https:\/\/www.cheapdiscordboost.com\/es\/#website","url":"https:\/\/www.cheapdiscordboost.com\/es\/","name":"Cheap Discord Boost - Be Smart Buying Cheaper Nitro","description":"","publisher":{"@id":"https:\/\/www.cheapdiscordboost.com\/es\/#organization"},"potentialAction":[{"@type":"SearchAction","target":{"@type":"EntryPoint","urlTemplate":"https:\/\/www.cheapdiscordboost.com\/es\/?s={search_term_string}"},"query-input":{"@type":"PropertyValueSpecification","valueRequired":true,"valueName":"search_term_string"}}],"inLanguage":"es"},{"@type":"Organization","@id":"https:\/\/www.cheapdiscordboost.com\/es\/#organization","name":"Cheap Discord Boost - Be Smart Buying Cheaper Nitro","url":"https:\/\/www.cheapdiscordboost.com\/es\/","logo":{"@type":"ImageObject","inLanguage":"es","@id":"https:\/\/www.cheapdiscordboost.com\/es\/#\/schema\/logo\/image\/","url":"https:\/\/www.cheapdiscordboost.com\/wp-content\/uploads\/2023\/09\/logo.png","contentUrl":"https:\/\/www.cheapdiscordboost.com\/wp-content\/uploads\/2023\/09\/logo.png","width":439,"height":40,"caption":"Cheap Discord Boost - Be Smart Buying Cheaper Nitro"},"image":{"@id":"https:\/\/www.cheapdiscordboost.com\/es\/#\/schema\/logo\/image\/"}}]}},"_links":{"self":[{"href":"https:\/\/www.cheapdiscordboost.com\/es\/wp-json\/wp\/v2\/product\/4437","targetHints":{"allow":["GET"]}}],"collection":[{"href":"https:\/\/www.cheapdiscordboost.com\/es\/wp-json\/wp\/v2\/product"}],"about":[{"href":"https:\/\/www.cheapdiscordboost.com\/es\/wp-json\/wp\/v2\/types\/product"}],"version-history":[{"count":0,"href":"https:\/\/www.cheapdiscordboost.com\/es\/wp-json\/wp\/v2\/product\/4437\/revisions"}],"wp:featuredmedia":[{"embeddable":true,"href":"https:\/\/www.cheapdiscordboost.com\/es\/wp-json\/wp\/v2\/media\/3753"}],"wp:attachment":[{"href":"https:\/\/www.cheapdiscordboost.com\/es\/wp-json\/wp\/v2\/media?parent=4437"}],"wp:term":[{"taxonomy":"product_brand","embeddable":true,"href":"https:\/\/www.cheapdiscordboost.com\/es\/wp-json\/wp\/v2\/product_brand?post=4437"},{"taxonomy":"product_cat","embeddable":true,"href":"https:\/\/www.cheapdiscordboost.com\/es\/wp-json\/wp\/v2\/product_cat?post=4437"},{"taxonomy":"product_tag","embeddable":true,"href":"https:\/\/www.cheapdiscordboost.com\/es\/wp-json\/wp\/v2\/product_tag?post=4437"}],"curies":[{"name":"wp","href":"https:\/\/api.w.org\/{rel}","templated":true}]}}