{"id":4506,"date":"2023-09-22T18:25:10","date_gmt":"2023-09-22T18:25:10","guid":{"rendered":"https:\/\/www.cheapdiscordboost.com\/shop\/unkategorisiert\/diskord-nitro\/"},"modified":"2023-09-22T18:25:10","modified_gmt":"2023-09-22T18:25:10","slug":"diskord-nitro","status":"publish","type":"product","link":"https:\/\/www.cheapdiscordboost.com\/de\/shop\/diskord-nitro\/diskord-nitro\/","title":{"rendered":"Diskord Nitro"},"content":{"rendered":"<div class=\"group w-full text-token-text-primary border-b border-black\/10 gizmo:border-0 dark:border-gray-900\/50 gizmo:dark:border-0 bg-gray-50 gizmo:bg-transparent dark:bg-[#444654] gizmo:dark:bg-transparent\" data-testid=\"conversation-turn-3\">\n<div class=\"p-4 justify-center text-base md:gap-6 md:py-6 m-auto\">\n<div class=\"flex flex-1 gap-4 text-base mx-auto md:gap-6 md:max-w-2xl lg:max-w-[38rem] xl:max-w-3xl }\">\n<div class=\"relative flex w-[calc(100%-50px)] flex-col gap-1 md:gap-3 lg:w-[calc(100%-115px)]\">\n<div class=\"flex flex-grow flex-col gap-3 max-w-full\">\n<div class=\"min-h-[20px] flex flex-col items-start gap-3 overflow-x-auto whitespace-pre-wrap break-words\">\n<div class=\"markdown prose w-full break-words dark:prose-invert light\">\n<p><strong>Schalte eine Welt voller Vorteile mit Discord Nitro Boost frei<\/strong><\/p>\n<p>Heben Sie Ihr Discord-Erlebnis mit Discord Nitro Boost auf ein ganz neues Niveau. Diese Premium-Funktion erm\u00f6glicht es Ihnen, Ihre Lieblingsserver aufzuladen und Ihre Zeit auf Discord noch angenehmer und interaktiver zu gestalten.<\/p>\n<p><strong>Was bietet dir Discord Nitro Boost?<\/strong><\/p>\n<ol>\n<li><strong>Erweiterte Server-Vorteile:<\/strong> Indem Sie einen Server boosten, tragen Sie zu seinem Wachstum und Erfolg bei. Boosted-Server profitieren von einer Reihe von Vorteilen, darunter eine h\u00f6here Audioqualit\u00e4t, eine erh\u00f6hte Serverkapazit\u00e4t f\u00fcr Sprachkan\u00e4le und die M\u00f6glichkeit, eine benutzerdefinierte Einladungs-URL zu erstellen.<\/li>\n<li><strong>Schillerndes Server-Abzeichen:<\/strong> Zeigen Sie Ihre Unterst\u00fctzung und Ihr Engagement mit einem eindeutigen Nitro Boost-Abzeichen, das Ihren Beitrag zur Server-Mitgliederliste anzeigt. Es ist ein Ehrenabzeichen f\u00fcr Ihr Engagement.<\/li>\n<li><strong>Exklusive Server-Vanity-URL:<\/strong> Machen Sie Ihren Lieblingsserver mit einer eindeutigen und leicht zu merkenden URL noch zug\u00e4nglicher. Teilen Sie es mit Freunden, damit sie m\u00fchelos der Community beitreten k\u00f6nnen.<\/li>\n<li><strong>Benutzerdefinierte Emoji-Slots:<\/strong> Boosted-Server k\u00f6nnen mehr Slots f\u00fcr benutzerdefinierte Emojis freischalten, was ausdrucksst\u00e4rkere und pers\u00f6nlichere Unterhaltungen mit einer gr\u00f6\u00dferen Auswahl an emotionalen Symbolen erm\u00f6glicht.<\/li>\n<li><strong>Server-Banner:<\/strong> Als Booster hast du die M\u00f6glichkeit, ein Server-Banner zu entwerfen und zu pr\u00e4sentieren und so dem Erscheinungsbild des Servers eine kreative Note zu verleihen.<\/li>\n<li><strong>Animiertes Server-Symbol:<\/strong> Erwecken Sie Ihren Server mit einem animierten Symbol zum Leben, das die Essenz Ihrer Community einf\u00e4ngt.<\/li>\n<\/ol>\n<p><strong>Warum Sie sich f\u00fcr unser Discord Nitro-Abonnement entscheiden sollten:<\/strong><\/p>\n<ol>\n<li><strong>Selbstkauf:<\/strong> Sie m\u00fcssen sich nicht anmelden. Kaufen Sie Discord Nitro problemlos.<\/li>\n<li><strong>Rechtliche und regionale Preise:<\/strong> Erwerben Sie Discord Nitro legal zu regionalen Preisen.<\/li>\n<li><strong>Risikofrei:<\/strong> Genie\u00dfen Sie ein 100% risikofreies Produkt ohne Einschr\u00e4nkungen.<\/li>\n<li><strong>1-Jahres-Abonnement:<\/strong> Es ist ein ganzes Jahr Discord Nitro, nicht nur ein Geschenk.<\/li>\n<li><strong>Sichere Zahlung:<\/strong> Erhalten Sie eine virtuelle Kreditkarte (VCC) aus der T\u00fcrkei f\u00fcr sichere Transaktionen.<\/li>\n<li><strong>Globale G\u00fcltigkeit:<\/strong> Das Discord Nitro Abonnement ist weltweit g\u00fcltig.<\/li>\n<li><strong>1 Jahr Garantie:<\/strong> Profitieren Sie von einer umfassenden 1-Jahres-Garantie.<\/li>\n<li><strong>Schnelle Lieferung:<\/strong> Lassen Sie sich Ihren Einkauf innerhalb von 1-48 Stunden garantiert liefern oder erhalten Sie eine vollst\u00e4ndige R\u00fcckerstattung.<\/li>\n<\/ol>\n<p>Zus\u00e4tzliche Hinweise:<\/p>\n<ul>\n<li>Dieses Produkt ist nicht zum Kauf verf\u00fcgbar, wenn Ihr Nitro \u00fcber Google Pay oder Apple Pay abgerechnet wird.<\/li>\n<li>Sie k\u00f6nnen dieses Produkt nicht kaufen, wenn Sie bereits ein Discord Nitro-Jahresabonnement haben.<\/li>\n<li>M\u00f6chten Sie es f\u00fcr einen Freund kaufen? Laden Sie sie einfach auf unseren Server ein.<\/li>\n<\/ul>\n<p>F\u00fcr weitere Fragen stehen wir Ihnen gerne zur Verf\u00fcgung.<\/p>\n<\/div>\n<\/div>\n<\/div>\n<div class=\"flex justify-between lg:block\">\n<div class=\"text-gray-400 flex self-end lg:self-center justify-center mt-2 gap-2 md:gap-3 lg:gap-1 lg:absolute lg:top-0 lg:translate-x-full lg:right-0 lg:mt-0 lg:pl-2 visible\">\n<p>&nbsp;<\/p>\n<div class=\"flex gap-1\"><\/div>\n<\/div>\n<\/div>\n<\/div>\n<\/div>\n<\/div>\n<\/div>\n","protected":false},"excerpt":{"rendered":"<p>Schalte eine Welt voller Vorteile mit Discord Nitro Boost frei Heben Sie Ihr Discord-Erlebnis mit Discord Nitro Boost auf ein<\/p>\n","protected":false},"featured_media":3726,"template":"","meta":[],"product_brand":[],"product_cat":[214],"product_tag":[],"class_list":{"0":"post-4506","1":"product","2":"type-product","3":"status-publish","4":"has-post-thumbnail","6":"product_cat-diskord-nitro","8":"first","9":"instock","10":"sale","11":"shipping-taxable","12":"purchasable","13":"product-type-variable"},"yoast_head":"<!-- This site is optimized with the Yoast SEO plugin v27.2 - https:\/\/yoast.com\/product\/yoast-seo-wordpress\/ -->\n<title>Diskord Nitro - Cheap Discord Boost - Be Smart Buying Cheaper Nitro<\/title>\n<meta name=\"description\" content=\"Was bietet dir Discord Nitro Boost? Verbesserte Servervorteile: Durch das Boosten eines Servers, des Shiny-Server-Abzeichens, der exklusiven Server-Vanity-URL und weiterer Funktionen.\" \/>\n<meta name=\"robots\" content=\"index, follow, max-snippet:-1, max-image-preview:large, max-video-preview:-1\" \/>\n<link rel=\"canonical\" href=\"https:\/\/www.cheapdiscordboost.com\/de\/shop\/diskord-nitro\/diskord-nitro\/\" \/>\n<meta property=\"og:locale\" content=\"de_DE\" \/>\n<meta property=\"og:type\" content=\"article\" \/>\n<meta property=\"og:title\" content=\"Diskord Nitro - Cheap Discord Boost - Be Smart Buying Cheaper Nitro\" \/>\n<meta property=\"og:description\" content=\"Was bietet dir Discord Nitro Boost? Verbesserte Servervorteile: Durch das Boosten eines Servers, des Shiny-Server-Abzeichens, der exklusiven Server-Vanity-URL und weiterer Funktionen.\" \/>\n<meta property=\"og:url\" content=\"https:\/\/www.cheapdiscordboost.com\/de\/shop\/diskord-nitro\/diskord-nitro\/\" \/>\n<meta property=\"og:site_name\" content=\"Cheap Discord Boost - Be Smart Buying Cheaper Nitro\" \/>\n<meta property=\"og:image\" content=\"https:\/\/www.cheapdiscordboost.com\/wp-content\/uploads\/2023\/09\/discord-nitro-boost-1.png\" \/>\n\t<meta property=\"og:image:width\" content=\"932\" \/>\n\t<meta property=\"og:image:height\" content=\"700\" \/>\n\t<meta property=\"og:image:type\" content=\"image\/png\" \/>\n<meta name=\"twitter:card\" content=\"summary_large_image\" \/>\n<meta name=\"twitter:label1\" content=\"Gesch\u00e4tzte Lesezeit\" \/>\n\t<meta name=\"twitter:data1\" content=\"2\u00a0Minuten\" \/>\n<script type=\"application\/ld+json\" class=\"yoast-schema-graph\">{\"@context\":\"https:\/\/schema.org\",\"@graph\":[{\"@type\":\"WebPage\",\"@id\":\"https:\/\/www.cheapdiscordboost.com\/de\/shop\/diskord-nitro\/diskord-nitro\/\",\"url\":\"https:\/\/www.cheapdiscordboost.com\/de\/shop\/diskord-nitro\/diskord-nitro\/\",\"name\":\"Diskord Nitro - Cheap Discord Boost - Be Smart Buying Cheaper Nitro\",\"isPartOf\":{\"@id\":\"https:\/\/www.cheapdiscordboost.com\/de\/#website\"},\"primaryImageOfPage\":{\"@id\":\"https:\/\/www.cheapdiscordboost.com\/de\/shop\/diskord-nitro\/diskord-nitro\/#primaryimage\"},\"image\":{\"@id\":\"https:\/\/www.cheapdiscordboost.com\/de\/shop\/diskord-nitro\/diskord-nitro\/#primaryimage\"},\"thumbnailUrl\":\"https:\/\/www.cheapdiscordboost.com\/wp-content\/uploads\/2023\/09\/discord-nitro-boost-1.png\",\"datePublished\":\"2023-09-22T18:25:10+00:00\",\"description\":\"Was bietet dir Discord Nitro Boost? Verbesserte Servervorteile: Durch das Boosten eines Servers, des Shiny-Server-Abzeichens, der exklusiven Server-Vanity-URL und weiterer Funktionen.\",\"breadcrumb\":{\"@id\":\"https:\/\/www.cheapdiscordboost.com\/de\/shop\/diskord-nitro\/diskord-nitro\/#breadcrumb\"},\"inLanguage\":\"de\",\"potentialAction\":[{\"@type\":\"ReadAction\",\"target\":[\"https:\/\/www.cheapdiscordboost.com\/de\/shop\/diskord-nitro\/diskord-nitro\/\"]}]},{\"@type\":\"ImageObject\",\"inLanguage\":\"de\",\"@id\":\"https:\/\/www.cheapdiscordboost.com\/de\/shop\/diskord-nitro\/diskord-nitro\/#primaryimage\",\"url\":\"https:\/\/www.cheapdiscordboost.com\/wp-content\/uploads\/2023\/09\/discord-nitro-boost-1.png\",\"contentUrl\":\"https:\/\/www.cheapdiscordboost.com\/wp-content\/uploads\/2023\/09\/discord-nitro-boost-1.png\",\"width\":932,\"height\":700},{\"@type\":\"BreadcrumbList\",\"@id\":\"https:\/\/www.cheapdiscordboost.com\/de\/shop\/diskord-nitro\/diskord-nitro\/#breadcrumb\",\"itemListElement\":[{\"@type\":\"ListItem\",\"position\":1,\"name\":\"Home\",\"item\":\"https:\/\/www.cheapdiscordboost.com\/de\/\"},{\"@type\":\"ListItem\",\"position\":2,\"name\":\"Shop\",\"item\":\"https:\/\/www.cheapdiscordboost.com\/shop\/\"},{\"@type\":\"ListItem\",\"position\":3,\"name\":\"Diskord Nitro\"}]},{\"@type\":\"WebSite\",\"@id\":\"https:\/\/www.cheapdiscordboost.com\/de\/#website\",\"url\":\"https:\/\/www.cheapdiscordboost.com\/de\/\",\"name\":\"Cheap Discord Boost - Be Smart Buying Cheaper Nitro\",\"description\":\"\",\"publisher\":{\"@id\":\"https:\/\/www.cheapdiscordboost.com\/de\/#organization\"},\"potentialAction\":[{\"@type\":\"SearchAction\",\"target\":{\"@type\":\"EntryPoint\",\"urlTemplate\":\"https:\/\/www.cheapdiscordboost.com\/de\/?s={search_term_string}\"},\"query-input\":{\"@type\":\"PropertyValueSpecification\",\"valueRequired\":true,\"valueName\":\"search_term_string\"}}],\"inLanguage\":\"de\"},{\"@type\":\"Organization\",\"@id\":\"https:\/\/www.cheapdiscordboost.com\/de\/#organization\",\"name\":\"Cheap Discord Boost - Be Smart Buying Cheaper Nitro\",\"url\":\"https:\/\/www.cheapdiscordboost.com\/de\/\",\"logo\":{\"@type\":\"ImageObject\",\"inLanguage\":\"de\",\"@id\":\"https:\/\/www.cheapdiscordboost.com\/de\/#\/schema\/logo\/image\/\",\"url\":\"https:\/\/www.cheapdiscordboost.com\/wp-content\/uploads\/2023\/09\/logo.png\",\"contentUrl\":\"https:\/\/www.cheapdiscordboost.com\/wp-content\/uploads\/2023\/09\/logo.png\",\"width\":439,\"height\":40,\"caption\":\"Cheap Discord Boost - Be Smart Buying Cheaper Nitro\"},\"image\":{\"@id\":\"https:\/\/www.cheapdiscordboost.com\/de\/#\/schema\/logo\/image\/\"}}]}<\/script>\n<!-- \/ Yoast SEO plugin. -->","yoast_head_json":{"title":"Diskord Nitro - Cheap Discord Boost - Be Smart Buying Cheaper Nitro","description":"Was bietet dir Discord Nitro Boost? Verbesserte Servervorteile: Durch das Boosten eines Servers, des Shiny-Server-Abzeichens, der exklusiven Server-Vanity-URL und weiterer Funktionen.","robots":{"index":"index","follow":"follow","max-snippet":"max-snippet:-1","max-image-preview":"max-image-preview:large","max-video-preview":"max-video-preview:-1"},"canonical":"https:\/\/www.cheapdiscordboost.com\/de\/shop\/diskord-nitro\/diskord-nitro\/","og_locale":"de_DE","og_type":"article","og_title":"Diskord Nitro - Cheap Discord Boost - Be Smart Buying Cheaper Nitro","og_description":"Was bietet dir Discord Nitro Boost? Verbesserte Servervorteile: Durch das Boosten eines Servers, des Shiny-Server-Abzeichens, der exklusiven Server-Vanity-URL und weiterer Funktionen.","og_url":"https:\/\/www.cheapdiscordboost.com\/de\/shop\/diskord-nitro\/diskord-nitro\/","og_site_name":"Cheap Discord Boost - Be Smart Buying Cheaper Nitro","og_image":[{"width":932,"height":700,"url":"https:\/\/www.cheapdiscordboost.com\/wp-content\/uploads\/2023\/09\/discord-nitro-boost-1.png","type":"image\/png"}],"twitter_card":"summary_large_image","twitter_misc":{"Gesch\u00e4tzte Lesezeit":"2\u00a0Minuten"},"schema":{"@context":"https:\/\/schema.org","@graph":[{"@type":"WebPage","@id":"https:\/\/www.cheapdiscordboost.com\/de\/shop\/diskord-nitro\/diskord-nitro\/","url":"https:\/\/www.cheapdiscordboost.com\/de\/shop\/diskord-nitro\/diskord-nitro\/","name":"Diskord Nitro - Cheap Discord Boost - Be Smart Buying Cheaper Nitro","isPartOf":{"@id":"https:\/\/www.cheapdiscordboost.com\/de\/#website"},"primaryImageOfPage":{"@id":"https:\/\/www.cheapdiscordboost.com\/de\/shop\/diskord-nitro\/diskord-nitro\/#primaryimage"},"image":{"@id":"https:\/\/www.cheapdiscordboost.com\/de\/shop\/diskord-nitro\/diskord-nitro\/#primaryimage"},"thumbnailUrl":"https:\/\/www.cheapdiscordboost.com\/wp-content\/uploads\/2023\/09\/discord-nitro-boost-1.png","datePublished":"2023-09-22T18:25:10+00:00","description":"Was bietet dir Discord Nitro Boost? Verbesserte Servervorteile: Durch das Boosten eines Servers, des Shiny-Server-Abzeichens, der exklusiven Server-Vanity-URL und weiterer Funktionen.","breadcrumb":{"@id":"https:\/\/www.cheapdiscordboost.com\/de\/shop\/diskord-nitro\/diskord-nitro\/#breadcrumb"},"inLanguage":"de","potentialAction":[{"@type":"ReadAction","target":["https:\/\/www.cheapdiscordboost.com\/de\/shop\/diskord-nitro\/diskord-nitro\/"]}]},{"@type":"ImageObject","inLanguage":"de","@id":"https:\/\/www.cheapdiscordboost.com\/de\/shop\/diskord-nitro\/diskord-nitro\/#primaryimage","url":"https:\/\/www.cheapdiscordboost.com\/wp-content\/uploads\/2023\/09\/discord-nitro-boost-1.png","contentUrl":"https:\/\/www.cheapdiscordboost.com\/wp-content\/uploads\/2023\/09\/discord-nitro-boost-1.png","width":932,"height":700},{"@type":"BreadcrumbList","@id":"https:\/\/www.cheapdiscordboost.com\/de\/shop\/diskord-nitro\/diskord-nitro\/#breadcrumb","itemListElement":[{"@type":"ListItem","position":1,"name":"Home","item":"https:\/\/www.cheapdiscordboost.com\/de\/"},{"@type":"ListItem","position":2,"name":"Shop","item":"https:\/\/www.cheapdiscordboost.com\/shop\/"},{"@type":"ListItem","position":3,"name":"Diskord Nitro"}]},{"@type":"WebSite","@id":"https:\/\/www.cheapdiscordboost.com\/de\/#website","url":"https:\/\/www.cheapdiscordboost.com\/de\/","name":"Cheap Discord Boost - Be Smart Buying Cheaper Nitro","description":"","publisher":{"@id":"https:\/\/www.cheapdiscordboost.com\/de\/#organization"},"potentialAction":[{"@type":"SearchAction","target":{"@type":"EntryPoint","urlTemplate":"https:\/\/www.cheapdiscordboost.com\/de\/?s={search_term_string}"},"query-input":{"@type":"PropertyValueSpecification","valueRequired":true,"valueName":"search_term_string"}}],"inLanguage":"de"},{"@type":"Organization","@id":"https:\/\/www.cheapdiscordboost.com\/de\/#organization","name":"Cheap Discord Boost - Be Smart Buying Cheaper Nitro","url":"https:\/\/www.cheapdiscordboost.com\/de\/","logo":{"@type":"ImageObject","inLanguage":"de","@id":"https:\/\/www.cheapdiscordboost.com\/de\/#\/schema\/logo\/image\/","url":"https:\/\/www.cheapdiscordboost.com\/wp-content\/uploads\/2023\/09\/logo.png","contentUrl":"https:\/\/www.cheapdiscordboost.com\/wp-content\/uploads\/2023\/09\/logo.png","width":439,"height":40,"caption":"Cheap Discord Boost - Be Smart Buying Cheaper Nitro"},"image":{"@id":"https:\/\/www.cheapdiscordboost.com\/de\/#\/schema\/logo\/image\/"}}]}},"_links":{"self":[{"href":"https:\/\/www.cheapdiscordboost.com\/de\/wp-json\/wp\/v2\/product\/4506","targetHints":{"allow":["GET"]}}],"collection":[{"href":"https:\/\/www.cheapdiscordboost.com\/de\/wp-json\/wp\/v2\/product"}],"about":[{"href":"https:\/\/www.cheapdiscordboost.com\/de\/wp-json\/wp\/v2\/types\/product"}],"version-history":[{"count":0,"href":"https:\/\/www.cheapdiscordboost.com\/de\/wp-json\/wp\/v2\/product\/4506\/revisions"}],"wp:featuredmedia":[{"embeddable":true,"href":"https:\/\/www.cheapdiscordboost.com\/de\/wp-json\/wp\/v2\/media\/3726"}],"wp:attachment":[{"href":"https:\/\/www.cheapdiscordboost.com\/de\/wp-json\/wp\/v2\/media?parent=4506"}],"wp:term":[{"taxonomy":"product_brand","embeddable":true,"href":"https:\/\/www.cheapdiscordboost.com\/de\/wp-json\/wp\/v2\/product_brand?post=4506"},{"taxonomy":"product_cat","embeddable":true,"href":"https:\/\/www.cheapdiscordboost.com\/de\/wp-json\/wp\/v2\/product_cat?post=4506"},{"taxonomy":"product_tag","embeddable":true,"href":"https:\/\/www.cheapdiscordboost.com\/de\/wp-json\/wp\/v2\/product_tag?post=4506"}],"curies":[{"name":"wp","href":"https:\/\/api.w.org\/{rel}","templated":true}]}}