{"id":4466,"date":"2023-09-22T23:19:48","date_gmt":"2023-09-22T23:19:48","guid":{"rendered":"https:\/\/www.cheapdiscordboost.com\/shop\/unkategorisiert\/boost-tool-v3-rebranding\/"},"modified":"2023-11-27T02:51:14","modified_gmt":"2023-11-27T02:51:14","slug":"boost-tool-v3-rebranding","status":"publish","type":"product","link":"https:\/\/www.cheapdiscordboost.com\/de\/shop\/discord-tools-de\/boost-tool-v3-rebranding\/","title":{"rendered":"Boost Tool V3 Rebranding"},"content":{"rendered":"<p><strong>Beginnen Sie mit dem Verkauf Ihres boost Tool v3 mit Ihrem eigenen Logo und Namen.<\/strong><\/p>\n<p><strong>Merkmale:<\/strong><\/p>\n<ul>\n<li>Multi-Stock: Zugang zu 1-Monats- und 3-Monats-Tokens.<\/li>\n<li>Schnelle Leistung: Genie\u00dfen Sie ein schnelles und effizientes Erlebnis.<\/li>\n<li>Proxy-Unterst\u00fctzung: Gew\u00e4hrleisten Sie Ihre Privatsph\u00e4re und Sicherheit mit Proxy-Unterst\u00fctzung.<\/li>\n<li>Multi-Threaded: Nutzen Sie die Leistungsf\u00e4higkeit von Multi-Threading f\u00fcr optimale Leistung.<\/li>\n<li>Benutzerfreundlich: Einfach zu bedienende Oberfl\u00e4che f\u00fcr nahtlose Navigation.<\/li>\n<li>TLS-Spoofing: Erh\u00f6hte Sicherheit und Umgehung von Beschr\u00e4nkungen.<\/li>\n<li>Minimale Captcha-Herausforderungen: Die meisten Token funktionieren ohne Captchas.<\/li>\n<li>Captcha-L\u00f6sungsunterst\u00fctzung: Kompatibel mit Capmonster, Anti-Captcha und Capsolver (API-Schl\u00fcssel erforderlich).<\/li>\n<li>Keine Token-Sperren: Freiheit, Token nach eigenem Ermessen zu verwenden.<\/li>\n<li>Token formatieren<\/li>\n<\/ul>\n","protected":false},"excerpt":{"rendered":"<p>Beginnen Sie mit dem Verkauf Ihres boost Tool v3 mit Ihrem eigenen Logo und Namen. Merkmale: Multi-Stock: Zugang zu 1-Monats-<\/p>\n","protected":false},"featured_media":3750,"template":"","meta":[],"product_brand":[],"product_cat":[194],"product_tag":[],"class_list":{"0":"post-4466","1":"product","2":"type-product","3":"status-publish","4":"has-post-thumbnail","6":"product_cat-discord-tools-de","8":"first","9":"outofstock","10":"sale","11":"shipping-taxable","12":"purchasable","13":"product-type-simple"},"yoast_head":"<!-- This site is optimized with the Yoast SEO plugin v27.2 - https:\/\/yoast.com\/product\/yoast-seo-wordpress\/ -->\n<title>Boost Tool V3 Rebranding - Cheap Discord Boost - Be Smart Buying Cheaper Nitro<\/title>\n<meta name=\"robots\" content=\"index, follow, max-snippet:-1, max-image-preview:large, max-video-preview:-1\" \/>\n<link rel=\"canonical\" href=\"https:\/\/www.cheapdiscordboost.com\/de\/shop\/discord-tools-de\/boost-tool-v3-rebranding\/\" \/>\n<meta property=\"og:locale\" content=\"de_DE\" \/>\n<meta property=\"og:type\" content=\"article\" \/>\n<meta property=\"og:title\" content=\"Boost Tool V3 Rebranding - Cheap Discord Boost - Be Smart Buying Cheaper Nitro\" \/>\n<meta property=\"og:description\" content=\"Beginnen Sie mit dem Verkauf Ihres boost Tool v3 mit Ihrem eigenen Logo und Namen. Merkmale: Multi-Stock: Zugang zu 1-Monats-\" \/>\n<meta property=\"og:url\" content=\"https:\/\/www.cheapdiscordboost.com\/de\/shop\/discord-tools-de\/boost-tool-v3-rebranding\/\" \/>\n<meta property=\"og:site_name\" content=\"Cheap Discord Boost - Be Smart Buying Cheaper Nitro\" \/>\n<meta property=\"article:modified_time\" content=\"2023-11-27T02:51:14+00:00\" \/>\n<meta property=\"og:image\" content=\"https:\/\/www.cheapdiscordboost.com\/wp-content\/uploads\/2023\/09\/discord-tool.png\" \/>\n\t<meta property=\"og:image:width\" content=\"700\" \/>\n\t<meta property=\"og:image:height\" content=\"700\" \/>\n\t<meta property=\"og:image:type\" content=\"image\/png\" \/>\n<meta name=\"twitter:card\" content=\"summary_large_image\" \/>\n<meta name=\"twitter:label1\" content=\"Gesch\u00e4tzte Lesezeit\" \/>\n\t<meta name=\"twitter:data1\" content=\"1\u00a0Minute\" \/>\n<script type=\"application\/ld+json\" class=\"yoast-schema-graph\">{\"@context\":\"https:\/\/schema.org\",\"@graph\":[{\"@type\":\"WebPage\",\"@id\":\"https:\/\/www.cheapdiscordboost.com\/de\/shop\/discord-tools-de\/boost-tool-v3-rebranding\/\",\"url\":\"https:\/\/www.cheapdiscordboost.com\/de\/shop\/discord-tools-de\/boost-tool-v3-rebranding\/\",\"name\":\"Boost Tool V3 Rebranding - Cheap Discord Boost - Be Smart Buying Cheaper Nitro\",\"isPartOf\":{\"@id\":\"https:\/\/www.cheapdiscordboost.com\/de\/#website\"},\"primaryImageOfPage\":{\"@id\":\"https:\/\/www.cheapdiscordboost.com\/de\/shop\/discord-tools-de\/boost-tool-v3-rebranding\/#primaryimage\"},\"image\":{\"@id\":\"https:\/\/www.cheapdiscordboost.com\/de\/shop\/discord-tools-de\/boost-tool-v3-rebranding\/#primaryimage\"},\"thumbnailUrl\":\"https:\/\/www.cheapdiscordboost.com\/wp-content\/uploads\/2023\/09\/discord-tool.png\",\"datePublished\":\"2023-09-22T23:19:48+00:00\",\"dateModified\":\"2023-11-27T02:51:14+00:00\",\"breadcrumb\":{\"@id\":\"https:\/\/www.cheapdiscordboost.com\/de\/shop\/discord-tools-de\/boost-tool-v3-rebranding\/#breadcrumb\"},\"inLanguage\":\"de\",\"potentialAction\":[{\"@type\":\"ReadAction\",\"target\":[\"https:\/\/www.cheapdiscordboost.com\/de\/shop\/discord-tools-de\/boost-tool-v3-rebranding\/\"]}]},{\"@type\":\"ImageObject\",\"inLanguage\":\"de\",\"@id\":\"https:\/\/www.cheapdiscordboost.com\/de\/shop\/discord-tools-de\/boost-tool-v3-rebranding\/#primaryimage\",\"url\":\"https:\/\/www.cheapdiscordboost.com\/wp-content\/uploads\/2023\/09\/discord-tool.png\",\"contentUrl\":\"https:\/\/www.cheapdiscordboost.com\/wp-content\/uploads\/2023\/09\/discord-tool.png\",\"width\":700,\"height\":700},{\"@type\":\"BreadcrumbList\",\"@id\":\"https:\/\/www.cheapdiscordboost.com\/de\/shop\/discord-tools-de\/boost-tool-v3-rebranding\/#breadcrumb\",\"itemListElement\":[{\"@type\":\"ListItem\",\"position\":1,\"name\":\"Home\",\"item\":\"https:\/\/www.cheapdiscordboost.com\/de\/\"},{\"@type\":\"ListItem\",\"position\":2,\"name\":\"Shop\",\"item\":\"https:\/\/www.cheapdiscordboost.com\/shop\/\"},{\"@type\":\"ListItem\",\"position\":3,\"name\":\"Boost Tool V3 Rebranding\"}]},{\"@type\":\"WebSite\",\"@id\":\"https:\/\/www.cheapdiscordboost.com\/de\/#website\",\"url\":\"https:\/\/www.cheapdiscordboost.com\/de\/\",\"name\":\"Cheap Discord Boost - Be Smart Buying Cheaper Nitro\",\"description\":\"\",\"publisher\":{\"@id\":\"https:\/\/www.cheapdiscordboost.com\/de\/#organization\"},\"potentialAction\":[{\"@type\":\"SearchAction\",\"target\":{\"@type\":\"EntryPoint\",\"urlTemplate\":\"https:\/\/www.cheapdiscordboost.com\/de\/?s={search_term_string}\"},\"query-input\":{\"@type\":\"PropertyValueSpecification\",\"valueRequired\":true,\"valueName\":\"search_term_string\"}}],\"inLanguage\":\"de\"},{\"@type\":\"Organization\",\"@id\":\"https:\/\/www.cheapdiscordboost.com\/de\/#organization\",\"name\":\"Cheap Discord Boost - Be Smart Buying Cheaper Nitro\",\"url\":\"https:\/\/www.cheapdiscordboost.com\/de\/\",\"logo\":{\"@type\":\"ImageObject\",\"inLanguage\":\"de\",\"@id\":\"https:\/\/www.cheapdiscordboost.com\/de\/#\/schema\/logo\/image\/\",\"url\":\"https:\/\/www.cheapdiscordboost.com\/wp-content\/uploads\/2023\/09\/logo.png\",\"contentUrl\":\"https:\/\/www.cheapdiscordboost.com\/wp-content\/uploads\/2023\/09\/logo.png\",\"width\":439,\"height\":40,\"caption\":\"Cheap Discord Boost - Be Smart Buying Cheaper Nitro\"},\"image\":{\"@id\":\"https:\/\/www.cheapdiscordboost.com\/de\/#\/schema\/logo\/image\/\"}}]}<\/script>\n<!-- \/ Yoast SEO plugin. -->","yoast_head_json":{"title":"Boost Tool V3 Rebranding - Cheap Discord Boost - Be Smart Buying Cheaper Nitro","robots":{"index":"index","follow":"follow","max-snippet":"max-snippet:-1","max-image-preview":"max-image-preview:large","max-video-preview":"max-video-preview:-1"},"canonical":"https:\/\/www.cheapdiscordboost.com\/de\/shop\/discord-tools-de\/boost-tool-v3-rebranding\/","og_locale":"de_DE","og_type":"article","og_title":"Boost Tool V3 Rebranding - Cheap Discord Boost - Be Smart Buying Cheaper Nitro","og_description":"Beginnen Sie mit dem Verkauf Ihres boost Tool v3 mit Ihrem eigenen Logo und Namen. Merkmale: Multi-Stock: Zugang zu 1-Monats-","og_url":"https:\/\/www.cheapdiscordboost.com\/de\/shop\/discord-tools-de\/boost-tool-v3-rebranding\/","og_site_name":"Cheap Discord Boost - Be Smart Buying Cheaper Nitro","article_modified_time":"2023-11-27T02:51:14+00:00","og_image":[{"width":700,"height":700,"url":"https:\/\/www.cheapdiscordboost.com\/wp-content\/uploads\/2023\/09\/discord-tool.png","type":"image\/png"}],"twitter_card":"summary_large_image","twitter_misc":{"Gesch\u00e4tzte Lesezeit":"1\u00a0Minute"},"schema":{"@context":"https:\/\/schema.org","@graph":[{"@type":"WebPage","@id":"https:\/\/www.cheapdiscordboost.com\/de\/shop\/discord-tools-de\/boost-tool-v3-rebranding\/","url":"https:\/\/www.cheapdiscordboost.com\/de\/shop\/discord-tools-de\/boost-tool-v3-rebranding\/","name":"Boost Tool V3 Rebranding - Cheap Discord Boost - Be Smart Buying Cheaper Nitro","isPartOf":{"@id":"https:\/\/www.cheapdiscordboost.com\/de\/#website"},"primaryImageOfPage":{"@id":"https:\/\/www.cheapdiscordboost.com\/de\/shop\/discord-tools-de\/boost-tool-v3-rebranding\/#primaryimage"},"image":{"@id":"https:\/\/www.cheapdiscordboost.com\/de\/shop\/discord-tools-de\/boost-tool-v3-rebranding\/#primaryimage"},"thumbnailUrl":"https:\/\/www.cheapdiscordboost.com\/wp-content\/uploads\/2023\/09\/discord-tool.png","datePublished":"2023-09-22T23:19:48+00:00","dateModified":"2023-11-27T02:51:14+00:00","breadcrumb":{"@id":"https:\/\/www.cheapdiscordboost.com\/de\/shop\/discord-tools-de\/boost-tool-v3-rebranding\/#breadcrumb"},"inLanguage":"de","potentialAction":[{"@type":"ReadAction","target":["https:\/\/www.cheapdiscordboost.com\/de\/shop\/discord-tools-de\/boost-tool-v3-rebranding\/"]}]},{"@type":"ImageObject","inLanguage":"de","@id":"https:\/\/www.cheapdiscordboost.com\/de\/shop\/discord-tools-de\/boost-tool-v3-rebranding\/#primaryimage","url":"https:\/\/www.cheapdiscordboost.com\/wp-content\/uploads\/2023\/09\/discord-tool.png","contentUrl":"https:\/\/www.cheapdiscordboost.com\/wp-content\/uploads\/2023\/09\/discord-tool.png","width":700,"height":700},{"@type":"BreadcrumbList","@id":"https:\/\/www.cheapdiscordboost.com\/de\/shop\/discord-tools-de\/boost-tool-v3-rebranding\/#breadcrumb","itemListElement":[{"@type":"ListItem","position":1,"name":"Home","item":"https:\/\/www.cheapdiscordboost.com\/de\/"},{"@type":"ListItem","position":2,"name":"Shop","item":"https:\/\/www.cheapdiscordboost.com\/shop\/"},{"@type":"ListItem","position":3,"name":"Boost Tool V3 Rebranding"}]},{"@type":"WebSite","@id":"https:\/\/www.cheapdiscordboost.com\/de\/#website","url":"https:\/\/www.cheapdiscordboost.com\/de\/","name":"Cheap Discord Boost - Be Smart Buying Cheaper Nitro","description":"","publisher":{"@id":"https:\/\/www.cheapdiscordboost.com\/de\/#organization"},"potentialAction":[{"@type":"SearchAction","target":{"@type":"EntryPoint","urlTemplate":"https:\/\/www.cheapdiscordboost.com\/de\/?s={search_term_string}"},"query-input":{"@type":"PropertyValueSpecification","valueRequired":true,"valueName":"search_term_string"}}],"inLanguage":"de"},{"@type":"Organization","@id":"https:\/\/www.cheapdiscordboost.com\/de\/#organization","name":"Cheap Discord Boost - Be Smart Buying Cheaper Nitro","url":"https:\/\/www.cheapdiscordboost.com\/de\/","logo":{"@type":"ImageObject","inLanguage":"de","@id":"https:\/\/www.cheapdiscordboost.com\/de\/#\/schema\/logo\/image\/","url":"https:\/\/www.cheapdiscordboost.com\/wp-content\/uploads\/2023\/09\/logo.png","contentUrl":"https:\/\/www.cheapdiscordboost.com\/wp-content\/uploads\/2023\/09\/logo.png","width":439,"height":40,"caption":"Cheap Discord Boost - Be Smart Buying Cheaper Nitro"},"image":{"@id":"https:\/\/www.cheapdiscordboost.com\/de\/#\/schema\/logo\/image\/"}}]}},"_links":{"self":[{"href":"https:\/\/www.cheapdiscordboost.com\/de\/wp-json\/wp\/v2\/product\/4466","targetHints":{"allow":["GET"]}}],"collection":[{"href":"https:\/\/www.cheapdiscordboost.com\/de\/wp-json\/wp\/v2\/product"}],"about":[{"href":"https:\/\/www.cheapdiscordboost.com\/de\/wp-json\/wp\/v2\/types\/product"}],"version-history":[{"count":1,"href":"https:\/\/www.cheapdiscordboost.com\/de\/wp-json\/wp\/v2\/product\/4466\/revisions"}],"predecessor-version":[{"id":4490,"href":"https:\/\/www.cheapdiscordboost.com\/de\/wp-json\/wp\/v2\/product\/4466\/revisions\/4490"}],"wp:featuredmedia":[{"embeddable":true,"href":"https:\/\/www.cheapdiscordboost.com\/de\/wp-json\/wp\/v2\/media\/3750"}],"wp:attachment":[{"href":"https:\/\/www.cheapdiscordboost.com\/de\/wp-json\/wp\/v2\/media?parent=4466"}],"wp:term":[{"taxonomy":"product_brand","embeddable":true,"href":"https:\/\/www.cheapdiscordboost.com\/de\/wp-json\/wp\/v2\/product_brand?post=4466"},{"taxonomy":"product_cat","embeddable":true,"href":"https:\/\/www.cheapdiscordboost.com\/de\/wp-json\/wp\/v2\/product_cat?post=4466"},{"taxonomy":"product_tag","embeddable":true,"href":"https:\/\/www.cheapdiscordboost.com\/de\/wp-json\/wp\/v2\/product_tag?post=4466"}],"curies":[{"name":"wp","href":"https:\/\/api.w.org\/{rel}","templated":true}]}}