{"id":4385,"date":"2023-09-23T12:20:03","date_gmt":"2023-09-23T12:20:03","guid":{"rendered":"https:\/\/www.cheapdiscordboost.com\/shop\/unkategorisiert\/discord-server-wird-um-3-monate-verlaengert\/"},"modified":"2024-03-16T16:41:51","modified_gmt":"2024-03-16T16:41:51","slug":"discord-server-wird-um-3-monate-verlaengert","status":"publish","type":"product","link":"https:\/\/www.cheapdiscordboost.com\/de\/shop\/server-boosts\/discord-server-wird-um-3-monate-verlaengert\/","title":{"rendered":"Discord Server wird um 3 Monate verl\u00e4ngert"},"content":{"rendered":"<p id=\"tw-target-text\" class=\"tw-data-text tw-text-large tw-ta\" dir=\"ltr\" data-placeholder=\"Traduzione\"><span class=\"Y2IQFc\" lang=\"en\">Der Kauf von billigen Discord Server Boosts f\u00fcr 3 Monate bedeutet, dass einige Benutzer Ihrem Discord Server beitreten und Ihren Server mit dem von Ihnen gew\u00e4hlten Betrag boosten werden.<\/span><\/p>\n<p>Ihr erhaltet eure 14 Server-Boosts im Server-Discord eurer Wahl.<\/p>\n<p>Deaktivieren Sie alle Anti-Raid-Bots und geben Sie einen funktionierenden, nicht abgelaufenen Einladungslink an.<\/p>\n<p>Bitte beachten Sie, dass Boosts nicht \u00fcbertragen oder widerrufen werden k\u00f6nnen, sobald sie zugestellt wurden.<\/p>\n<p>Nicht gegen Discord-Regeln und Vorschriften<\/p>\n<p>&#8212;&#8212;&gt; Read ToS before buy &lt;&#8212;&#8212;-<\/p>\n","protected":false},"excerpt":{"rendered":"<p>Der Kauf von billigen Discord Server Boosts f\u00fcr 3 Monate bedeutet, dass einige Benutzer Ihrem Discord Server beitreten und Ihren<\/p>\n","protected":false},"featured_media":3732,"template":"","meta":[],"product_brand":[],"product_cat":[202],"product_tag":[],"class_list":{"0":"post-4385","1":"product","2":"type-product","3":"status-publish","4":"has-post-thumbnail","6":"product_cat-server-boosts","8":"first","9":"instock","10":"sale","11":"shipping-taxable","12":"purchasable","13":"product-type-variable"},"yoast_head":"<!-- This site is optimized with the Yoast SEO plugin v27.2 - https:\/\/yoast.com\/product\/yoast-seo-wordpress\/ -->\n<title>Discord Server wird um 3 Monate verl\u00e4ngert - G\u00fcnstiger Discord Boost<\/title>\n<meta name=\"description\" content=\"Der Kauf von billigen Discord Server Boosts f\u00fcr 3 Monate bedeutet, dass einige Benutzer Ihrem Discord Server beitreten und Ihren Server mit dem von Ihnen gew\u00e4hlten Betrag boosten werden.\" \/>\n<meta name=\"robots\" content=\"index, follow, max-snippet:-1, max-image-preview:large, max-video-preview:-1\" \/>\n<link rel=\"canonical\" href=\"https:\/\/www.cheapdiscordboost.com\/de\/shop\/server-boosts\/discord-server-wird-um-3-monate-verlaengert\/\" \/>\n<meta property=\"og:locale\" content=\"de_DE\" \/>\n<meta property=\"og:type\" content=\"article\" \/>\n<meta property=\"og:title\" content=\"Discord Server wird um 3 Monate verl\u00e4ngert - G\u00fcnstiger Discord Boost\" \/>\n<meta property=\"og:description\" content=\"Der Kauf von billigen Discord Server Boosts f\u00fcr 3 Monate bedeutet, dass einige Benutzer Ihrem Discord Server beitreten und Ihren Server mit dem von Ihnen gew\u00e4hlten Betrag boosten werden.\" \/>\n<meta property=\"og:url\" content=\"https:\/\/www.cheapdiscordboost.com\/de\/shop\/server-boosts\/discord-server-wird-um-3-monate-verlaengert\/\" \/>\n<meta property=\"og:site_name\" content=\"Cheap Discord Boost - Be Smart Buying Cheaper Nitro\" \/>\n<meta property=\"article:modified_time\" content=\"2024-03-16T16:41:51+00:00\" \/>\n<meta property=\"og:image\" content=\"https:\/\/www.cheapdiscordboost.com\/wp-content\/uploads\/2023\/09\/cheap-server-boosts.png\" \/>\n\t<meta property=\"og:image:width\" content=\"700\" \/>\n\t<meta property=\"og:image:height\" content=\"638\" \/>\n\t<meta property=\"og:image:type\" content=\"image\/png\" \/>\n<meta name=\"twitter:card\" content=\"summary_large_image\" \/>\n<script type=\"application\/ld+json\" class=\"yoast-schema-graph\">{\"@context\":\"https:\/\/schema.org\",\"@graph\":[{\"@type\":\"WebPage\",\"@id\":\"https:\/\/www.cheapdiscordboost.com\/de\/shop\/server-boosts\/discord-server-wird-um-3-monate-verlaengert\/\",\"url\":\"https:\/\/www.cheapdiscordboost.com\/de\/shop\/server-boosts\/discord-server-wird-um-3-monate-verlaengert\/\",\"name\":\"Discord Server wird um 3 Monate verl\u00e4ngert - G\u00fcnstiger Discord Boost\",\"isPartOf\":{\"@id\":\"https:\/\/www.cheapdiscordboost.com\/de\/#website\"},\"primaryImageOfPage\":{\"@id\":\"https:\/\/www.cheapdiscordboost.com\/de\/shop\/server-boosts\/discord-server-wird-um-3-monate-verlaengert\/#primaryimage\"},\"image\":{\"@id\":\"https:\/\/www.cheapdiscordboost.com\/de\/shop\/server-boosts\/discord-server-wird-um-3-monate-verlaengert\/#primaryimage\"},\"thumbnailUrl\":\"https:\/\/www.cheapdiscordboost.com\/wp-content\/uploads\/2023\/09\/cheap-server-boosts.png\",\"datePublished\":\"2023-09-23T12:20:03+00:00\",\"dateModified\":\"2024-03-16T16:41:51+00:00\",\"description\":\"Der Kauf von billigen Discord Server Boosts f\u00fcr 3 Monate bedeutet, dass einige Benutzer Ihrem Discord Server beitreten und Ihren Server mit dem von Ihnen gew\u00e4hlten Betrag boosten werden.\",\"breadcrumb\":{\"@id\":\"https:\/\/www.cheapdiscordboost.com\/de\/shop\/server-boosts\/discord-server-wird-um-3-monate-verlaengert\/#breadcrumb\"},\"inLanguage\":\"de\",\"potentialAction\":[{\"@type\":\"ReadAction\",\"target\":[\"https:\/\/www.cheapdiscordboost.com\/de\/shop\/server-boosts\/discord-server-wird-um-3-monate-verlaengert\/\"]}]},{\"@type\":\"ImageObject\",\"inLanguage\":\"de\",\"@id\":\"https:\/\/www.cheapdiscordboost.com\/de\/shop\/server-boosts\/discord-server-wird-um-3-monate-verlaengert\/#primaryimage\",\"url\":\"https:\/\/www.cheapdiscordboost.com\/wp-content\/uploads\/2023\/09\/cheap-server-boosts.png\",\"contentUrl\":\"https:\/\/www.cheapdiscordboost.com\/wp-content\/uploads\/2023\/09\/cheap-server-boosts.png\",\"width\":700,\"height\":638},{\"@type\":\"BreadcrumbList\",\"@id\":\"https:\/\/www.cheapdiscordboost.com\/de\/shop\/server-boosts\/discord-server-wird-um-3-monate-verlaengert\/#breadcrumb\",\"itemListElement\":[{\"@type\":\"ListItem\",\"position\":1,\"name\":\"Home\",\"item\":\"https:\/\/www.cheapdiscordboost.com\/de\/\"},{\"@type\":\"ListItem\",\"position\":2,\"name\":\"Shop\",\"item\":\"https:\/\/www.cheapdiscordboost.com\/shop\/\"},{\"@type\":\"ListItem\",\"position\":3,\"name\":\"Discord Server wird um 3 Monate verl\u00e4ngert\"}]},{\"@type\":\"WebSite\",\"@id\":\"https:\/\/www.cheapdiscordboost.com\/de\/#website\",\"url\":\"https:\/\/www.cheapdiscordboost.com\/de\/\",\"name\":\"Cheap Discord Boost - Be Smart Buying Cheaper Nitro\",\"description\":\"\",\"publisher\":{\"@id\":\"https:\/\/www.cheapdiscordboost.com\/de\/#organization\"},\"potentialAction\":[{\"@type\":\"SearchAction\",\"target\":{\"@type\":\"EntryPoint\",\"urlTemplate\":\"https:\/\/www.cheapdiscordboost.com\/de\/?s={search_term_string}\"},\"query-input\":{\"@type\":\"PropertyValueSpecification\",\"valueRequired\":true,\"valueName\":\"search_term_string\"}}],\"inLanguage\":\"de\"},{\"@type\":\"Organization\",\"@id\":\"https:\/\/www.cheapdiscordboost.com\/de\/#organization\",\"name\":\"Cheap Discord Boost - Be Smart Buying Cheaper Nitro\",\"url\":\"https:\/\/www.cheapdiscordboost.com\/de\/\",\"logo\":{\"@type\":\"ImageObject\",\"inLanguage\":\"de\",\"@id\":\"https:\/\/www.cheapdiscordboost.com\/de\/#\/schema\/logo\/image\/\",\"url\":\"https:\/\/www.cheapdiscordboost.com\/wp-content\/uploads\/2023\/09\/logo.png\",\"contentUrl\":\"https:\/\/www.cheapdiscordboost.com\/wp-content\/uploads\/2023\/09\/logo.png\",\"width\":439,\"height\":40,\"caption\":\"Cheap Discord Boost - Be Smart Buying Cheaper Nitro\"},\"image\":{\"@id\":\"https:\/\/www.cheapdiscordboost.com\/de\/#\/schema\/logo\/image\/\"}}]}<\/script>\n<!-- \/ Yoast SEO plugin. -->","yoast_head_json":{"title":"Discord Server wird um 3 Monate verl\u00e4ngert - G\u00fcnstiger Discord Boost","description":"Der Kauf von billigen Discord Server Boosts f\u00fcr 3 Monate bedeutet, dass einige Benutzer Ihrem Discord Server beitreten und Ihren Server mit dem von Ihnen gew\u00e4hlten Betrag boosten werden.","robots":{"index":"index","follow":"follow","max-snippet":"max-snippet:-1","max-image-preview":"max-image-preview:large","max-video-preview":"max-video-preview:-1"},"canonical":"https:\/\/www.cheapdiscordboost.com\/de\/shop\/server-boosts\/discord-server-wird-um-3-monate-verlaengert\/","og_locale":"de_DE","og_type":"article","og_title":"Discord Server wird um 3 Monate verl\u00e4ngert - G\u00fcnstiger Discord Boost","og_description":"Der Kauf von billigen Discord Server Boosts f\u00fcr 3 Monate bedeutet, dass einige Benutzer Ihrem Discord Server beitreten und Ihren Server mit dem von Ihnen gew\u00e4hlten Betrag boosten werden.","og_url":"https:\/\/www.cheapdiscordboost.com\/de\/shop\/server-boosts\/discord-server-wird-um-3-monate-verlaengert\/","og_site_name":"Cheap Discord Boost - Be Smart Buying Cheaper Nitro","article_modified_time":"2024-03-16T16:41:51+00:00","og_image":[{"width":700,"height":638,"url":"https:\/\/www.cheapdiscordboost.com\/wp-content\/uploads\/2023\/09\/cheap-server-boosts.png","type":"image\/png"}],"twitter_card":"summary_large_image","schema":{"@context":"https:\/\/schema.org","@graph":[{"@type":"WebPage","@id":"https:\/\/www.cheapdiscordboost.com\/de\/shop\/server-boosts\/discord-server-wird-um-3-monate-verlaengert\/","url":"https:\/\/www.cheapdiscordboost.com\/de\/shop\/server-boosts\/discord-server-wird-um-3-monate-verlaengert\/","name":"Discord Server wird um 3 Monate verl\u00e4ngert - G\u00fcnstiger Discord Boost","isPartOf":{"@id":"https:\/\/www.cheapdiscordboost.com\/de\/#website"},"primaryImageOfPage":{"@id":"https:\/\/www.cheapdiscordboost.com\/de\/shop\/server-boosts\/discord-server-wird-um-3-monate-verlaengert\/#primaryimage"},"image":{"@id":"https:\/\/www.cheapdiscordboost.com\/de\/shop\/server-boosts\/discord-server-wird-um-3-monate-verlaengert\/#primaryimage"},"thumbnailUrl":"https:\/\/www.cheapdiscordboost.com\/wp-content\/uploads\/2023\/09\/cheap-server-boosts.png","datePublished":"2023-09-23T12:20:03+00:00","dateModified":"2024-03-16T16:41:51+00:00","description":"Der Kauf von billigen Discord Server Boosts f\u00fcr 3 Monate bedeutet, dass einige Benutzer Ihrem Discord Server beitreten und Ihren Server mit dem von Ihnen gew\u00e4hlten Betrag boosten werden.","breadcrumb":{"@id":"https:\/\/www.cheapdiscordboost.com\/de\/shop\/server-boosts\/discord-server-wird-um-3-monate-verlaengert\/#breadcrumb"},"inLanguage":"de","potentialAction":[{"@type":"ReadAction","target":["https:\/\/www.cheapdiscordboost.com\/de\/shop\/server-boosts\/discord-server-wird-um-3-monate-verlaengert\/"]}]},{"@type":"ImageObject","inLanguage":"de","@id":"https:\/\/www.cheapdiscordboost.com\/de\/shop\/server-boosts\/discord-server-wird-um-3-monate-verlaengert\/#primaryimage","url":"https:\/\/www.cheapdiscordboost.com\/wp-content\/uploads\/2023\/09\/cheap-server-boosts.png","contentUrl":"https:\/\/www.cheapdiscordboost.com\/wp-content\/uploads\/2023\/09\/cheap-server-boosts.png","width":700,"height":638},{"@type":"BreadcrumbList","@id":"https:\/\/www.cheapdiscordboost.com\/de\/shop\/server-boosts\/discord-server-wird-um-3-monate-verlaengert\/#breadcrumb","itemListElement":[{"@type":"ListItem","position":1,"name":"Home","item":"https:\/\/www.cheapdiscordboost.com\/de\/"},{"@type":"ListItem","position":2,"name":"Shop","item":"https:\/\/www.cheapdiscordboost.com\/shop\/"},{"@type":"ListItem","position":3,"name":"Discord Server wird um 3 Monate verl\u00e4ngert"}]},{"@type":"WebSite","@id":"https:\/\/www.cheapdiscordboost.com\/de\/#website","url":"https:\/\/www.cheapdiscordboost.com\/de\/","name":"Cheap Discord Boost - Be Smart Buying Cheaper Nitro","description":"","publisher":{"@id":"https:\/\/www.cheapdiscordboost.com\/de\/#organization"},"potentialAction":[{"@type":"SearchAction","target":{"@type":"EntryPoint","urlTemplate":"https:\/\/www.cheapdiscordboost.com\/de\/?s={search_term_string}"},"query-input":{"@type":"PropertyValueSpecification","valueRequired":true,"valueName":"search_term_string"}}],"inLanguage":"de"},{"@type":"Organization","@id":"https:\/\/www.cheapdiscordboost.com\/de\/#organization","name":"Cheap Discord Boost - Be Smart Buying Cheaper Nitro","url":"https:\/\/www.cheapdiscordboost.com\/de\/","logo":{"@type":"ImageObject","inLanguage":"de","@id":"https:\/\/www.cheapdiscordboost.com\/de\/#\/schema\/logo\/image\/","url":"https:\/\/www.cheapdiscordboost.com\/wp-content\/uploads\/2023\/09\/logo.png","contentUrl":"https:\/\/www.cheapdiscordboost.com\/wp-content\/uploads\/2023\/09\/logo.png","width":439,"height":40,"caption":"Cheap Discord Boost - Be Smart Buying Cheaper Nitro"},"image":{"@id":"https:\/\/www.cheapdiscordboost.com\/de\/#\/schema\/logo\/image\/"}}]}},"_links":{"self":[{"href":"https:\/\/www.cheapdiscordboost.com\/de\/wp-json\/wp\/v2\/product\/4385","targetHints":{"allow":["GET"]}}],"collection":[{"href":"https:\/\/www.cheapdiscordboost.com\/de\/wp-json\/wp\/v2\/product"}],"about":[{"href":"https:\/\/www.cheapdiscordboost.com\/de\/wp-json\/wp\/v2\/types\/product"}],"version-history":[{"count":1,"href":"https:\/\/www.cheapdiscordboost.com\/de\/wp-json\/wp\/v2\/product\/4385\/revisions"}],"predecessor-version":[{"id":5041,"href":"https:\/\/www.cheapdiscordboost.com\/de\/wp-json\/wp\/v2\/product\/4385\/revisions\/5041"}],"wp:featuredmedia":[{"embeddable":true,"href":"https:\/\/www.cheapdiscordboost.com\/de\/wp-json\/wp\/v2\/media\/3732"}],"wp:attachment":[{"href":"https:\/\/www.cheapdiscordboost.com\/de\/wp-json\/wp\/v2\/media?parent=4385"}],"wp:term":[{"taxonomy":"product_brand","embeddable":true,"href":"https:\/\/www.cheapdiscordboost.com\/de\/wp-json\/wp\/v2\/product_brand?post=4385"},{"taxonomy":"product_cat","embeddable":true,"href":"https:\/\/www.cheapdiscordboost.com\/de\/wp-json\/wp\/v2\/product_cat?post=4385"},{"taxonomy":"product_tag","embeddable":true,"href":"https:\/\/www.cheapdiscordboost.com\/de\/wp-json\/wp\/v2\/product_tag?post=4385"}],"curies":[{"name":"wp","href":"https:\/\/api.w.org\/{rel}","templated":true}]}}